{"id":19171,"date":"2019-09-25T10:00:06","date_gmt":"2019-09-25T08:00:06","guid":{"rendered":"https:\/\/www.clinicabaviera.com\/blog\/?page_id=19171"},"modified":"2026-04-01T10:22:02","modified_gmt":"2026-04-01T09:22:02","slug":"bases-legales-sorteo-dorsales-edp-bilbao-night-marathon-facebook","status":"publish","type":"page","link":"https:\/\/www.clinicabaviera.com\/blog\/sorteo-malaga-entradas-10\/","title":{"rendered":"Bases legales sorteo dorsales EDP Bilbao Night Marathon Facebook"},"content":{"rendered":"<p>PROMOTOR<\/p>\n<p>CLINICA BAVIERA, S.A. (en adelante \u201cCLINICA BAVIERA\u201d), con CIF A-80240427, y con domicilio en Paseo de la Castellana 20, 28046 (Madrid), ha decidido poner en marcha la promoci\u00f3n \u201cSorteo Dorsales EDP Bilbao Night Marathon 2019\u201d en su perfil de Facebook.<\/p>\n<p>OBJETO DE LA PROMOCI\u00d3N<\/p>\n<p>CLINICA BAVIERA realiza una promoci\u00f3n dirigida a los fans de CLINICA BAVIERA en su perfil de Facebook https:\/\/www.facebook.com\/CLINICABAVIERA) con el fin de conseguir la fidelizaci\u00f3n de sus fans y premiar a dos (2) de ellos.<\/p>\n<p>La promoci\u00f3n consiste en un sorteo, en el que entrar\u00e1n aquellas personas que sigan el perfil de Baviera en Facebook y mencionen a 1 amigo en los comentarios de la foto publicada con motivo del sorteo.<\/p>\n<p>DURACI\u00d3N<\/p>\n<p>El per\u00edodo promocional est\u00e1 fijado para un per\u00edodo de DOS (2) D\u00cdAS a contar desde las 10:00 horas del mi\u00e9rcoles 25 de septiembre de 2019 hasta las 16:00 horas del jueves 26 de septiembre de 2019. El ganador se anunciar\u00e1 el jueves 26 de septiembre de 2019 en la red social mencionada.<\/p>\n<p>\u00c1MBITO TERRITORIAL<\/p>\n<p>La participaci\u00f3n en la promoci\u00f3n ser\u00e1 de \u00e1mbito nacional, y podr\u00e1n participar en ella todas las personas mayores de 18 a\u00f1os residentes en el territorio espa\u00f1ol que sean fans en Facebook de CLINICA BAVIERA.<\/p>\n<p>PREMIO<\/p>\n<p>Los dos (2) ganadores recibir\u00e1n dos (2) dorsales para participar en la EDP Bilbao Night Marathon en una de sus tres modalidades (42K, 21K y 10K), que se celebrar\u00e1 el s\u00e1bado 19 de octubre de 2019. Los dorsales tienen un valor m\u00e1ximo de 42 euros cada uno.<\/p>\n<p>Los ganadores tienen derecho a renunciar al premio ganado, pero no podr\u00e1n, en ning\u00fan caso, canjearlo por otro distinto ni cambiarlo por su importe en met\u00e1lico.<\/p>\n<p>Facebook no patrocina, ni avala, ni administra en modo alguno esta promoci\u00f3n, ni est\u00e1 asociado a ella. Cualquier pregunta, comentario o queja en relaci\u00f3n con la promoci\u00f3n deber\u00e1 remitirse a CLINICA BAVIERA no a Facebook.<\/p>\n<p>FUNCIONAMIENTO Y ENTREGA DEL PREMIO<\/p>\n<p>a) Para entrar en el sorteo, los participantes deber\u00e1n ser seguidores del perfil de Baviera en Facebook y dejar un comentario en la imagen publicada con motivo del sorteo, mencionando a una persona.<\/p>\n<p>b) Los ganadores ser\u00e1n escogidos por sorteo a trav\u00e9s de Easypromos.<\/p>\n<p>Cualquier comentario ofensivo u obsceno ser\u00e1 eliminado autom\u00e1ticamente, as\u00ed como el SPAM y fotograf\u00edas que hayan subido los participantes que sean indecorosas.<\/p>\n<p>Los ganadores ser\u00e1n contactados por medio de un post en el perfil de Facebook de Baviera para que, a trav\u00e9s de un mensaje privado, faciliten sus direcciones de correo electr\u00f3nico con el fin de enviarles las indicaciones para inscribirse en la carrera. Si transcurrido 1 d\u00eda desde la comunicaci\u00f3n de su condici\u00f3n de ganador por medio de un comentario en el post del sorteo, la organizaci\u00f3n no recibe confirmaci\u00f3n, o el ganador declina el premio, \u00e9ste pasar\u00e1 a uno de los suplentes. Si transcurrido 1 d\u00eda desde la notificaci\u00f3n, el suplente no confirma su premio o declina recibir el mismo, el premio quedar\u00e1 desierto.<\/p>\n<p><strong>\u00a0<\/strong>INFORMACI\u00d3N SOBRE EL TRATAMIENTO DE DATOS PERSONALES<\/p>\n<p>Los datos personales que suministre al participar en el concurso, ser\u00e1n tratados de forma confidencial por parte de Baviera S.A. con la finalidad de dar cumplimiento y gestionar de forma adecuada su participaci\u00f3n y entrega del Premio a los concursantes Ganadores.<\/p>\n<p>Sus datos ser\u00e1n publicados en las redes sociales (Facebook y Twitter) de Baviera, S.A. Facebook y Twitter son empresas estadounidenses adheridas al Escudo de Privacidad UE-EEUU: <a href=\"https:\/\/www.privacyshield.gov\/list\">https:\/\/www.privacyshield.gov\/list<\/a>.<\/p>\n<p>La base que legitima el tratamiento de sus datos es su consentimiento dado al participar en el concurso y es imprescindible para la gesti\u00f3n del mismo. Una vez hayan sido realizados todos los tr\u00e1mites necesarios para la finalizaci\u00f3n del concurso, los datos dejar\u00e1n de ser tratados para la gesti\u00f3n del mismo, si bien continuar\u00e1n siendo publicados en las redes sociales de Baviera, S.A. mientras no nos comunique su oposici\u00f3n a este tratamiento.<\/p>\n<p>Ud. puede ejercer sus derechos de acceso, rectificaci\u00f3n, supresi\u00f3n, oposici\u00f3n y decisiones individuales automatizadas, portabilidad, limitaci\u00f3n del tratamiento de sus datos dirigi\u00e9ndose al Departamento de Asesor\u00eda Jur\u00eddica de Baviera, S.A., sito en Paseo de la Castellana 20, 28046, Madrid o a <a href=\"mailto:datospersonales@grupobaviera.com\">datospersonales@grupobaviera.com<\/a>, acreditando debidamente su identidad y la Cl\u00ednica de procedencia. Ud. tiene derecho a presentar una reclamaci\u00f3n ante el Delegado de Protecci\u00f3n de Datos (DPD) de Baviera o ante la Agencia Espa\u00f1ola de Protecci\u00f3n de Datos (AEPD), si considera infringidos sus derechos.<\/p>\n<p>LIMITACI\u00d3N DE LA PARTICIPACI\u00d3N<\/p>\n<p>No podr\u00e1n participar en el sorteo los empleados de CLINICA BAVIERA o sus familiares de primer grado, ni cualquier empleado de las sociedades del Grupo Baviera o sus familiares de primer grado, ni tampoco cualquier otra empresa que preste servicios directos a estas compa\u00f1\u00edas o lo haya hecho en alg\u00fan momento de los tres meses anteriores a la fecha de inicio de la promoci\u00f3n.<\/p>\n<p>Asimismo tampoco podr\u00e1n participar en la promoci\u00f3n, las personas que como aut\u00f3nomos est\u00e9n trabajando para CLINICA BAVIERA, ni en cualquiera de las sociedades del Grupo Baviera.<\/p>\n<p>ACEPTACI\u00d3N<\/p>\n<p>La participaci\u00f3n en esta promoci\u00f3n implica la aceptaci\u00f3n de las presentes bases en su integridad.<\/p>\n<p>CLINICA BAVIERA se reserva el derecho a determinar y modificar a su conveniencia la fecha, el per\u00edodo promocional, a cancelar la promoci\u00f3n y a excluir del premio a aquella persona que estime que no re\u00fane los requisitos exigidos o que haya actuado de mala fe. Asimismo, se reserva el derecho a modificar las bases de esta promoci\u00f3n durante el desarrollo de la misma o de cambiar los premios por otros de valor equivalente. Independientemente de su exclusi\u00f3n, el organizador se reserva el derecho de emprender cualquier acci\u00f3n legal que considere adecuada contra los infractores de las bases legales.<\/p>\n<p>LEY APLICABLE<\/p>\n<p>Las presentes bases se regir\u00e1n por las leyes vigentes espa\u00f1olas.<br \/>\nLa cl\u00ednica y los participantes en la promoci\u00f3n se someten al fuero de los Juzgados y Tribunales de Madrid, con renuncia expresa a cualquier otro foro.<\/p>\n","protected":false},"excerpt":{"rendered":"<p>PROMOTOR CLINICA BAVIERA, S.A. (en adelante \u201cCLINICA BAVIERA\u201d), con CIF A-80240427, y con domicilio en Paseo de la Castellana 20, 28046 (Madrid), ha decidido poner en marcha la promoci\u00f3n \u201cSorteo Dorsales EDP Bilbao Night Marathon 2019\u201d en su perfil de Facebook. OBJETO DE LA PROMOCI\u00d3N CLINICA BAVIERA realiza una promoci\u00f3n dirigida a los fans de [&hellip;]<\/p>\n","protected":false},"author":1,"featured_media":0,"parent":0,"menu_order":0,"comment_status":"closed","ping_status":"closed","template":"","meta":{"jetpack_post_was_ever_published":false,"footnotes":""},"ppma_author":[2297],"class_list":["post-19171","page","type-page","status-publish","hentry"],"yoast_head":"<!-- This site is optimized with the Yoast SEO plugin v27.2 - https:\/\/yoast.com\/product\/yoast-seo-wordpress\/ -->\n<title>Bases legales sorteo dorsales EDP Bilbao Night Marathon Facebook - Blog de Baviera antes Cl\u00ednica Baviera<\/title>\n<meta name=\"robots\" content=\"index, follow, max-snippet:-1, max-image-preview:large, max-video-preview:-1\" \/>\n<link rel=\"canonical\" href=\"https:\/\/www.clinicabaviera.com\/blog\/sorteo-malaga-entradas-10\/\" \/>\n<meta property=\"og:locale\" content=\"es_ES\" \/>\n<meta property=\"og:type\" content=\"article\" \/>\n<meta property=\"og:title\" content=\"Bases legales sorteo dorsales EDP Bilbao Night Marathon Facebook - Blog de Baviera antes Cl\u00ednica Baviera\" \/>\n<meta property=\"og:description\" content=\"PROMOTOR CLINICA BAVIERA, S.A. (en adelante \u201cCLINICA BAVIERA\u201d), con CIF A-80240427, y con domicilio en Paseo de la Castellana 20, 28046 (Madrid), ha decidido poner en marcha la promoci\u00f3n \u201cSorteo Dorsales EDP Bilbao Night Marathon 2019\u201d en su perfil de Facebook. OBJETO DE LA PROMOCI\u00d3N CLINICA BAVIERA realiza una promoci\u00f3n dirigida a los fans de [&hellip;]\" \/>\n<meta property=\"og:url\" content=\"https:\/\/www.clinicabaviera.com\/blog\/sorteo-malaga-entradas-10\/\" \/>\n<meta property=\"og:site_name\" content=\"Blog de Baviera antes Cl\u00ednica Baviera\" \/>\n<meta property=\"article:publisher\" content=\"https:\/\/www.facebook.com\/CLINICABAVIERA\" \/>\n<meta property=\"article:modified_time\" content=\"2026-04-01T09:22:02+00:00\" \/>\n<meta property=\"og:image\" content=\"https:\/\/cdn.clinicabaviera.com\/blog\/wp-content\/uploads\/logo_baviera-e1360326751756.jpg\" \/>\n\t<meta property=\"og:image:width\" content=\"300\" \/>\n\t<meta property=\"og:image:height\" content=\"55\" \/>\n\t<meta property=\"og:image:type\" content=\"image\/jpeg\" \/>\n<meta name=\"twitter:card\" content=\"summary_large_image\" \/>\n<meta name=\"twitter:label1\" content=\"Tiempo de lectura\" \/>\n\t<meta name=\"twitter:data1\" content=\"5 minutos\" \/>\n<!-- \/ Yoast SEO plugin. -->","yoast_head_json":{"title":"Bases legales sorteo dorsales EDP Bilbao Night Marathon Facebook - Blog de Baviera antes Cl\u00ednica Baviera","robots":{"index":"index","follow":"follow","max-snippet":"max-snippet:-1","max-image-preview":"max-image-preview:large","max-video-preview":"max-video-preview:-1"},"canonical":"https:\/\/www.clinicabaviera.com\/blog\/sorteo-malaga-entradas-10\/","og_locale":"es_ES","og_type":"article","og_title":"Bases legales sorteo dorsales EDP Bilbao Night Marathon Facebook - Blog de Baviera antes Cl\u00ednica Baviera","og_description":"PROMOTOR CLINICA BAVIERA, S.A. (en adelante \u201cCLINICA BAVIERA\u201d), con CIF A-80240427, y con domicilio en Paseo de la Castellana 20, 28046 (Madrid), ha decidido poner en marcha la promoci\u00f3n \u201cSorteo Dorsales EDP Bilbao Night Marathon 2019\u201d en su perfil de Facebook. OBJETO DE LA PROMOCI\u00d3N CLINICA BAVIERA realiza una promoci\u00f3n dirigida a los fans de [&hellip;]","og_url":"https:\/\/www.clinicabaviera.com\/blog\/sorteo-malaga-entradas-10\/","og_site_name":"Blog de Baviera antes Cl\u00ednica Baviera","article_publisher":"https:\/\/www.facebook.com\/CLINICABAVIERA","article_modified_time":"2026-04-01T09:22:02+00:00","og_image":[{"width":300,"height":55,"url":"https:\/\/cdn.clinicabaviera.com\/blog\/wp-content\/uploads\/logo_baviera-e1360326751756.jpg","type":"image\/jpeg"}],"twitter_card":"summary_large_image","twitter_misc":{"Tiempo de lectura":"5 minutos"},"schema":{"@context":"https:\/\/schema.org","@graph":[{"@type":"WebPage","@id":"https:\/\/www.clinicabaviera.com\/blog\/sorteo-malaga-entradas-10\/","url":"https:\/\/www.clinicabaviera.com\/blog\/sorteo-malaga-entradas-10\/","name":"Bases legales sorteo dorsales EDP Bilbao Night Marathon Facebook - Blog de Baviera antes Cl\u00ednica Baviera","isPartOf":{"@id":"https:\/\/www.clinicabaviera.com\/blog\/#website"},"datePublished":"2019-09-25T08:00:06+00:00","dateModified":"2026-04-01T09:22:02+00:00","breadcrumb":{"@id":"https:\/\/www.clinicabaviera.com\/blog\/sorteo-malaga-entradas-10\/#breadcrumb"},"inLanguage":"es","potentialAction":[{"@type":"ReadAction","target":["https:\/\/www.clinicabaviera.com\/blog\/sorteo-malaga-entradas-10\/"]}]},{"@type":"BreadcrumbList","@id":"https:\/\/www.clinicabaviera.com\/blog\/sorteo-malaga-entradas-10\/#breadcrumb","itemListElement":[{"@type":"ListItem","position":1,"name":"Inicio","item":"https:\/\/www.clinicabaviera.com\/blog\/"},{"@type":"ListItem","position":2,"name":"Bases legales sorteo dorsales EDP Bilbao Night Marathon Facebook"}]},{"@type":"WebSite","@id":"https:\/\/www.clinicabaviera.com\/blog\/#website","url":"https:\/\/www.clinicabaviera.com\/blog\/","name":"Blog de Baviera antes Cl\u00ednica Baviera","description":"Informaci\u00f3n sobre la salud visual","publisher":{"@id":"https:\/\/www.clinicabaviera.com\/blog\/#organization"},"potentialAction":[{"@type":"SearchAction","target":{"@type":"EntryPoint","urlTemplate":"https:\/\/www.clinicabaviera.com\/blog\/?s={search_term_string}"},"query-input":{"@type":"PropertyValueSpecification","valueRequired":true,"valueName":"search_term_string"}}],"inLanguage":"es"},{"@type":"Organization","@id":"https:\/\/www.clinicabaviera.com\/blog\/#organization","name":"Blog de Baviera antes Cl\u00ednica Baviera","url":"https:\/\/www.clinicabaviera.com\/blog\/","logo":{"@type":"ImageObject","inLanguage":"es","@id":"https:\/\/www.clinicabaviera.com\/blog\/#\/schema\/logo\/image\/","url":"https:\/\/cdn.clinicabaviera.com\/blog\/wp-content\/uploads\/2021\/02\/logo.png","contentUrl":"https:\/\/cdn.clinicabaviera.com\/blog\/wp-content\/uploads\/2021\/02\/logo.png","width":526,"height":164,"caption":"Blog de Baviera antes Cl\u00ednica Baviera"},"image":{"@id":"https:\/\/www.clinicabaviera.com\/blog\/#\/schema\/logo\/image\/"},"sameAs":["https:\/\/www.facebook.com\/CLINICABAVIERA"]}]}},"jetpack_shortlink":"https:\/\/wp.me\/P3aNmD-4Zd","jetpack_sharing_enabled":true,"_links":{"self":[{"href":"https:\/\/www.clinicabaviera.com\/blog\/wp-json\/wp\/v2\/pages\/19171","targetHints":{"allow":["GET"]}}],"collection":[{"href":"https:\/\/www.clinicabaviera.com\/blog\/wp-json\/wp\/v2\/pages"}],"about":[{"href":"https:\/\/www.clinicabaviera.com\/blog\/wp-json\/wp\/v2\/types\/page"}],"author":[{"embeddable":true,"href":"https:\/\/www.clinicabaviera.com\/blog\/wp-json\/wp\/v2\/users\/1"}],"replies":[{"embeddable":true,"href":"https:\/\/www.clinicabaviera.com\/blog\/wp-json\/wp\/v2\/comments?post=19171"}],"version-history":[{"count":1,"href":"https:\/\/www.clinicabaviera.com\/blog\/wp-json\/wp\/v2\/pages\/19171\/revisions"}],"predecessor-version":[{"id":19172,"href":"https:\/\/www.clinicabaviera.com\/blog\/wp-json\/wp\/v2\/pages\/19171\/revisions\/19172"}],"wp:attachment":[{"href":"https:\/\/www.clinicabaviera.com\/blog\/wp-json\/wp\/v2\/media?parent=19171"}],"wp:term":[{"taxonomy":"author","embeddable":true,"href":"https:\/\/www.clinicabaviera.com\/blog\/wp-json\/wp\/v2\/ppma_author?post=19171"}],"curies":[{"name":"wp","href":"https:\/\/api.w.org\/{rel}","templated":true}]}}