{"id":20334,"date":"2020-01-17T11:26:57","date_gmt":"2020-01-17T09:26:57","guid":{"rendered":"https:\/\/www.clinicabaviera.com\/blog\/?page_id=20334"},"modified":"2026-04-06T12:04:09","modified_gmt":"2026-04-06T11:04:09","slug":"sorteo-deja-atras-tu-pasado","status":"publish","type":"page","link":"https:\/\/www.clinicabaviera.com\/blog\/sorteo-roi-madrid-11\/","title":{"rendered":"Sorteo Deja Atr\u00e1s tu Pasado"},"content":{"rendered":"<h2>PROMOTOR<\/h2>\n<p>CLINICA BAVIERA, S.A. (en adelante \u201cCLINICA BAVIERA\u201d), con CIF A-80240427, y con domicilio en Paseo de la Castellana 20, 28046 (Madrid), ha decidido poner en marcha la promoci\u00f3n \u201cSorteo Deja Atr\u00e1s tu Pasado\u201d en sus perfiles de Facebook e Instagram.<\/p>\n<h2>OBJETO DE LA PROMOCI\u00d3N<\/h2>\n<p>CLINICA BAVIERA realiza una promoci\u00f3n dirigida a los fans de CLINICA BAVIERA en sus perfiles de Facebook (<a href=\"https:\/\/www.facebook.com\/CLINICABAVIERA\/?ref=bookmarks\">https:\/\/www.facebook.com\/CLINICABAVIERA\/<\/a>) e Instagram (<a href=\"https:\/\/www.instagram.com\/clinica_baviera\/\">https:\/\/www.instagram.com\/clinica_baviera\/<\/a>) con el fin de conseguir la fidelizaci\u00f3n de aquellos.<\/p>\n<p>La promoci\u00f3n consiste en un sorteo de tres cheques regalo en el que se premiar\u00e1 a tres (3) participantes. Podr\u00e1n ser participantes todas aquellas personas que sigan el perfil de Baviera en Facebook y\/o en Instagram y suban a la plataforma Easypromos una fotograf\u00eda de cuando eran peque\u00f1os y llevaban gafas y una fotograf\u00eda actual.\u00a0 Adem\u00e1s, deber\u00e1n contar por qu\u00e9 decidieron operarse para decir adi\u00f3s a sus gafas o alguna an\u00e9cdota que les haya sucedido relacionada con la vista<\/p>\n<h2>DURACI\u00d3N<\/h2>\n<p>El per\u00edodo promocional est\u00e1 fijado para el periodo comprendido entre las 10:00 horas del lunes 10 de febrero de 2020 y las 10:00 horas del lunes 2 de marzo de 2020. Los ganadores se anunciar\u00e1n el lunes 2 de marzo de 2020 en la red social mencionada.<\/p>\n<h2>\u00c1MBITO TERRITORIAL<\/h2>\n<p>La participaci\u00f3n en la promoci\u00f3n ser\u00e1 de \u00e1mbito nacional, y podr\u00e1n participar en ella todas las personas mayores de 18 a\u00f1os residentes en el territorio espa\u00f1ol que sean fans en Facebook y\/o en Instagram de CLINICA BAVIERA.<\/p>\n<h2>PREMIO<\/h2>\n<p>Los tres (3) ganadores del sorteo recibir\u00e1n un cheque regalo de Amazon por valor de CINCUENTA euros (50\u20ac) cada uno.<\/p>\n<p>Los ganadores tienen derecho a renunciar al premio ganado, pero no podr\u00e1n, en ning\u00fan caso, canjearlo por otro distinto ni cambiarlo por su importe en met\u00e1lico.<\/p>\n<p>Facebook e Instagram no patrocinan, ni avalan, ni administran en modo alguno esta promoci\u00f3n, ni est\u00e1n asociados a ella. Cualquier pregunta, comentario o queja en relaci\u00f3n con la promoci\u00f3n deber\u00e1 remitirse a CLINICA BAVIERA no a Facebook o a Instagram.<\/p>\n<h2><strong> FUNCIONAMIENTO Y ENTREGA DEL PREMIO<\/strong><\/h2>\n<p>a) Para participar en el sorteo, los participantes deber\u00e1n ser seguidores del perfil de Baviera en Facebook y\/o en Instagram. Adem\u00e1s, deber\u00e1n subir a la plataforma Easypromos una fotograf\u00eda de cuando eran peque\u00f1os y llevaban gafas y una fotograf\u00eda actual. Por \u00faltimo, deber\u00e1n contar por qu\u00e9 decidieron operarse para decir adi\u00f3s a sus gafas o alguna an\u00e9cdota que les haya sucedido relacionada con la vista.<\/p>\n<p>b) Los ganadores ser\u00e1n escogidos de forma aleatoria por sorteo a trav\u00e9s de Easypromos. Adem\u00e1s se escoger\u00e1 de la misma forma a tres suplentes.<\/p>\n<p>Cualquier comentario ofensivo u obsceno ser\u00e1 eliminado autom\u00e1ticamente, as\u00ed como el SPAM y fotograf\u00edas que hayan subido los participantes que sean indecorosas.<\/p>\n<p>Los ganadores ser\u00e1n anunciados por medio de un post en los perfiles de Facebook e Instagram de Baviera. Posteriormente Baviera se pondr\u00e1 en contacto con los ganadores para solicitarles los datos necesarios para el env\u00edo del cheque regalo. Si transcurridas 24 horas desde la comunicaci\u00f3n de su condici\u00f3n de ganador, el premiado no contacta con Baviera o rechaza el premio, \u00e9ste ser\u00e1 entregado a uno de los suplentes aplic\u00e1ndose el mismo procedimiento antes descrito para la entrega del premio. Quedar\u00e1 desierto el sorteo si los premiados o los suplentes no contactaran con Baviera o rechazaran el premio.<\/p>\n<h2>INFORMACI\u00d3N SOBRE EL TRATAMIENTO DE DATOS PERSONALES<\/h2>\n<p>Los datos personales que suministre al participar en el sorteo ser\u00e1n tratados de forma confidencial por parte de Baviera S.A. con la finalidad de dar cumplimiento y gestionar de forma adecuada su participaci\u00f3n y entrega del Premio a los concursantes Ganadores.<\/p>\n<p>El nombre de usuario de los premiados ser\u00e1n publicados en el perfil de Facebook de Baviera, S.A. Facebook es una \u00a0empresa estadounidense adherida al Escudo de Privacidad UE-EEUU: <a href=\"https:\/\/www.privacyshield.gov\/list\">https:\/\/www.privacyshield.gov\/list<\/a>.<\/p>\n<p>La base que legitima el tratamiento de los datos de los participantes, con la \u00fanica finalidad de gestionar su participaci\u00f3n en el concurso, es la ejecuci\u00f3n de un contrato en el que el participante es parte. Una vez hayan sido realizados todos los tr\u00e1mites necesarios para la finalizaci\u00f3n del sorteo los datos dejar\u00e1n de ser tratados para la gesti\u00f3n del mismo, si bien los nombres de usuarios de los premiados permanecer\u00e1n publicados en el perfil de Facebook de Baviera, S.A. mientras que los premiados no comuniquen su oposici\u00f3n a este tratamiento.<\/p>\n<p>Ud. puede ejercer sus derechos de acceso, rectificaci\u00f3n, supresi\u00f3n, oposici\u00f3n y decisiones individuales automatizadas, portabilidad, limitaci\u00f3n del tratamiento de sus datos dirigi\u00e9ndose al Departamento de Asesor\u00eda Jur\u00eddica de Baviera, S.A., sito en Paseo de la Castellana 20, 28046, Madrid o a <a href=\"mailto:datospersonales@grupobaviera.com\">datospersonales@grupobaviera.com<\/a>, acreditando debidamente su identidad y la Cl\u00ednica de procedencia. Ud. tiene derecho a presentar una reclamaci\u00f3n ante el Delegado de Protecci\u00f3n de Datos (DPD) de Baviera o ante la Agencia Espa\u00f1ola de Protecci\u00f3n de Datos (AEPD), si considera infringidos sus derechos.<\/p>\n<h2>LIMITACI\u00d3N DE LA PARTICIPACI\u00d3N<\/h2>\n<p>No podr\u00e1n participar en el sorteo los empleados de CLINICA BAVIERA o sus familiares de primer grado, ni cualquier empleado de las sociedades del Grupo Baviera o sus familiares de primer grado, ni tampoco cualquier otra empresa que preste servicios directos a estas compa\u00f1\u00edas o lo haya hecho en alg\u00fan momento de los tres meses anteriores a la fecha de inicio de la promoci\u00f3n.<\/p>\n<p>Asimismo tampoco podr\u00e1n participar en la promoci\u00f3n, las personas que como aut\u00f3nomos est\u00e9n trabajando para CLINICA BAVIERA, ni en cualquiera de las sociedades del Grupo Baviera.<\/p>\n<h2>ACEPTACI\u00d3N<\/h2>\n<p>La participaci\u00f3n en esta promoci\u00f3n implica la aceptaci\u00f3n de las presentes bases en su integridad.<\/p>\n<p>CLINICA BAVIERA se reserva el derecho a determinar y modificar a su conveniencia la fecha, el per\u00edodo promocional, a cancelar la promoci\u00f3n y a excluir del premio a aquella persona que estime que no re\u00fane los requisitos exigidos o que haya actuado de mala fe. Asimismo, se reserva el derecho a modificar las bases de esta promoci\u00f3n durante el desarrollo de la misma o de cambiar los premios por otros de valor equivalente. Independientemente de su exclusi\u00f3n, el organizador se reserva el derecho de emprender cualquier acci\u00f3n legal que considere adecuada contra los infractores de las bases legales.<\/p>\n<h2>LEY APLICABLE<\/h2>\n<p>Las presentes bases se regir\u00e1n por las leyes vigentes espa\u00f1olas.\u00a0 La cl\u00ednica y los participantes en la promoci\u00f3n se someten al fuero de los Juzgados y Tribunales de Madrid, con renuncia expresa a cualquier otro foro.<\/p>\n<p>&nbsp;<\/p>\n","protected":false},"excerpt":{"rendered":"<p>PROMOTOR CLINICA BAVIERA, S.A. (en adelante \u201cCLINICA BAVIERA\u201d), con CIF A-80240427, y con domicilio en Paseo de la Castellana 20, 28046 (Madrid), ha decidido poner en marcha la promoci\u00f3n \u201cSorteo Deja Atr\u00e1s tu Pasado\u201d en sus perfiles de Facebook e Instagram. OBJETO DE LA PROMOCI\u00d3N CLINICA BAVIERA realiza una promoci\u00f3n dirigida a los fans de [&hellip;]<\/p>\n","protected":false},"author":1,"featured_media":0,"parent":0,"menu_order":0,"comment_status":"closed","ping_status":"closed","template":"","meta":{"jetpack_post_was_ever_published":false,"footnotes":""},"ppma_author":[2297],"class_list":["post-20334","page","type-page","status-publish","hentry"],"yoast_head":"<!-- This site is optimized with the Yoast SEO plugin v27.5 - https:\/\/yoast.com\/product\/yoast-seo-wordpress\/ -->\n<title>Sorteo Deja Atr\u00e1s tu Pasado - Blog de Baviera antes Cl\u00ednica Baviera<\/title>\n<meta name=\"description\" content=\"Bases legales Sorteo Deja atr\u00e1s tu Pasado.\" \/>\n<meta name=\"robots\" content=\"index, follow, max-snippet:-1, max-image-preview:large, max-video-preview:-1\" \/>\n<link rel=\"canonical\" href=\"https:\/\/www.clinicabaviera.com\/blog\/sorteo-roi-madrid-11\/\" \/>\n<meta property=\"og:locale\" content=\"es_ES\" \/>\n<meta property=\"og:type\" content=\"article\" \/>\n<meta property=\"og:title\" content=\"Sorteo Deja Atr\u00e1s tu Pasado - Blog de Baviera antes Cl\u00ednica Baviera\" \/>\n<meta property=\"og:description\" content=\"Bases legales Sorteo Deja atr\u00e1s tu Pasado.\" \/>\n<meta property=\"og:url\" content=\"https:\/\/www.clinicabaviera.com\/blog\/sorteo-roi-madrid-11\/\" \/>\n<meta property=\"og:site_name\" content=\"Blog de Baviera antes Cl\u00ednica Baviera\" \/>\n<meta property=\"article:publisher\" content=\"https:\/\/www.facebook.com\/CLINICABAVIERA\" \/>\n<meta property=\"article:modified_time\" content=\"2026-04-06T11:04:09+00:00\" \/>\n<meta property=\"og:image\" content=\"https:\/\/cdn.clinicabaviera.com\/blog\/wp-content\/uploads\/logo_baviera-e1360326751756.jpg\" \/>\n\t<meta property=\"og:image:width\" content=\"300\" \/>\n\t<meta property=\"og:image:height\" content=\"55\" \/>\n\t<meta property=\"og:image:type\" content=\"image\/jpeg\" \/>\n<meta name=\"twitter:card\" content=\"summary_large_image\" \/>\n<meta name=\"twitter:label1\" content=\"Tiempo de lectura\" \/>\n\t<meta name=\"twitter:data1\" content=\"5 minutos\" \/>\n<!-- \/ Yoast SEO plugin. -->","yoast_head_json":{"title":"Sorteo Deja Atr\u00e1s tu Pasado - Blog de Baviera antes Cl\u00ednica Baviera","description":"Bases legales Sorteo Deja atr\u00e1s tu Pasado.","robots":{"index":"index","follow":"follow","max-snippet":"max-snippet:-1","max-image-preview":"max-image-preview:large","max-video-preview":"max-video-preview:-1"},"canonical":"https:\/\/www.clinicabaviera.com\/blog\/sorteo-roi-madrid-11\/","og_locale":"es_ES","og_type":"article","og_title":"Sorteo Deja Atr\u00e1s tu Pasado - Blog de Baviera antes Cl\u00ednica Baviera","og_description":"Bases legales Sorteo Deja atr\u00e1s tu Pasado.","og_url":"https:\/\/www.clinicabaviera.com\/blog\/sorteo-roi-madrid-11\/","og_site_name":"Blog de Baviera antes Cl\u00ednica Baviera","article_publisher":"https:\/\/www.facebook.com\/CLINICABAVIERA","article_modified_time":"2026-04-06T11:04:09+00:00","og_image":[{"width":300,"height":55,"url":"https:\/\/cdn.clinicabaviera.com\/blog\/wp-content\/uploads\/logo_baviera-e1360326751756.jpg","type":"image\/jpeg"}],"twitter_card":"summary_large_image","twitter_misc":{"Tiempo de lectura":"5 minutos"},"schema":{"@context":"https:\/\/schema.org","@graph":[{"@type":"WebPage","@id":"https:\/\/www.clinicabaviera.com\/blog\/sorteo-roi-madrid-11\/","url":"https:\/\/www.clinicabaviera.com\/blog\/sorteo-roi-madrid-11\/","name":"Sorteo Deja Atr\u00e1s tu Pasado - Blog de Baviera antes Cl\u00ednica Baviera","isPartOf":{"@id":"https:\/\/www.clinicabaviera.com\/blog\/#website"},"datePublished":"2020-01-17T09:26:57+00:00","dateModified":"2026-04-06T11:04:09+00:00","description":"Bases legales Sorteo Deja atr\u00e1s tu Pasado.","breadcrumb":{"@id":"https:\/\/www.clinicabaviera.com\/blog\/sorteo-roi-madrid-11\/#breadcrumb"},"inLanguage":"es","potentialAction":[{"@type":"ReadAction","target":["https:\/\/www.clinicabaviera.com\/blog\/sorteo-roi-madrid-11\/"]}]},{"@type":"BreadcrumbList","@id":"https:\/\/www.clinicabaviera.com\/blog\/sorteo-roi-madrid-11\/#breadcrumb","itemListElement":[{"@type":"ListItem","position":1,"name":"Inicio","item":"https:\/\/www.clinicabaviera.com\/blog\/"},{"@type":"ListItem","position":2,"name":"Sorteo Deja Atr\u00e1s tu Pasado"}]},{"@type":"WebSite","@id":"https:\/\/www.clinicabaviera.com\/blog\/#website","url":"https:\/\/www.clinicabaviera.com\/blog\/","name":"Blog de Baviera antes Cl\u00ednica Baviera","description":"Informaci\u00f3n sobre la salud visual","publisher":{"@id":"https:\/\/www.clinicabaviera.com\/blog\/#organization"},"potentialAction":[{"@type":"SearchAction","target":{"@type":"EntryPoint","urlTemplate":"https:\/\/www.clinicabaviera.com\/blog\/?s={search_term_string}"},"query-input":{"@type":"PropertyValueSpecification","valueRequired":true,"valueName":"search_term_string"}}],"inLanguage":"es"},{"@type":"Organization","@id":"https:\/\/www.clinicabaviera.com\/blog\/#organization","name":"Blog de Baviera antes Cl\u00ednica Baviera","url":"https:\/\/www.clinicabaviera.com\/blog\/","logo":{"@type":"ImageObject","inLanguage":"es","@id":"https:\/\/www.clinicabaviera.com\/blog\/#\/schema\/logo\/image\/","url":"https:\/\/cdn.clinicabaviera.com\/blog\/wp-content\/uploads\/2021\/02\/logo.png","contentUrl":"https:\/\/cdn.clinicabaviera.com\/blog\/wp-content\/uploads\/2021\/02\/logo.png","width":526,"height":164,"caption":"Blog de Baviera antes Cl\u00ednica Baviera"},"image":{"@id":"https:\/\/www.clinicabaviera.com\/blog\/#\/schema\/logo\/image\/"},"sameAs":["https:\/\/www.facebook.com\/CLINICABAVIERA"]}]}},"jetpack_shortlink":"https:\/\/wp.me\/P3aNmD-5hY","jetpack_sharing_enabled":true,"_links":{"self":[{"href":"https:\/\/www.clinicabaviera.com\/blog\/wp-json\/wp\/v2\/pages\/20334","targetHints":{"allow":["GET"]}}],"collection":[{"href":"https:\/\/www.clinicabaviera.com\/blog\/wp-json\/wp\/v2\/pages"}],"about":[{"href":"https:\/\/www.clinicabaviera.com\/blog\/wp-json\/wp\/v2\/types\/page"}],"author":[{"embeddable":true,"href":"https:\/\/www.clinicabaviera.com\/blog\/wp-json\/wp\/v2\/users\/1"}],"replies":[{"embeddable":true,"href":"https:\/\/www.clinicabaviera.com\/blog\/wp-json\/wp\/v2\/comments?post=20334"}],"version-history":[{"count":3,"href":"https:\/\/www.clinicabaviera.com\/blog\/wp-json\/wp\/v2\/pages\/20334\/revisions"}],"predecessor-version":[{"id":21410,"href":"https:\/\/www.clinicabaviera.com\/blog\/wp-json\/wp\/v2\/pages\/20334\/revisions\/21410"}],"wp:attachment":[{"href":"https:\/\/www.clinicabaviera.com\/blog\/wp-json\/wp\/v2\/media?parent=20334"}],"wp:term":[{"taxonomy":"author","embeddable":true,"href":"https:\/\/www.clinicabaviera.com\/blog\/wp-json\/wp\/v2\/ppma_author?post=20334"}],"curies":[{"name":"wp","href":"https:\/\/api.w.org\/{rel}","templated":true}]}}