{"id":20499,"date":"2020-02-10T16:36:48","date_gmt":"2020-02-10T14:36:48","guid":{"rendered":"https:\/\/www.clinicabaviera.com\/blog\/?page_id=20499"},"modified":"2026-04-06T12:10:54","modified_gmt":"2026-04-06T11:10:54","slug":"sorteo-dorsales-peugeot-joaquin-oliva-mitja-marato-de-cambrils-2020","status":"publish","type":"page","link":"https:\/\/www.clinicabaviera.com\/blog\/sorteo-roi-madrid-15\/","title":{"rendered":"Sorteo dorsales Peugeot Joaquin Oliva Mitja Marat\u00f3 de Cambrils 2020"},"content":{"rendered":"<div id=\"ez-toc-container\" class=\"ez-toc-v2_0_82_2 ez-toc-wrap-center counter-hierarchy ez-toc-counter ez-toc-custom ez-toc-container-direction\">\n<div class=\"ez-toc-title-container\">\n<p class=\"ez-toc-title\" style=\"cursor:inherit\">\u00cdndice<\/p>\n<span class=\"ez-toc-title-toggle\"><\/span><\/div>\n<nav><ul class='ez-toc-list ez-toc-list-level-1 ' ><li class='ez-toc-page-1 ez-toc-heading-level-2'><a class=\"ez-toc-link ez-toc-heading-1\" href=\"https:\/\/www.clinicabaviera.com\/blog\/sorteo-roi-madrid-15\/#PROMOTOR\" >PROMOTOR<\/a><\/li><li class='ez-toc-page-1 ez-toc-heading-level-2'><a class=\"ez-toc-link ez-toc-heading-2\" href=\"https:\/\/www.clinicabaviera.com\/blog\/sorteo-roi-madrid-15\/#OBJETO_DE_LA_PROMOCION\" >OBJETO DE LA PROMOCI\u00d3N<\/a><\/li><li class='ez-toc-page-1 ez-toc-heading-level-2'><a class=\"ez-toc-link ez-toc-heading-3\" href=\"https:\/\/www.clinicabaviera.com\/blog\/sorteo-roi-madrid-15\/#DURACION\" >DURACI\u00d3N<\/a><\/li><li class='ez-toc-page-1 ez-toc-heading-level-2'><a class=\"ez-toc-link ez-toc-heading-4\" href=\"https:\/\/www.clinicabaviera.com\/blog\/sorteo-roi-madrid-15\/#AMBITO_TERRITORIAL\" >\u00c1MBITO TERRITORIAL<\/a><\/li><li class='ez-toc-page-1 ez-toc-heading-level-2'><a class=\"ez-toc-link ez-toc-heading-5\" href=\"https:\/\/www.clinicabaviera.com\/blog\/sorteo-roi-madrid-15\/#PREMIO\" >PREMIO<\/a><\/li><li class='ez-toc-page-1 ez-toc-heading-level-2'><a class=\"ez-toc-link ez-toc-heading-6\" href=\"https:\/\/www.clinicabaviera.com\/blog\/sorteo-roi-madrid-15\/#FUNCIONAMIENTO_Y_ENTREGA_DEL_PREMIO\" >FUNCIONAMIENTO Y ENTREGA DEL PREMIO<\/a><\/li><li class='ez-toc-page-1 ez-toc-heading-level-2'><a class=\"ez-toc-link ez-toc-heading-7\" href=\"https:\/\/www.clinicabaviera.com\/blog\/sorteo-roi-madrid-15\/#INFORMACION_SOBRE_EL_TRATAMIENTO_DE_DATOS_PERSONALES\" >INFORMACI\u00d3N SOBRE EL TRATAMIENTO DE DATOS PERSONALES<\/a><\/li><li class='ez-toc-page-1 ez-toc-heading-level-2'><a class=\"ez-toc-link ez-toc-heading-8\" href=\"https:\/\/www.clinicabaviera.com\/blog\/sorteo-roi-madrid-15\/#LIMITACION_DE_LA_PARTICIPACION\" >LIMITACI\u00d3N DE LA PARTICIPACI\u00d3N<\/a><\/li><li class='ez-toc-page-1 ez-toc-heading-level-2'><a class=\"ez-toc-link ez-toc-heading-9\" href=\"https:\/\/www.clinicabaviera.com\/blog\/sorteo-roi-madrid-15\/#ACEPTACION\" >ACEPTACI\u00d3N<\/a><\/li><li class='ez-toc-page-1 ez-toc-heading-level-2'><a class=\"ez-toc-link ez-toc-heading-10\" href=\"https:\/\/www.clinicabaviera.com\/blog\/sorteo-roi-madrid-15\/#LEY_APLICABLE\" >LEY APLICABLE<\/a><\/li><\/ul><\/nav><\/div>\n\n<p>&nbsp;<\/p>\n<h2><span class=\"ez-toc-section\" id=\"PROMOTOR\"><\/span>PROMOTOR<span class=\"ez-toc-section-end\"><\/span><\/h2>\n<p>CLINICA BAVIERA, S.A. (en adelante \u201cCLINICA BAVIERA\u201d), con CIF A-80240427, y con domicilio en Paseo de la Castellana 20, 28046 (Madrid), ha decidido poner en marcha la promoci\u00f3n \u201cSorteo dorsales Peugeot Joaquin Oliva Mitja Marat\u00f3 de Cambrils 2020\u201d en su perfil de Facebook.<\/p>\n<h2><span class=\"ez-toc-section\" id=\"OBJETO_DE_LA_PROMOCION\"><\/span>OBJETO DE LA PROMOCI\u00d3N<span class=\"ez-toc-section-end\"><\/span><\/h2>\n<p>CLINICA BAVIERA realiza una promoci\u00f3n dirigida a los fans de CLINICA BAVIERA en su perfil de Facebook (https:\/\/ <a href=\"https:\/\/www.facebook.com\/CLINICABAVIERA\">https:\/\/www.facebook.com\/CLINICABAVIERA<\/a>) con el fin de conseguir la fidelizaci\u00f3n de aquellos.<\/p>\n<p>La promoci\u00f3n consiste en un sorteo de varios dorsales para la carrera Peugeot Joaqui Oliva Mitja Marat\u00f3 de Cambrils 2020 en el que se premiar\u00e1 a tres (3) participantes. Podr\u00e1n ser participantes todas aquellas personas que sigan el perfil de Baviera en Facebook y dejen un comentario en la foto que se va a publicar con motivo del sorteo.<\/p>\n<h2><span class=\"ez-toc-section\" id=\"DURACION\"><\/span>DURACI\u00d3N<span class=\"ez-toc-section-end\"><\/span><\/h2>\n<p>El per\u00edodo promocional est\u00e1 fijado para el periodo comprendido entre las 10:00 horas del mi\u00e9rcoles 12 de febrero de 2020 hasta las 13:00 horas del mi\u00e9rcoles 19 de febrero de 2020. Los ganadores se anunciar\u00e1n el mi\u00e9rcoles 19 de febrero de 2020 en la red social mencionada.<\/p>\n<h2><span class=\"ez-toc-section\" id=\"AMBITO_TERRITORIAL\"><\/span>\u00c1MBITO TERRITORIAL<span class=\"ez-toc-section-end\"><\/span><\/h2>\n<p>La participaci\u00f3n en la promoci\u00f3n ser\u00e1 de \u00e1mbito nacional, y podr\u00e1n participar en ella todas las personas mayores de 18 a\u00f1os residentes en el territorio espa\u00f1ol que sean fans en Facebook de CLINICA BAVIERA.<\/p>\n<h2><span class=\"ez-toc-section\" id=\"PREMIO\"><\/span>PREMIO<span class=\"ez-toc-section-end\"><\/span><\/h2>\n<p>Cada uno de los tres ganadores del sorteo recibir\u00e1 dos dorsales para participar en la Mitja Marat\u00f3 de Cambrils en una de sus tres modalidades (21k, 10k y 5k) por valor de VEINTICUATRO CON CUARENTA euros cada dorsal (24,40\u20ac). Este acontecimiento deportivo tendr\u00e1 lugar en Cambrils el domingo d\u00eda 01 de marzo de 2020.<\/p>\n<p>Los ganadores tienen derecho a renunciar al premio ganado, pero no podr\u00e1n, en ning\u00fan caso, canjearlo por otro distinto ni cambiarlo por su importe en met\u00e1lico.<\/p>\n<p>Facebook no patrocina, ni avala, ni administra en modo alguno esta promoci\u00f3n, ni est\u00e1 asociado a ella. Cualquier pregunta, comentario o queja en relaci\u00f3n con la promoci\u00f3n deber\u00e1 remitirse a CLINICA BAVIERA no a Facebook.<\/p>\n<h2><span class=\"ez-toc-section\" id=\"FUNCIONAMIENTO_Y_ENTREGA_DEL_PREMIO\"><\/span>FUNCIONAMIENTO Y ENTREGA DEL PREMIO<span class=\"ez-toc-section-end\"><\/span><\/h2>\n<p>a) Para participar en el sorteo, los participantes deber\u00e1n ser seguidores del perfil de Baviera en Facebook y dejar un comentario en la imagen publicada con motivo del sorteo diciendo por qu\u00e9 quieren correr la Mitja Marat\u00f3 de Cambrils.<\/p>\n<p>b) Los ganadores ser\u00e1n escogidos de forma aleatoria por sorteo a trav\u00e9s de Easypromos. Adem\u00e1s se escoger\u00e1n de la misma forma a tres suplentes, uno por cada premiado.<\/p>\n<p>Cualquier comentario ofensivo u obsceno ser\u00e1 eliminado autom\u00e1ticamente, as\u00ed como el SPAM y fotograf\u00edas que hayan subido los participantes que sean indecorosas.<\/p>\n<p>Los ganadores ser\u00e1n anunciados por medio de un post en el perfil de Facebook de Baviera. Posteriormente y mediante un mensaje privado en Facebook\u00a0 los ganadores deber\u00e1n contactar y facilitar a Baviera los datos necesarios para el env\u00edo de los dorsales. Si transcurridas 24 horas desde la comunicaci\u00f3n de su condici\u00f3n de ganador el premiado no contacta en la forma antes dicha con Baviera o rechaza el premio, \u00e9ste ser\u00e1 entregado a uno de los suplentes aplic\u00e1ndose el mismo procedimiento antes descrito para la entrega del premio. Quedar\u00e1 desierto el sorteo si ninguno de los premiados y los suplentes contactaran con Baviera o rechazaran el premio.<\/p>\n<h2><span class=\"ez-toc-section\" id=\"INFORMACION_SOBRE_EL_TRATAMIENTO_DE_DATOS_PERSONALES\"><\/span>INFORMACI\u00d3N SOBRE EL TRATAMIENTO DE DATOS PERSONALES<span class=\"ez-toc-section-end\"><\/span><\/h2>\n<p>Los datos personales que suministre al participar en el sorteo ser\u00e1n tratados de forma confidencial por parte de Baviera S.A. con la finalidad de dar cumplimiento y gestionar de forma adecuada su participaci\u00f3n y entrega del Premio a los concursantes Ganadores.<\/p>\n<p>El nombre de usuario de los premiados ser\u00e1n publicados en el perfil de Facebook de Baviera, S.A. Facebook es una \u00a0empresa estadounidense adherida al Escudo de Privacidad UE-EEUU: <a href=\"https:\/\/www.privacyshield.gov\/list\">https:\/\/www.privacyshield.gov\/list<\/a>.<\/p>\n<p>La base que legitima el tratamiento de los datos de los participantes, con la \u00fanica finalidad de gestionar su participaci\u00f3n en el concurso, es la ejecuci\u00f3n de un contrato en el que el participante es parte. Una vez hayan sido realizados todos los tr\u00e1mites necesarios para la finalizaci\u00f3n del sorteo los datos dejar\u00e1n de ser tratados para la gesti\u00f3n del mismo, si bien los nombres de usuarios de los premiados permanecer\u00e1n publicados en el perfil de Facebook de Baviera, S.A. mientras que los premiados no comuniquen su oposici\u00f3n a este tratamiento.<\/p>\n<p>Ud. puede ejercer sus derechos de acceso, rectificaci\u00f3n, supresi\u00f3n, oposici\u00f3n y decisiones individuales automatizadas, portabilidad, limitaci\u00f3n del tratamiento de sus datos dirigi\u00e9ndose al Departamento de Asesor\u00eda Jur\u00eddica de Baviera, S.A., sito en Paseo de la Castellana 20, 28046, Madrid o a <a href=\"mailto:datospersonales@grupobaviera.com\">datospersonales@grupobaviera.com<\/a>, acreditando debidamente su identidad y la Cl\u00ednica de procedencia. Ud. tiene derecho a presentar una reclamaci\u00f3n ante el Delegado de Protecci\u00f3n de Datos (DPD) de Baviera o ante la Agencia Espa\u00f1ola de Protecci\u00f3n de Datos (AEPD), si considera infringidos sus derechos.<\/p>\n<h2><span class=\"ez-toc-section\" id=\"LIMITACION_DE_LA_PARTICIPACION\"><\/span>LIMITACI\u00d3N DE LA PARTICIPACI\u00d3N<span class=\"ez-toc-section-end\"><\/span><\/h2>\n<p>No podr\u00e1n participar en el sorteo los empleados de CLINICA BAVIERA o sus familiares de primer grado, ni cualquier empleado de las sociedades del Grupo Baviera o sus familiares de primer grado, ni tampoco cualquier otra empresa que preste servicios directos a estas compa\u00f1\u00edas o lo haya hecho en alg\u00fan momento de los tres meses anteriores a la fecha de inicio de la promoci\u00f3n.<\/p>\n<p>Asimismo tampoco podr\u00e1n participar en la promoci\u00f3n, las personas que como aut\u00f3nomos est\u00e9n trabajando para CLINICA BAVIERA, ni en cualquiera de las sociedades del Grupo Baviera.<\/p>\n<h2><span class=\"ez-toc-section\" id=\"ACEPTACION\"><\/span>ACEPTACI\u00d3N<span class=\"ez-toc-section-end\"><\/span><\/h2>\n<p>La participaci\u00f3n en esta promoci\u00f3n implica la aceptaci\u00f3n de las presentes bases en su integridad.<\/p>\n<p>CLINICA BAVIERA se reserva el derecho a determinar y modificar a su conveniencia la fecha, el per\u00edodo promocional, a cancelar la promoci\u00f3n y a excluir del premio a aquella persona que estime que no re\u00fane los requisitos exigidos o que haya actuado de mala fe. Asimismo, se reserva el derecho a modificar las bases de esta promoci\u00f3n durante el desarrollo de la misma o de cambiar los premios por otros de valor equivalente. Independientemente de su exclusi\u00f3n, el organizador se reserva el derecho de emprender cualquier acci\u00f3n legal que considere adecuada contra los infractores de las bases legales.<\/p>\n<h2><span class=\"ez-toc-section\" id=\"LEY_APLICABLE\"><\/span>LEY APLICABLE<span class=\"ez-toc-section-end\"><\/span><\/h2>\n<p>Las presentes bases se regir\u00e1n por las leyes vigentes espa\u00f1olas.<br \/>\nLa cl\u00ednica y los participantes en la promoci\u00f3n se someten al fuero de los Juzgados y Tribunales de Madrid, con renuncia expresa a cualquier otro foro.<\/p>\n<p>&nbsp;<\/p>\n","protected":false},"excerpt":{"rendered":"<p>&nbsp; PROMOTOR CLINICA BAVIERA, S.A. (en adelante \u201cCLINICA BAVIERA\u201d), con CIF A-80240427, y con domicilio en Paseo de la Castellana 20, 28046 (Madrid), ha decidido poner en marcha la promoci\u00f3n \u201cSorteo dorsales Peugeot Joaquin Oliva Mitja Marat\u00f3 de Cambrils 2020\u201d en su perfil de Facebook. OBJETO DE LA PROMOCI\u00d3N CLINICA BAVIERA realiza una promoci\u00f3n dirigida [&hellip;]<\/p>\n","protected":false},"author":1,"featured_media":0,"parent":0,"menu_order":0,"comment_status":"closed","ping_status":"closed","template":"","meta":{"jetpack_post_was_ever_published":false,"footnotes":""},"ppma_author":[2297],"class_list":["post-20499","page","type-page","status-publish","hentry"],"yoast_head":"<!-- This site is optimized with the Yoast SEO plugin v27.5 - https:\/\/yoast.com\/product\/yoast-seo-wordpress\/ -->\n<title>Sorteo dorsales Peugeot Joaquin Oliva Mitja Marat\u00f3 de Cambrils 2020 - Blog de Baviera antes Cl\u00ednica Baviera<\/title>\n<meta name=\"description\" content=\"Sorteo de dos dorsales doble para la Peugeot Joaquin Oliva Mitja Marat\u00f3 de Cambrils, que se celebrar\u00e1 el domingo 1 de marzo de 2020.\" \/>\n<meta name=\"robots\" content=\"index, follow, max-snippet:-1, max-image-preview:large, max-video-preview:-1\" \/>\n<link rel=\"canonical\" href=\"https:\/\/www.clinicabaviera.com\/blog\/sorteo-roi-madrid-15\/\" \/>\n<meta property=\"og:locale\" content=\"es_ES\" \/>\n<meta property=\"og:type\" content=\"article\" \/>\n<meta property=\"og:title\" content=\"Sorteo dorsales Peugeot Joaquin Oliva Mitja Marat\u00f3 de Cambrils 2020 - Blog de Baviera antes Cl\u00ednica Baviera\" \/>\n<meta property=\"og:description\" content=\"Sorteo de dos dorsales doble para la Peugeot Joaquin Oliva Mitja Marat\u00f3 de Cambrils, que se celebrar\u00e1 el domingo 1 de marzo de 2020.\" \/>\n<meta property=\"og:url\" content=\"https:\/\/www.clinicabaviera.com\/blog\/sorteo-roi-madrid-15\/\" \/>\n<meta property=\"og:site_name\" content=\"Blog de Baviera antes Cl\u00ednica Baviera\" \/>\n<meta property=\"article:publisher\" content=\"https:\/\/www.facebook.com\/CLINICABAVIERA\" \/>\n<meta property=\"article:modified_time\" content=\"2026-04-06T11:10:54+00:00\" \/>\n<meta property=\"og:image\" content=\"https:\/\/cdn.clinicabaviera.com\/blog\/wp-content\/uploads\/logo_baviera-e1360326751756.jpg\" \/>\n\t<meta property=\"og:image:width\" content=\"300\" \/>\n\t<meta property=\"og:image:height\" content=\"55\" \/>\n\t<meta property=\"og:image:type\" content=\"image\/jpeg\" \/>\n<meta name=\"twitter:card\" content=\"summary_large_image\" \/>\n<meta name=\"twitter:label1\" content=\"Tiempo de lectura\" \/>\n\t<meta name=\"twitter:data1\" content=\"5 minutos\" \/>\n<!-- \/ Yoast SEO plugin. -->","yoast_head_json":{"title":"Sorteo dorsales Peugeot Joaquin Oliva Mitja Marat\u00f3 de Cambrils 2020 - Blog de Baviera antes Cl\u00ednica Baviera","description":"Sorteo de dos dorsales doble para la Peugeot Joaquin Oliva Mitja Marat\u00f3 de Cambrils, que se celebrar\u00e1 el domingo 1 de marzo de 2020.","robots":{"index":"index","follow":"follow","max-snippet":"max-snippet:-1","max-image-preview":"max-image-preview:large","max-video-preview":"max-video-preview:-1"},"canonical":"https:\/\/www.clinicabaviera.com\/blog\/sorteo-roi-madrid-15\/","og_locale":"es_ES","og_type":"article","og_title":"Sorteo dorsales Peugeot Joaquin Oliva Mitja Marat\u00f3 de Cambrils 2020 - Blog de Baviera antes Cl\u00ednica Baviera","og_description":"Sorteo de dos dorsales doble para la Peugeot Joaquin Oliva Mitja Marat\u00f3 de Cambrils, que se celebrar\u00e1 el domingo 1 de marzo de 2020.","og_url":"https:\/\/www.clinicabaviera.com\/blog\/sorteo-roi-madrid-15\/","og_site_name":"Blog de Baviera antes Cl\u00ednica Baviera","article_publisher":"https:\/\/www.facebook.com\/CLINICABAVIERA","article_modified_time":"2026-04-06T11:10:54+00:00","og_image":[{"width":300,"height":55,"url":"https:\/\/cdn.clinicabaviera.com\/blog\/wp-content\/uploads\/logo_baviera-e1360326751756.jpg","type":"image\/jpeg"}],"twitter_card":"summary_large_image","twitter_misc":{"Tiempo de lectura":"5 minutos"},"schema":{"@context":"https:\/\/schema.org","@graph":[{"@type":"WebPage","@id":"https:\/\/www.clinicabaviera.com\/blog\/sorteo-roi-madrid-15\/","url":"https:\/\/www.clinicabaviera.com\/blog\/sorteo-roi-madrid-15\/","name":"Sorteo dorsales Peugeot Joaquin Oliva Mitja Marat\u00f3 de Cambrils 2020 - Blog de Baviera antes Cl\u00ednica Baviera","isPartOf":{"@id":"https:\/\/www.clinicabaviera.com\/blog\/#website"},"datePublished":"2020-02-10T14:36:48+00:00","dateModified":"2026-04-06T11:10:54+00:00","description":"Sorteo de dos dorsales doble para la Peugeot Joaquin Oliva Mitja Marat\u00f3 de Cambrils, que se celebrar\u00e1 el domingo 1 de marzo de 2020.","breadcrumb":{"@id":"https:\/\/www.clinicabaviera.com\/blog\/sorteo-roi-madrid-15\/#breadcrumb"},"inLanguage":"es","potentialAction":[{"@type":"ReadAction","target":["https:\/\/www.clinicabaviera.com\/blog\/sorteo-roi-madrid-15\/"]}]},{"@type":"BreadcrumbList","@id":"https:\/\/www.clinicabaviera.com\/blog\/sorteo-roi-madrid-15\/#breadcrumb","itemListElement":[{"@type":"ListItem","position":1,"name":"Inicio","item":"https:\/\/www.clinicabaviera.com\/blog\/"},{"@type":"ListItem","position":2,"name":"Sorteo dorsales Peugeot Joaquin Oliva Mitja Marat\u00f3 de Cambrils 2020"}]},{"@type":"WebSite","@id":"https:\/\/www.clinicabaviera.com\/blog\/#website","url":"https:\/\/www.clinicabaviera.com\/blog\/","name":"Blog de Baviera antes Cl\u00ednica Baviera","description":"Informaci\u00f3n sobre la salud visual","publisher":{"@id":"https:\/\/www.clinicabaviera.com\/blog\/#organization"},"potentialAction":[{"@type":"SearchAction","target":{"@type":"EntryPoint","urlTemplate":"https:\/\/www.clinicabaviera.com\/blog\/?s={search_term_string}"},"query-input":{"@type":"PropertyValueSpecification","valueRequired":true,"valueName":"search_term_string"}}],"inLanguage":"es"},{"@type":"Organization","@id":"https:\/\/www.clinicabaviera.com\/blog\/#organization","name":"Blog de Baviera antes Cl\u00ednica Baviera","url":"https:\/\/www.clinicabaviera.com\/blog\/","logo":{"@type":"ImageObject","inLanguage":"es","@id":"https:\/\/www.clinicabaviera.com\/blog\/#\/schema\/logo\/image\/","url":"https:\/\/cdn.clinicabaviera.com\/blog\/wp-content\/uploads\/2021\/02\/logo.png","contentUrl":"https:\/\/cdn.clinicabaviera.com\/blog\/wp-content\/uploads\/2021\/02\/logo.png","width":526,"height":164,"caption":"Blog de Baviera antes Cl\u00ednica Baviera"},"image":{"@id":"https:\/\/www.clinicabaviera.com\/blog\/#\/schema\/logo\/image\/"},"sameAs":["https:\/\/www.facebook.com\/CLINICABAVIERA"]}]}},"jetpack_shortlink":"https:\/\/wp.me\/P3aNmD-5kD","jetpack_sharing_enabled":true,"_links":{"self":[{"href":"https:\/\/www.clinicabaviera.com\/blog\/wp-json\/wp\/v2\/pages\/20499","targetHints":{"allow":["GET"]}}],"collection":[{"href":"https:\/\/www.clinicabaviera.com\/blog\/wp-json\/wp\/v2\/pages"}],"about":[{"href":"https:\/\/www.clinicabaviera.com\/blog\/wp-json\/wp\/v2\/types\/page"}],"author":[{"embeddable":true,"href":"https:\/\/www.clinicabaviera.com\/blog\/wp-json\/wp\/v2\/users\/1"}],"replies":[{"embeddable":true,"href":"https:\/\/www.clinicabaviera.com\/blog\/wp-json\/wp\/v2\/comments?post=20499"}],"version-history":[{"count":6,"href":"https:\/\/www.clinicabaviera.com\/blog\/wp-json\/wp\/v2\/pages\/20499\/revisions"}],"predecessor-version":[{"id":20545,"href":"https:\/\/www.clinicabaviera.com\/blog\/wp-json\/wp\/v2\/pages\/20499\/revisions\/20545"}],"wp:attachment":[{"href":"https:\/\/www.clinicabaviera.com\/blog\/wp-json\/wp\/v2\/media?parent=20499"}],"wp:term":[{"taxonomy":"author","embeddable":true,"href":"https:\/\/www.clinicabaviera.com\/blog\/wp-json\/wp\/v2\/ppma_author?post=20499"}],"curies":[{"name":"wp","href":"https:\/\/api.w.org\/{rel}","templated":true}]}}