{"id":30826,"date":"2022-07-19T14:22:10","date_gmt":"2022-07-19T12:22:10","guid":{"rendered":"https:\/\/www.clinicabaviera.com\/blog\/?page_id=30826"},"modified":"2026-04-01T10:17:18","modified_gmt":"2026-04-01T09:17:18","slug":"concurso-mario-vaquerizo","status":"publish","type":"page","link":"https:\/\/www.clinicabaviera.com\/blog\/concurso-mario-vaquerizo\/","title":{"rendered":"Concurso Mario Vaquerizo"},"content":{"rendered":"<p>Baviera patrocina CONCURSO MARIO VAQUERIZO<\/p>\n<p>BASES LEGALES<\/p>\n<div id=\"ez-toc-container\" class=\"ez-toc-v2_0_82_2 ez-toc-wrap-center counter-hierarchy ez-toc-counter ez-toc-custom ez-toc-container-direction\">\n<div class=\"ez-toc-title-container\">\n<p class=\"ez-toc-title\" style=\"cursor:inherit\">\u00cdndice<\/p>\n<span class=\"ez-toc-title-toggle\"><\/span><\/div>\n<nav><ul class='ez-toc-list ez-toc-list-level-1 ' ><li class='ez-toc-page-1 ez-toc-heading-level-2'><a class=\"ez-toc-link ez-toc-heading-1\" href=\"https:\/\/www.clinicabaviera.com\/blog\/concurso-mario-vaquerizo\/#Promotor\" >Promotor<\/a><\/li><li class='ez-toc-page-1 ez-toc-heading-level-2'><a class=\"ez-toc-link ez-toc-heading-2\" href=\"https:\/\/www.clinicabaviera.com\/blog\/concurso-mario-vaquerizo\/#Objeto_de_la_promocion\" >Objeto de la promoci\u00f3n<\/a><\/li><li class='ez-toc-page-1 ez-toc-heading-level-2'><a class=\"ez-toc-link ez-toc-heading-3\" href=\"https:\/\/www.clinicabaviera.com\/blog\/concurso-mario-vaquerizo\/#Duracion\" >Duraci\u00f3n<\/a><\/li><li class='ez-toc-page-1 ez-toc-heading-level-2'><a class=\"ez-toc-link ez-toc-heading-4\" href=\"https:\/\/www.clinicabaviera.com\/blog\/concurso-mario-vaquerizo\/#Ambito_territorial\" >\u00c1mbito territorial<\/a><\/li><li class='ez-toc-page-1 ez-toc-heading-level-2'><a class=\"ez-toc-link ez-toc-heading-5\" href=\"https:\/\/www.clinicabaviera.com\/blog\/concurso-mario-vaquerizo\/#Premio\" >Premio<\/a><\/li><li class='ez-toc-page-1 ez-toc-heading-level-2'><a class=\"ez-toc-link ez-toc-heading-6\" href=\"https:\/\/www.clinicabaviera.com\/blog\/concurso-mario-vaquerizo\/#Funcionamiento_y_entrega_del_premio\" >Funcionamiento y entrega del premio<\/a><\/li><li class='ez-toc-page-1 ez-toc-heading-level-2'><a class=\"ez-toc-link ez-toc-heading-7\" href=\"https:\/\/www.clinicabaviera.com\/blog\/concurso-mario-vaquerizo\/#Informacion_sobre_el_tratamiento_de_datos_personales\" >Informaci\u00f3n sobre el tratamiento de datos personales<\/a><\/li><li class='ez-toc-page-1 ez-toc-heading-level-2'><a class=\"ez-toc-link ez-toc-heading-8\" href=\"https:\/\/www.clinicabaviera.com\/blog\/concurso-mario-vaquerizo\/#Limitacion_de_la_participacion\" >Limitaci\u00f3n de la participaci\u00f3n<\/a><\/li><li class='ez-toc-page-1 ez-toc-heading-level-2'><a class=\"ez-toc-link ez-toc-heading-9\" href=\"https:\/\/www.clinicabaviera.com\/blog\/concurso-mario-vaquerizo\/#Aceptacion\" >Aceptaci\u00f3n<\/a><\/li><li class='ez-toc-page-1 ez-toc-heading-level-2'><a class=\"ez-toc-link ez-toc-heading-10\" href=\"https:\/\/www.clinicabaviera.com\/blog\/concurso-mario-vaquerizo\/#Ley_aplicable\" >Ley aplicable<\/a><\/li><\/ul><\/nav><\/div>\n\n<h2><span class=\"ez-toc-section\" id=\"Promotor\"><\/span>Promotor<span class=\"ez-toc-section-end\"><\/span><\/h2>\n<p>CLINICA BAVIERA, S.A. (en adelante \u201cCLINICA BAVIERA\u201d), con CIF A-80240427, y con domicilio en Paseo de la Castellana 20, 28046 (Madrid), ha decidido poner en marcha la promoci\u00f3n \u201cConcurso Mario Vaquerizo\u201d en sus perfiles de Instagram y Facebook.<\/p>\n<h2><span class=\"ez-toc-section\" id=\"Objeto_de_la_promocion\"><\/span>Objeto de la promoci\u00f3n<span class=\"ez-toc-section-end\"><\/span><\/h2>\n<p>CLINICA BAVIERA realiza una promoci\u00f3n dirigida a los fans de CLINICA BAVIERA en su perfil de Facebook (https:\/\/\u00a0<a href=\"https:\/\/www.facebook.com\/CLINICABAVIERA\">https:\/\/www.facebook.com\/CLINICABAVIERA<\/a>) y de Instagram (@clinica_baviera) con el fin de conseguir la fidelizaci\u00f3n de aquellos.<\/p>\n<p>La promoci\u00f3n consiste en un concurso para ganar una Experiencia Aventura de Ruralka para dos personas. En este concurso se premiar\u00e1 a UNA (1) persona.<\/p>\n<p>Podr\u00e1n ser participantes todas aquellas personas que sigan el perfil de Baviera en Facebook o en Instagram y dejen un comentario en algunas de las fotos que se va a publicar con motivo del concurso.<\/p>\n<h2><span class=\"ez-toc-section\" id=\"Duracion\"><\/span>Duraci\u00f3n<span class=\"ez-toc-section-end\"><\/span><\/h2>\n<p>El per\u00edodo promocional est\u00e1 fijado para el tiempo comprendido entre las 10:00 horas del martes 16 de agosto de 2022 y las 10:00 horas del lunes 22 de agosto de 2022. Los ganadores se anunciar\u00e1n el martes 22 de agosto de 2022 en las redes sociales mencionadas.<\/p>\n<h2><span class=\"ez-toc-section\" id=\"Ambito_territorial\"><\/span>\u00c1mbito territorial<span class=\"ez-toc-section-end\"><\/span><\/h2>\n<p>La participaci\u00f3n en la promoci\u00f3n ser\u00e1 de \u00e1mbito nacional, y podr\u00e1n participar en ella todas las personas mayores de 18 a\u00f1os residentes en el territorio espa\u00f1ol que sean fans en Facebook o Instagram de CLINICA BAVIERA.<\/p>\n<h2><span class=\"ez-toc-section\" id=\"Premio\"><\/span>Premio<span class=\"ez-toc-section-end\"><\/span><\/h2>\n<p>El ganador del concurso recibir\u00e1 una Experiencia Aventura de Ruralka para dos personas por valor de 210\u20ac.<\/p>\n<p>El ganador tiene derecho a renunciar al premio ganado, pero no podr\u00e1, en ning\u00fan caso, canjearlo por otro distinto ni cambiarlo por su importe en met\u00e1lico.<\/p>\n<p>Los gastos en que pudiera incurrir el ganador y sus acompa\u00f1antes para el disfrute del premio, tales como el transporte y\/o las comidas, correr\u00e1n en exclusiva de su cuenta.<\/p>\n<p>Facebook e Instagram no patrocinan, ni avalan, ni administran en modo alguno esta promoci\u00f3n, ni est\u00e1n asociados a ella. Cualquier pregunta, comentario o queja en relaci\u00f3n con la promoci\u00f3n deber\u00e1 remitirse a CLINICA BAVIERA no a Facebook o Instagram.<\/p>\n<h2><span class=\"ez-toc-section\" id=\"Funcionamiento_y_entrega_del_premio\"><\/span>Funcionamiento y entrega del premio<span class=\"ez-toc-section-end\"><\/span><\/h2>\n<ol>\n<li>Los participantes deber\u00e1n ser seguidores del perfil de Baviera en Facebook o en Instagram y dejar un comentario en alguna de las im\u00e1genes publicadas con motivo del concurso, etiquetando a la persona a la que invitar\u00edan a ir a la Experiencia Aventura y explicando por qu\u00e9 lo har\u00eda.<\/li>\n<li>El ganador ser\u00e1 escogido libremente por CL\u00cdNICA BAVIERA atendiendo a los siguientes criterios: cumplimiento de requisitos indicados en estas bases legales y originalidad a la hora de indicar por qu\u00e9 invitar\u00edan a su acompa\u00f1ante. La decisi\u00f3n ser\u00e1 p\u00fablica, inapelable y a total discrecionalidad de CL\u00cdNICA BAVIERA, que podr\u00e1 declarar total o parcialmente desierto el concurso. Adem\u00e1s, se escoger\u00e1 de la misma forma a tres suplentes.<\/li>\n<\/ol>\n<p>Cualquier comentario ofensivo u obsceno ser\u00e1 eliminado autom\u00e1ticamente, as\u00ed como el SPAM y fotograf\u00edas que hayan subido los participantes que sean indecorosas.<\/p>\n<p>El ganador ser\u00e1 anunciado por medio de un comentario en los posts de los perfiles de Facebook e Instagram de Baviera. Posteriormente y mediante un mensaje privado en Facebook o Instagram\u00a0el ganador deber\u00e1 contactar y facilitar a Baviera los datos necesarios para el env\u00edo del premio.<\/p>\n<p>Si transcurridas 24 horas desde la comunicaci\u00f3n de su condici\u00f3n de ganador el premiado no contacta en la forma antes dicha con Baviera o rechaza el premio, \u00e9ste ser\u00e1 entregado a uno de los suplentes aplic\u00e1ndose el mismo procedimiento antes descrito para la entrega del premio. Quedar\u00e1 desierto el concurso si el premiado y los suplentes contactaran con Baviera o rechazaran el premio.<\/p>\n<h2><span class=\"ez-toc-section\" id=\"Informacion_sobre_el_tratamiento_de_datos_personales\"><\/span>Informaci\u00f3n sobre el tratamiento de datos personales<span class=\"ez-toc-section-end\"><\/span><\/h2>\n<p>Los datos personales que suministren los participantes al participar en el concurso ser\u00e1n tratados de forma confidencial por parte de Baviera S.A. con la finalidad de dar cumplimiento y gestionar de forma adecuada su participaci\u00f3n y entrega del premio al concursante ganador.<\/p>\n<p>El nombre de usuario del premiado ser\u00e1 publicado en los perfiles de Facebook e Instagram de Baviera, S.A. Facebook e Instagram son empresas estadounidenses adheridas al Escudo de Privacidad UE-EEUU: <a href=\"https:\/\/www.privacyshield.gov\/list\">https:\/\/www.privacyshield.gov\/list<\/a>.<\/p>\n<p>La base que legitima el tratamiento de los datos de los participantes, con la \u00fanica finalidad de gestionar su participaci\u00f3n en el concurso, es la ejecuci\u00f3n de un contrato en el que el participante es parte. Una vez hayan sido realizados todos los tr\u00e1mites necesarios para la finalizaci\u00f3n del concurso los datos dejar\u00e1n de ser tratados para la gesti\u00f3n del mismo, si bien el nombre de usuario del premiado permanecer\u00e1 publicado en los perfiles de Facebook e Instagram de Baviera, S.A. mientras que el premiado no comunique su oposici\u00f3n a este tratamiento.<\/p>\n<p>Ud., como participante, puede ejercer sus derechos de acceso, rectificaci\u00f3n, supresi\u00f3n, oposici\u00f3n y decisiones individuales automatizadas, portabilidad, limitaci\u00f3n del tratamiento de sus datos dirigi\u00e9ndose al Departamento de Asesor\u00eda Jur\u00eddica de Baviera, S.A., sito en Paseo de la Castellana 20, 28046, Madrid o a <a href=\"mailto:datospersonales@grupobaviera.com\">datospersonales@grupobaviera.com<\/a>, acreditando debidamente su identidad. En todo caso, Ud. tiene derecho a presentar una reclamaci\u00f3n ante el Delegado de Protecci\u00f3n de Datos (DPD) de Baviera o ante la Agencia Espa\u00f1ola de Protecci\u00f3n de Datos (AEPD) si considera infringidos sus derechos.<\/p>\n<h2><span class=\"ez-toc-section\" id=\"Limitacion_de_la_participacion\"><\/span>Limitaci\u00f3n de la participaci\u00f3n<span class=\"ez-toc-section-end\"><\/span><\/h2>\n<p>No podr\u00e1n participar en el concurso los empleados de CLINICA BAVIERA o sus familiares de primer grado, ni cualquier empleado de las sociedades del Grupo Baviera o sus familiares de primer grado, ni tampoco cualquier otra empresa que preste servicios directos a estas compa\u00f1\u00edas o lo haya hecho en alg\u00fan momento de los tres meses anteriores a la fecha de inicio de la promoci\u00f3n.<\/p>\n<p>Asimismo tampoco podr\u00e1n participar en la promoci\u00f3n, las personas que como aut\u00f3nomos est\u00e9n trabajando para CLINICA BAVIERA, ni en cualquiera de las sociedades del Grupo Baviera.<\/p>\n<h2><span class=\"ez-toc-section\" id=\"Aceptacion\"><\/span>Aceptaci\u00f3n<span class=\"ez-toc-section-end\"><\/span><\/h2>\n<p>La participaci\u00f3n en esta promoci\u00f3n implica la aceptaci\u00f3n de las presentes bases en su integridad.<\/p>\n<p>CLINICA BAVIERA se reserva el derecho a determinar y modificar a su conveniencia la fecha, el per\u00edodo promocional, a cancelar la promoci\u00f3n y a excluir del premio a aquella persona que estime que no re\u00fane los requisitos exigidos o que haya actuado de mala fe. Asimismo, se reserva el derecho a modificar las bases de esta promoci\u00f3n durante el desarrollo de la misma o de cambiar los premios por otros de valor equivalente. Independientemente de su exclusi\u00f3n, el organizador se reserva el derecho de emprender cualquier acci\u00f3n legal que considere adecuada contra los infractores de las bases legales.<\/p>\n<h2><span class=\"ez-toc-section\" id=\"Ley_aplicable\"><\/span>Ley aplicable<span class=\"ez-toc-section-end\"><\/span><\/h2>\n<p>Las presentes bases se regir\u00e1n por las leyes vigentes espa\u00f1olas.<\/p>\n<p>La cl\u00ednica y los participantes en la promoci\u00f3n se someten al fuero de los Juzgados y Tribunales de Madrid, con renuncia expresa a cualquier otro foro.<\/p>\n","protected":false},"excerpt":{"rendered":"<p>Baviera patrocina CONCURSO MARIO VAQUERIZO BASES LEGALES Promotor CLINICA BAVIERA, S.A. (en adelante \u201cCLINICA BAVIERA\u201d), con CIF A-80240427, y con domicilio en Paseo de la Castellana 20, 28046 (Madrid), ha decidido poner en marcha la promoci\u00f3n \u201cConcurso Mario Vaquerizo\u201d en sus perfiles de Instagram y Facebook. Objeto de la promoci\u00f3n CLINICA BAVIERA realiza una promoci\u00f3n [&hellip;]<\/p>\n","protected":false},"author":30,"featured_media":0,"parent":0,"menu_order":0,"comment_status":"closed","ping_status":"closed","template":"","meta":{"jetpack_post_was_ever_published":false,"footnotes":""},"ppma_author":[2247],"class_list":["post-30826","page","type-page","status-publish","hentry"],"yoast_head":"<!-- This site is optimized with the Yoast SEO plugin v27.2 - https:\/\/yoast.com\/product\/yoast-seo-wordpress\/ -->\n<title>Concurso Mario Vaquerizo - Blog de Baviera antes Cl\u00ednica Baviera<\/title>\n<meta name=\"description\" content=\"Baviera promociona el concurso &quot;Mario Vaquerizo&quot; en el que puedes ganar una Experiencia Aventura Ruralka para ti y para otra persona.\" \/>\n<meta name=\"robots\" content=\"index, follow, max-snippet:-1, max-image-preview:large, max-video-preview:-1\" \/>\n<link rel=\"canonical\" href=\"https:\/\/www.clinicabaviera.com\/blog\/concurso-mario-vaquerizo\/\" \/>\n<meta property=\"og:locale\" content=\"es_ES\" \/>\n<meta property=\"og:type\" content=\"article\" \/>\n<meta property=\"og:title\" content=\"Concurso Mario Vaquerizo - Blog de Baviera antes Cl\u00ednica Baviera\" \/>\n<meta property=\"og:description\" content=\"Baviera promociona el concurso &quot;Mario Vaquerizo&quot; en el que puedes ganar una Experiencia Aventura Ruralka para ti y para otra persona.\" \/>\n<meta property=\"og:url\" content=\"https:\/\/www.clinicabaviera.com\/blog\/concurso-mario-vaquerizo\/\" \/>\n<meta property=\"og:site_name\" content=\"Blog de Baviera antes Cl\u00ednica Baviera\" \/>\n<meta property=\"article:publisher\" content=\"https:\/\/www.facebook.com\/CLINICABAVIERA\" \/>\n<meta property=\"article:modified_time\" content=\"2026-04-01T09:17:18+00:00\" \/>\n<meta property=\"og:image\" content=\"https:\/\/cdn.clinicabaviera.com\/blog\/wp-content\/uploads\/logo_baviera-e1360326751756.jpg\" \/>\n\t<meta property=\"og:image:width\" content=\"300\" \/>\n\t<meta property=\"og:image:height\" content=\"55\" \/>\n\t<meta property=\"og:image:type\" content=\"image\/jpeg\" \/>\n<meta name=\"twitter:card\" content=\"summary_large_image\" \/>\n<meta name=\"twitter:label1\" content=\"Tiempo de lectura\" \/>\n\t<meta name=\"twitter:data1\" content=\"6 minutos\" \/>\n<!-- \/ Yoast SEO plugin. -->","yoast_head_json":{"title":"Concurso Mario Vaquerizo - Blog de Baviera antes Cl\u00ednica Baviera","description":"Baviera promociona el concurso \"Mario Vaquerizo\" en el que puedes ganar una Experiencia Aventura Ruralka para ti y para otra persona.","robots":{"index":"index","follow":"follow","max-snippet":"max-snippet:-1","max-image-preview":"max-image-preview:large","max-video-preview":"max-video-preview:-1"},"canonical":"https:\/\/www.clinicabaviera.com\/blog\/concurso-mario-vaquerizo\/","og_locale":"es_ES","og_type":"article","og_title":"Concurso Mario Vaquerizo - Blog de Baviera antes Cl\u00ednica Baviera","og_description":"Baviera promociona el concurso \"Mario Vaquerizo\" en el que puedes ganar una Experiencia Aventura Ruralka para ti y para otra persona.","og_url":"https:\/\/www.clinicabaviera.com\/blog\/concurso-mario-vaquerizo\/","og_site_name":"Blog de Baviera antes Cl\u00ednica Baviera","article_publisher":"https:\/\/www.facebook.com\/CLINICABAVIERA","article_modified_time":"2026-04-01T09:17:18+00:00","og_image":[{"width":300,"height":55,"url":"https:\/\/cdn.clinicabaviera.com\/blog\/wp-content\/uploads\/logo_baviera-e1360326751756.jpg","type":"image\/jpeg"}],"twitter_card":"summary_large_image","twitter_misc":{"Tiempo de lectura":"6 minutos"},"schema":{"@context":"https:\/\/schema.org","@graph":[{"@type":"WebPage","@id":"https:\/\/www.clinicabaviera.com\/blog\/concurso-mario-vaquerizo\/","url":"https:\/\/www.clinicabaviera.com\/blog\/concurso-mario-vaquerizo\/","name":"Concurso Mario Vaquerizo - Blog de Baviera antes Cl\u00ednica Baviera","isPartOf":{"@id":"https:\/\/www.clinicabaviera.com\/blog\/#website"},"datePublished":"2022-07-19T12:22:10+00:00","dateModified":"2026-04-01T09:17:18+00:00","description":"Baviera promociona el concurso \"Mario Vaquerizo\" en el que puedes ganar una Experiencia Aventura Ruralka para ti y para otra persona.","breadcrumb":{"@id":"https:\/\/www.clinicabaviera.com\/blog\/concurso-mario-vaquerizo\/#breadcrumb"},"inLanguage":"es","potentialAction":[{"@type":"ReadAction","target":["https:\/\/www.clinicabaviera.com\/blog\/concurso-mario-vaquerizo\/"]}]},{"@type":"BreadcrumbList","@id":"https:\/\/www.clinicabaviera.com\/blog\/concurso-mario-vaquerizo\/#breadcrumb","itemListElement":[{"@type":"ListItem","position":1,"name":"Inicio","item":"https:\/\/www.clinicabaviera.com\/blog\/"},{"@type":"ListItem","position":2,"name":"Concurso Mario Vaquerizo"}]},{"@type":"WebSite","@id":"https:\/\/www.clinicabaviera.com\/blog\/#website","url":"https:\/\/www.clinicabaviera.com\/blog\/","name":"Blog de Baviera antes Cl\u00ednica Baviera","description":"Informaci\u00f3n sobre la salud visual","publisher":{"@id":"https:\/\/www.clinicabaviera.com\/blog\/#organization"},"potentialAction":[{"@type":"SearchAction","target":{"@type":"EntryPoint","urlTemplate":"https:\/\/www.clinicabaviera.com\/blog\/?s={search_term_string}"},"query-input":{"@type":"PropertyValueSpecification","valueRequired":true,"valueName":"search_term_string"}}],"inLanguage":"es"},{"@type":"Organization","@id":"https:\/\/www.clinicabaviera.com\/blog\/#organization","name":"Blog de Baviera antes Cl\u00ednica Baviera","url":"https:\/\/www.clinicabaviera.com\/blog\/","logo":{"@type":"ImageObject","inLanguage":"es","@id":"https:\/\/www.clinicabaviera.com\/blog\/#\/schema\/logo\/image\/","url":"https:\/\/cdn.clinicabaviera.com\/blog\/wp-content\/uploads\/2021\/02\/logo.png","contentUrl":"https:\/\/cdn.clinicabaviera.com\/blog\/wp-content\/uploads\/2021\/02\/logo.png","width":526,"height":164,"caption":"Blog de Baviera antes Cl\u00ednica Baviera"},"image":{"@id":"https:\/\/www.clinicabaviera.com\/blog\/#\/schema\/logo\/image\/"},"sameAs":["https:\/\/www.facebook.com\/CLINICABAVIERA"]}]}},"jetpack_shortlink":"https:\/\/wp.me\/P3aNmD-81c","jetpack_sharing_enabled":true,"_links":{"self":[{"href":"https:\/\/www.clinicabaviera.com\/blog\/wp-json\/wp\/v2\/pages\/30826","targetHints":{"allow":["GET"]}}],"collection":[{"href":"https:\/\/www.clinicabaviera.com\/blog\/wp-json\/wp\/v2\/pages"}],"about":[{"href":"https:\/\/www.clinicabaviera.com\/blog\/wp-json\/wp\/v2\/types\/page"}],"author":[{"embeddable":true,"href":"https:\/\/www.clinicabaviera.com\/blog\/wp-json\/wp\/v2\/users\/30"}],"replies":[{"embeddable":true,"href":"https:\/\/www.clinicabaviera.com\/blog\/wp-json\/wp\/v2\/comments?post=30826"}],"version-history":[{"count":2,"href":"https:\/\/www.clinicabaviera.com\/blog\/wp-json\/wp\/v2\/pages\/30826\/revisions"}],"predecessor-version":[{"id":30829,"href":"https:\/\/www.clinicabaviera.com\/blog\/wp-json\/wp\/v2\/pages\/30826\/revisions\/30829"}],"wp:attachment":[{"href":"https:\/\/www.clinicabaviera.com\/blog\/wp-json\/wp\/v2\/media?parent=30826"}],"wp:term":[{"taxonomy":"author","embeddable":true,"href":"https:\/\/www.clinicabaviera.com\/blog\/wp-json\/wp\/v2\/ppma_author?post=30826"}],"curies":[{"name":"wp","href":"https:\/\/api.w.org\/{rel}","templated":true}]}}