{"id":33776,"date":"2023-03-06T14:18:36","date_gmt":"2023-03-06T12:18:36","guid":{"rendered":"https:\/\/www.clinicabaviera.com\/blog\/?page_id=33776"},"modified":"2023-03-23T12:20:39","modified_gmt":"2023-03-23T10:20:39","slug":"cuentanos-tu-historia-bases-legales-del-concurso","status":"publish","type":"page","link":"https:\/\/www.clinicabaviera.com\/blog\/cuentanos-tu-historia-bases-legales-del-concurso\/","title":{"rendered":"Cu\u00e9ntanos tu historia &#8211; Bases Legales del concurso"},"content":{"rendered":"<p>CL\u00cdNICA BAVIERA PROMOCIONA:<\/p>\n<p>Concurso premio \u201cCU\u00c9NTANOS TU HISTORIA\u201d en ARAM\u00d3N \/ FORMIGAL 2023<\/p>\n<p>BASES LEGALES<\/p>\n<div id=\"ez-toc-container\" class=\"ez-toc-v2_0_82_2 ez-toc-wrap-center counter-hierarchy ez-toc-counter ez-toc-custom ez-toc-container-direction\">\n<div class=\"ez-toc-title-container\">\n<p class=\"ez-toc-title\" style=\"cursor:inherit\">\u00cdndice<\/p>\n<span class=\"ez-toc-title-toggle\"><\/span><\/div>\n<nav><ul class='ez-toc-list ez-toc-list-level-1 ' ><li class='ez-toc-page-1 ez-toc-heading-level-2'><a class=\"ez-toc-link ez-toc-heading-1\" href=\"https:\/\/www.clinicabaviera.com\/blog\/cuentanos-tu-historia-bases-legales-del-concurso\/#Promotor\" >Promotor<\/a><\/li><li class='ez-toc-page-1 ez-toc-heading-level-2'><a class=\"ez-toc-link ez-toc-heading-2\" href=\"https:\/\/www.clinicabaviera.com\/blog\/cuentanos-tu-historia-bases-legales-del-concurso\/#Objeto_de_la_promocion\" >Objeto de la promoci\u00f3n<\/a><\/li><li class='ez-toc-page-1 ez-toc-heading-level-2'><a class=\"ez-toc-link ez-toc-heading-3\" href=\"https:\/\/www.clinicabaviera.com\/blog\/cuentanos-tu-historia-bases-legales-del-concurso\/#Duracion\" >Duraci\u00f3n<\/a><\/li><li class='ez-toc-page-1 ez-toc-heading-level-2'><a class=\"ez-toc-link ez-toc-heading-4\" href=\"https:\/\/www.clinicabaviera.com\/blog\/cuentanos-tu-historia-bases-legales-del-concurso\/#Ambito_territorial\" >\u00c1mbito territorial<\/a><\/li><li class='ez-toc-page-1 ez-toc-heading-level-2'><a class=\"ez-toc-link ez-toc-heading-5\" href=\"https:\/\/www.clinicabaviera.com\/blog\/cuentanos-tu-historia-bases-legales-del-concurso\/#Premio\" >Premio<\/a><\/li><li class='ez-toc-page-1 ez-toc-heading-level-2'><a class=\"ez-toc-link ez-toc-heading-6\" href=\"https:\/\/www.clinicabaviera.com\/blog\/cuentanos-tu-historia-bases-legales-del-concurso\/#Funcionamiento_y_entrega_del_premio\" >Funcionamiento y entrega del premio<\/a><\/li><li class='ez-toc-page-1 ez-toc-heading-level-2'><a class=\"ez-toc-link ez-toc-heading-7\" href=\"https:\/\/www.clinicabaviera.com\/blog\/cuentanos-tu-historia-bases-legales-del-concurso\/#Informacion_sobre_el_tratamiento_de_datos_personales\" >Informaci\u00f3n sobre el tratamiento de datos personales<\/a><\/li><li class='ez-toc-page-1 ez-toc-heading-level-2'><a class=\"ez-toc-link ez-toc-heading-8\" href=\"https:\/\/www.clinicabaviera.com\/blog\/cuentanos-tu-historia-bases-legales-del-concurso\/#Limitacion_de_la_participacion\" >Limitaci\u00f3n de la participaci\u00f3n<\/a><\/li><li class='ez-toc-page-1 ez-toc-heading-level-2'><a class=\"ez-toc-link ez-toc-heading-9\" href=\"https:\/\/www.clinicabaviera.com\/blog\/cuentanos-tu-historia-bases-legales-del-concurso\/#Aceptacion\" >Aceptaci\u00f3n<\/a><\/li><li class='ez-toc-page-1 ez-toc-heading-level-2'><a class=\"ez-toc-link ez-toc-heading-10\" href=\"https:\/\/www.clinicabaviera.com\/blog\/cuentanos-tu-historia-bases-legales-del-concurso\/#Ley_aplicable\" >Ley aplicable<\/a><\/li><\/ul><\/nav><\/div>\n\n<h2><span class=\"ez-toc-section\" id=\"Promotor\"><\/span>Promotor<span class=\"ez-toc-section-end\"><\/span><\/h2>\n<p>CLINICA BAVIERA, S.A. (en adelante \u201cCLINICA BAVIERA\u201d), con CIF A-80240427, y con domicilio en Paseo de la Castellana 20, 28046 (Madrid), ha decidido poner en marcha la promoci\u00f3n del Concurso premio \u201cCu\u00e9ntanos tu historia\u201d en Aram\u00f3n Formigal 2023 en el perfil de Instagram de Baviera (@clinica_baviera).<\/p>\n<h2><span class=\"ez-toc-section\" id=\"Objeto_de_la_promocion\"><\/span>Objeto de la promoci\u00f3n<span class=\"ez-toc-section-end\"><\/span><\/h2>\n<p>CLINICA BAVIERA realiza una promoci\u00f3n dirigida a todas aquellas personas que participen en la actividad que tendr\u00e1 lugar el s\u00e1bado 25 de marzo de 2023 de 11 a 17 horas en el stand que CLINICA BAVIERA tendr\u00e1 colocado en la estaci\u00f3n de Aram\u00f3n Formigal-Panticosa, ubicada en Sallent de G\u00e1llego (Huesca).<\/p>\n<p>La promoci\u00f3n consiste en un concurso en el que se premiar\u00e1 a un (1) participante con un fin de semana de esqu\u00ed para 5 personas (el ganador y 4 acompa\u00f1antes)<\/p>\n<p>Podr\u00e1n ser participantes todas aquellas personas que participen en la actividad celebrada por CLINICA BAVIERA el s\u00e1bado 25 de marzo de 2023 de 11 a 17 horas y que cumplan con los criterios indicados a continuaci\u00f3n.<\/p>\n<h2><span class=\"ez-toc-section\" id=\"Duracion\"><\/span>Duraci\u00f3n<span class=\"ez-toc-section-end\"><\/span><\/h2>\n<p>El per\u00edodo promocional est\u00e1 fijado para el periodo de tiempo comprendido entre las 11:00 horas y las 17:00 horas del s\u00e1bado 25 de marzo de 2023. Los ganadores se anunciar\u00e1n el lunes 27 de marzo de 2023 entre las 12:00 horas y las 13:00 horas en el perfil de Instagram de Baviera (@clinica_baviera).<\/p>\n<h2><span class=\"ez-toc-section\" id=\"Ambito_territorial\"><\/span>\u00c1mbito territorial<span class=\"ez-toc-section-end\"><\/span><\/h2>\n<p>La participaci\u00f3n en la promoci\u00f3n ser\u00e1 de \u00e1mbito nacional, y podr\u00e1n participar en ella todas las personas mayores de 18 a\u00f1os residentes en el territorio espa\u00f1ol.<\/p>\n<h2><span class=\"ez-toc-section\" id=\"Premio\"><\/span>Premio<span class=\"ez-toc-section-end\"><\/span><\/h2>\n<p>El ganador del concurso recibir\u00e1 un fin de semana de esqu\u00ed para cinco (5) personas (el ganador y 4 acompa\u00f1antes).<\/p>\n<p>Ese fin de semana de esqu\u00ed incluye <strong>10 c\u00f3digos para canjear por 10 forfaits de un d\u00eda canjeables para la temporada 2022-2023 o para la temporada 2023-204 <\/strong>para que esas 5 personas esqu\u00eden dos d\u00edas gratis por un valor de 500 euros.<\/p>\n<ul>\n<li>Los forfaits ser\u00e1n v\u00e1lidos para cualquiera de las 4 estaciones del grupo Aram\u00f3n (Formigal-Panticosa, Cerler, Valdelinares y Javalambre).<\/li>\n<li>En dichos forfaits no est\u00e1 incluida la asistencia sanitaria ni la tarjeta monedero para recargar los forfaits. Debiendo el ganador y sus acompa\u00f1antes asumir el coste de adquisici\u00f3n, en caso de no disponer de dicha tarjeta.<\/li>\n<li>El ganador tiene derecho a renunciar al premio ganado, pero no podr\u00e1, en ning\u00fan caso, canjearlo por otro distinto ni cambiarlo por su importe en met\u00e1lico.<\/li>\n<\/ul>\n<h2><span class=\"ez-toc-section\" id=\"Funcionamiento_y_entrega_del_premio\"><\/span><strong> Funcionamiento y entrega del premio<\/strong><span class=\"ez-toc-section-end\"><\/span><\/h2>\n<p>Los participantes deber\u00e1n:<\/p>\n<ul>\n<li>Entrar en el stand que CLINICA BAVIERA tendr\u00e1 en la estaci\u00f3n de Aram\u00f3n Formigal-Panticosa a lo largo de la jornada del 25 de marzo.<\/li>\n<li>Contar en un v\u00eddeo la mejor an\u00e9cdota que hayan visto sus ojos durante una escapada a la nieve.<\/li>\n<li>@formigalpanticosaaramon).<\/li>\n<li>Esa misma publicaci\u00f3n debe incluir el hashtag #visionnivelexperto.<\/li>\n<li>Ese contenido debe permanecer publicado durante 24h.<\/li>\n<li>El participante tambi\u00e9n debe seguir en Instagram los perfiles de las dos compa\u00f1\u00edas anteriormente mencionadas (Baviera y Formigal Panticosa Aram\u00f3n).<\/li>\n<\/ul>\n<p>Los ganadores ser\u00e1n escogidos libremente por CL\u00cdNICA BAVIERA atendiendo a los siguientes criterios:<\/p>\n<ul>\n<li>Cumplimiento de requisitos indicados en estas bases legales.<\/li>\n<li>Originalidad de la an\u00e9cdota contada.<\/li>\n<\/ul>\n<p>La decisi\u00f3n ser\u00e1 p\u00fablica, inapelable y a total discrecionalidad de CL\u00cdNICA BAVIERA, que podr\u00e1 declarar total o parcialmente desierto el concurso.<\/p>\n<p>Adem\u00e1s, se escoger\u00e1 de la misma forma a dos suplentes.<\/p>\n<p>El ganador ser\u00e1 anunciado el d\u00eda indicado a trav\u00e9s de un Instagram Story en el perfil de Instagram de CLINICA BAVIERA. Posteriormente, y mediante un mensaje privado en Instagram,\u00a0el ganador deber\u00e1 contactar y facilitar a Baviera los datos necesarios para la entrega del premio.<\/p>\n<p>Si transcurridas 24 horas desde la comunicaci\u00f3n de su condici\u00f3n de ganador el premiado no contacta en la forma antes dicha con CLINICA BAVIERA o rechaza el premio, \u00e9ste ser\u00e1 entregado a uno de los suplentes aplic\u00e1ndose el mismo procedimiento antes descrito para la entrega del premio.<\/p>\n<p>Quedar\u00e1 desierto el concurso si el premiado y los suplentes no contactaran con Baviera o rechazaran el premio.<\/p>\n<p>Instagram no patrocina, ni avala, ni administra en modo alguno esta promoci\u00f3n, ni est\u00e1 asociado a ella. Cualquier pregunta, comentario o queja en relaci\u00f3n con la promoci\u00f3n deber\u00e1 remitirse a CLINICA BAVIERA no a Instagram.<\/p>\n<h2><span class=\"ez-toc-section\" id=\"Informacion_sobre_el_tratamiento_de_datos_personales\"><\/span>Informaci\u00f3n sobre el tratamiento de datos personales<span class=\"ez-toc-section-end\"><\/span><\/h2>\n<p>Los datos personales que suministren los participantes al participar en el concurso ser\u00e1n tratados de forma confidencial por parte de Baviera S.A. con la finalidad de dar cumplimiento y gestionar de forma adecuada su participaci\u00f3n y entrega del premio al concursante ganador.<\/p>\n<p>El nombre de usuario del premiado ser\u00e1 publicado en el perfil de Instagram de Baviera, S.A. Instagram es una empresa estadounidense, puede consultar la pol\u00edtica de privacidad de Instagram a trav\u00e9s del siguiente enlace\u00a0 <a href=\"https:\/\/privacycenter.instagram.com\/policy\/?entry_point=ig_help_center_data_policy_redirect\">https:\/\/privacycenter.instagram.com\/policy\/?entry_point=ig_help_center_data_policy_redirect<\/a>.<\/p>\n<p>La base que legitima el tratamiento de los datos de los participantes, con la \u00fanica finalidad de gestionar su participaci\u00f3n en el concurso, es la ejecuci\u00f3n de un contrato en el que el participante es parte. Una vez hayan sido realizados todos los tr\u00e1mites necesarios para la finalizaci\u00f3n del concurso los datos dejar\u00e1n de ser tratados para la gesti\u00f3n del mismo, si bien los nombres de usuario de los premiados permanecer\u00e1n publicados en el perfil de Instagram de Baviera, S.A. mientras que los premiados no comuniquen su oposici\u00f3n a este tratamiento.<\/p>\n<p>Ud., como participante, puede ejercer sus derechos de acceso, rectificaci\u00f3n, supresi\u00f3n, oposici\u00f3n y decisiones individuales automatizadas, portabilidad, limitaci\u00f3n del tratamiento de sus datos dirigi\u00e9ndose al Departamento de Asesor\u00eda Jur\u00eddica de Baviera, S.A., sito en Paseo de la Castellana 20, 28046, Madrid o a <a href=\"mailto:datospersonales@grupobaviera.com\">datospersonales@grupobaviera.com<\/a>, acreditando debidamente su identidad. En todo caso, Ud. tiene derecho a presentar una reclamaci\u00f3n ante el Delegado de Protecci\u00f3n de Datos (DPD) de Baviera o ante la Agencia Espa\u00f1ola de Protecci\u00f3n de Datos (AEPD) si considera infringidos sus derechos.<\/p>\n<h2><span class=\"ez-toc-section\" id=\"Limitacion_de_la_participacion\"><\/span>Limitaci\u00f3n de la participaci\u00f3n<span class=\"ez-toc-section-end\"><\/span><\/h2>\n<p>No podr\u00e1n participar en el concurso los empleados de CLINICA BAVIERA o sus familiares de primer grado, ni cualquier empleado de las sociedades del Grupo Baviera o sus familiares de primer grado, ni tampoco cualquier otra empresa que preste servicios directos a estas compa\u00f1\u00edas o lo haya hecho en alg\u00fan momento de los tres meses anteriores a la fecha de inicio de la promoci\u00f3n.<\/p>\n<p>Asimismo tampoco podr\u00e1n participar en la promoci\u00f3n, las personas que como aut\u00f3nomos est\u00e9n trabajando para CLINICA BAVIERA, ni en cualquiera de las sociedades del Grupo Baviera.<\/p>\n<h2><span class=\"ez-toc-section\" id=\"Aceptacion\"><\/span>Aceptaci\u00f3n<span class=\"ez-toc-section-end\"><\/span><\/h2>\n<p>La participaci\u00f3n en esta promoci\u00f3n implica la aceptaci\u00f3n de las presentes bases en su integridad.<\/p>\n<p>CLINICA BAVIERA se reserva el derecho a determinar y modificar a su conveniencia la fecha, el per\u00edodo promocional, a cancelar la promoci\u00f3n y a excluir del premio a aquella persona que estime que no re\u00fane los requisitos exigidos o que haya actuado de mala fe. Asimismo, se reserva el derecho a modificar las bases de esta promoci\u00f3n durante el desarrollo de la misma o de cambiar los premios por otros de valor equivalente. Independientemente de su exclusi\u00f3n, el organizador se reserva el derecho de emprender cualquier acci\u00f3n legal que considere adecuada contra los infractores de las bases legales.<\/p>\n<h2><span class=\"ez-toc-section\" id=\"Ley_aplicable\"><\/span>Ley aplicable<span class=\"ez-toc-section-end\"><\/span><\/h2>\n<p>Las presentes bases se regir\u00e1n por las leyes vigentes espa\u00f1olas.<\/p>\n<p>La cl\u00ednica y los participantes en la promoci\u00f3n se someten al fuero de los Juzgados y Tribunales de Madrid, con renuncia expresa a cualquier otro foro.<\/p>\n<p>&nbsp;<\/p>\n<p>&nbsp;<\/p>\n<p>&nbsp;<\/p>\n<p>&nbsp;<\/p>\n<p>&nbsp;<\/p>\n","protected":false},"excerpt":{"rendered":"<p>CL\u00cdNICA BAVIERA PROMOCIONA: Concurso premio \u201cCU\u00c9NTANOS TU HISTORIA\u201d en ARAM\u00d3N \/ FORMIGAL 2023 BASES LEGALES Promotor CLINICA BAVIERA, S.A. (en adelante \u201cCLINICA BAVIERA\u201d), con CIF A-80240427, y con domicilio en Paseo de la Castellana 20, 28046 (Madrid), ha decidido poner en marcha la promoci\u00f3n del Concurso premio \u201cCu\u00e9ntanos tu historia\u201d en Aram\u00f3n Formigal 2023 en [&hellip;]<\/p>\n","protected":false},"author":32,"featured_media":0,"parent":0,"menu_order":0,"comment_status":"closed","ping_status":"closed","template":"","meta":{"jetpack_post_was_ever_published":false,"footnotes":""},"ppma_author":[2341],"class_list":["post-33776","page","type-page","status-publish","hentry"],"yoast_head":"<!-- This site is optimized with the Yoast SEO plugin v27.2 - https:\/\/yoast.com\/product\/yoast-seo-wordpress\/ -->\n<title>Cu\u00e9ntanos tu historia - Bases Legales del concurso - Blog de Baviera antes Cl\u00ednica Baviera<\/title>\n<meta name=\"robots\" content=\"index, follow, max-snippet:-1, max-image-preview:large, max-video-preview:-1\" \/>\n<link rel=\"canonical\" href=\"https:\/\/www.clinicabaviera.com\/blog\/cuentanos-tu-historia-bases-legales-del-concurso\/\" \/>\n<meta property=\"og:locale\" content=\"es_ES\" \/>\n<meta property=\"og:type\" content=\"article\" \/>\n<meta property=\"og:title\" content=\"Cu\u00e9ntanos tu historia - Bases Legales del concurso - Blog de Baviera antes Cl\u00ednica Baviera\" \/>\n<meta property=\"og:description\" content=\"CL\u00cdNICA BAVIERA PROMOCIONA: Concurso premio \u201cCU\u00c9NTANOS TU HISTORIA\u201d en ARAM\u00d3N \/ FORMIGAL 2023 BASES LEGALES Promotor CLINICA BAVIERA, S.A. (en adelante \u201cCLINICA BAVIERA\u201d), con CIF A-80240427, y con domicilio en Paseo de la Castellana 20, 28046 (Madrid), ha decidido poner en marcha la promoci\u00f3n del Concurso premio \u201cCu\u00e9ntanos tu historia\u201d en Aram\u00f3n Formigal 2023 en [&hellip;]\" \/>\n<meta property=\"og:url\" content=\"https:\/\/www.clinicabaviera.com\/blog\/cuentanos-tu-historia-bases-legales-del-concurso\/\" \/>\n<meta property=\"og:site_name\" content=\"Blog de Baviera antes Cl\u00ednica Baviera\" \/>\n<meta property=\"article:publisher\" content=\"https:\/\/www.facebook.com\/CLINICABAVIERA\" \/>\n<meta property=\"article:modified_time\" content=\"2023-03-23T10:20:39+00:00\" \/>\n<meta property=\"og:image\" content=\"https:\/\/cdn.clinicabaviera.com\/blog\/wp-content\/uploads\/logo_baviera-e1360326751756.jpg\" \/>\n\t<meta property=\"og:image:width\" content=\"300\" \/>\n\t<meta property=\"og:image:height\" content=\"55\" \/>\n\t<meta property=\"og:image:type\" content=\"image\/jpeg\" \/>\n<meta name=\"twitter:card\" content=\"summary_large_image\" \/>\n<meta name=\"twitter:label1\" content=\"Tiempo de lectura\" \/>\n\t<meta name=\"twitter:data1\" content=\"6 minutos\" \/>\n<!-- \/ Yoast SEO plugin. -->","yoast_head_json":{"title":"Cu\u00e9ntanos tu historia - Bases Legales del concurso - Blog de Baviera antes Cl\u00ednica Baviera","robots":{"index":"index","follow":"follow","max-snippet":"max-snippet:-1","max-image-preview":"max-image-preview:large","max-video-preview":"max-video-preview:-1"},"canonical":"https:\/\/www.clinicabaviera.com\/blog\/cuentanos-tu-historia-bases-legales-del-concurso\/","og_locale":"es_ES","og_type":"article","og_title":"Cu\u00e9ntanos tu historia - Bases Legales del concurso - Blog de Baviera antes Cl\u00ednica Baviera","og_description":"CL\u00cdNICA BAVIERA PROMOCIONA: Concurso premio \u201cCU\u00c9NTANOS TU HISTORIA\u201d en ARAM\u00d3N \/ FORMIGAL 2023 BASES LEGALES Promotor CLINICA BAVIERA, S.A. (en adelante \u201cCLINICA BAVIERA\u201d), con CIF A-80240427, y con domicilio en Paseo de la Castellana 20, 28046 (Madrid), ha decidido poner en marcha la promoci\u00f3n del Concurso premio \u201cCu\u00e9ntanos tu historia\u201d en Aram\u00f3n Formigal 2023 en [&hellip;]","og_url":"https:\/\/www.clinicabaviera.com\/blog\/cuentanos-tu-historia-bases-legales-del-concurso\/","og_site_name":"Blog de Baviera antes Cl\u00ednica Baviera","article_publisher":"https:\/\/www.facebook.com\/CLINICABAVIERA","article_modified_time":"2023-03-23T10:20:39+00:00","og_image":[{"width":300,"height":55,"url":"https:\/\/cdn.clinicabaviera.com\/blog\/wp-content\/uploads\/logo_baviera-e1360326751756.jpg","type":"image\/jpeg"}],"twitter_card":"summary_large_image","twitter_misc":{"Tiempo de lectura":"6 minutos"},"schema":{"@context":"https:\/\/schema.org","@graph":[{"@type":"WebPage","@id":"https:\/\/www.clinicabaviera.com\/blog\/cuentanos-tu-historia-bases-legales-del-concurso\/","url":"https:\/\/www.clinicabaviera.com\/blog\/cuentanos-tu-historia-bases-legales-del-concurso\/","name":"Cu\u00e9ntanos tu historia - Bases Legales del concurso - Blog de Baviera antes Cl\u00ednica Baviera","isPartOf":{"@id":"https:\/\/www.clinicabaviera.com\/blog\/#website"},"datePublished":"2023-03-06T12:18:36+00:00","dateModified":"2023-03-23T10:20:39+00:00","breadcrumb":{"@id":"https:\/\/www.clinicabaviera.com\/blog\/cuentanos-tu-historia-bases-legales-del-concurso\/#breadcrumb"},"inLanguage":"es","potentialAction":[{"@type":"ReadAction","target":["https:\/\/www.clinicabaviera.com\/blog\/cuentanos-tu-historia-bases-legales-del-concurso\/"]}]},{"@type":"BreadcrumbList","@id":"https:\/\/www.clinicabaviera.com\/blog\/cuentanos-tu-historia-bases-legales-del-concurso\/#breadcrumb","itemListElement":[{"@type":"ListItem","position":1,"name":"Inicio","item":"https:\/\/www.clinicabaviera.com\/blog\/"},{"@type":"ListItem","position":2,"name":"Cu\u00e9ntanos tu historia &#8211; Bases Legales del concurso"}]},{"@type":"WebSite","@id":"https:\/\/www.clinicabaviera.com\/blog\/#website","url":"https:\/\/www.clinicabaviera.com\/blog\/","name":"Blog de Baviera antes Cl\u00ednica Baviera","description":"Informaci\u00f3n sobre la salud visual","publisher":{"@id":"https:\/\/www.clinicabaviera.com\/blog\/#organization"},"potentialAction":[{"@type":"SearchAction","target":{"@type":"EntryPoint","urlTemplate":"https:\/\/www.clinicabaviera.com\/blog\/?s={search_term_string}"},"query-input":{"@type":"PropertyValueSpecification","valueRequired":true,"valueName":"search_term_string"}}],"inLanguage":"es"},{"@type":"Organization","@id":"https:\/\/www.clinicabaviera.com\/blog\/#organization","name":"Blog de Baviera antes Cl\u00ednica Baviera","url":"https:\/\/www.clinicabaviera.com\/blog\/","logo":{"@type":"ImageObject","inLanguage":"es","@id":"https:\/\/www.clinicabaviera.com\/blog\/#\/schema\/logo\/image\/","url":"https:\/\/cdn.clinicabaviera.com\/blog\/wp-content\/uploads\/2021\/02\/logo.png","contentUrl":"https:\/\/cdn.clinicabaviera.com\/blog\/wp-content\/uploads\/2021\/02\/logo.png","width":526,"height":164,"caption":"Blog de Baviera antes Cl\u00ednica Baviera"},"image":{"@id":"https:\/\/www.clinicabaviera.com\/blog\/#\/schema\/logo\/image\/"},"sameAs":["https:\/\/www.facebook.com\/CLINICABAVIERA"]}]}},"jetpack_shortlink":"https:\/\/wp.me\/P3aNmD-8MM","jetpack_sharing_enabled":true,"_links":{"self":[{"href":"https:\/\/www.clinicabaviera.com\/blog\/wp-json\/wp\/v2\/pages\/33776","targetHints":{"allow":["GET"]}}],"collection":[{"href":"https:\/\/www.clinicabaviera.com\/blog\/wp-json\/wp\/v2\/pages"}],"about":[{"href":"https:\/\/www.clinicabaviera.com\/blog\/wp-json\/wp\/v2\/types\/page"}],"author":[{"embeddable":true,"href":"https:\/\/www.clinicabaviera.com\/blog\/wp-json\/wp\/v2\/users\/32"}],"replies":[{"embeddable":true,"href":"https:\/\/www.clinicabaviera.com\/blog\/wp-json\/wp\/v2\/comments?post=33776"}],"version-history":[{"count":4,"href":"https:\/\/www.clinicabaviera.com\/blog\/wp-json\/wp\/v2\/pages\/33776\/revisions"}],"predecessor-version":[{"id":33845,"href":"https:\/\/www.clinicabaviera.com\/blog\/wp-json\/wp\/v2\/pages\/33776\/revisions\/33845"}],"wp:attachment":[{"href":"https:\/\/www.clinicabaviera.com\/blog\/wp-json\/wp\/v2\/media?parent=33776"}],"wp:term":[{"taxonomy":"author","embeddable":true,"href":"https:\/\/www.clinicabaviera.com\/blog\/wp-json\/wp\/v2\/ppma_author?post=33776"}],"curies":[{"name":"wp","href":"https:\/\/api.w.org\/{rel}","templated":true}]}}