{"id":34070,"date":"2023-07-03T12:54:40","date_gmt":"2023-07-03T10:54:40","guid":{"rendered":"https:\/\/www.clinicabaviera.com\/blog\/?page_id=34070"},"modified":"2023-07-05T10:20:39","modified_gmt":"2023-07-05T08:20:39","slug":"bases-de-la-promocion-copa-del-rey-de-tenis-2023","status":"publish","type":"page","link":"https:\/\/www.clinicabaviera.com\/blog\/bases-de-la-promocion-copa-del-rey-de-tenis-2023\/","title":{"rendered":"Bases de la promoci\u00f3n &#8220;Copa del Rey de Tenis 2023&#8221;"},"content":{"rendered":"<h2>Promotor<\/h2>\n<p>CLINICA BAVIERA, S.A. (en adelante \u201cCLINICA BAVIERA\u201d), con CIF A-80240427, y con domicilio en Paseo de la Castellana 20, 28046 (Madrid), ha decidido poner en marcha la promoci\u00f3n del Concurso \u201cCopa del Rey de Tenis 2023\u201d en el perfil de Facebook de Baviera (https:\/\/www.facebook.com\/CLINICABAVIERA\/).<\/p>\n<h2>Objeto de la promoci\u00f3n<\/h2>\n<p>CLINICA BAVIERA realiza una promoci\u00f3n dirigida a todas aquellas personas que participen en el concurso dirigido a los fans de la compa\u00f1\u00eda en su perfil de Facebook con el fin de conseguir la fidelizaci\u00f3n de aquellos.<\/p>\n<p>La promoci\u00f3n consiste en un concurso para ganar un pack de dos (2) abonos para acudir a la Copa del Rey de Tenis, que tendr\u00e1 lugar entre el 12 y el 14 de julio de 2023 en Huelva.<\/p>\n<p>En este concurso se premiar\u00e1 a UNA (1) persona.<\/p>\n<p>Podr\u00e1n ser participantes todas aquellas personas que sigan el perfil de Baviera en Facebook y dejen un comentario en la imagen que se va a publicar con motivo del concurso.<\/p>\n<h2>Duraci\u00f3n<\/h2>\n<p>El per\u00edodo promocional est\u00e1 fijado para el periodo de tiempo comprendido entre las 10:00 horas del mi\u00e9rcoles 5 de julio de 2023 y las 12:00 horas del lunes 10 de julio de 2023. Los ganadores se anunciar\u00e1n el lunes 10 de julio de 2023 a partir de las 12h en el perfil de Facebook de Baviera (https:\/\/www.facebook.com\/CLINICABAVIERA\/).<\/p>\n<h2>\u00c1mbito territorial<\/h2>\n<p>La participaci\u00f3n en la promoci\u00f3n ser\u00e1 de \u00e1mbito nacional, y podr\u00e1n participar en ella todas las personas mayores de 18 a\u00f1os residentes en el territorio espa\u00f1ol que sean fans en Facebook de CLINICA BAVIERA.<\/p>\n<h2>Premio<\/h2>\n<p>El ganador del concurso recibir\u00e1 un pack de dos (2) abonos para acudir a la Copa del Rey de Tenis, que tendr\u00e1 lugar entre el 12 y el 14 de julio de 2023 en Huelva.<\/p>\n<p>El precio de cada uno de los abonos es de 70\u20ac.<\/p>\n<p>El ganador tiene derecho a renunciar al premio ganado, pero no podr\u00e1, en ning\u00fan caso, canjearlo por otro distinto ni cambiarlo por su importe en met\u00e1lico.<\/p>\n<p>Los gastos en que pudieran incurrir el ganador y su acompa\u00f1ante para el disfrute del premio correr\u00e1n en exclusiva de su cuenta.<\/p>\n<p>Facebook no patrocina, ni avala, ni administra en modo alguno esta promoci\u00f3n, ni est\u00e1 asociado a ella. Cualquier pregunta, comentario o queja en relaci\u00f3n con la promoci\u00f3n deber\u00e1 remitirse a CLINICA BAVIERA no a Facebook.<\/p>\n<h2>Funcionamiento y entrega del premio<\/h2>\n<p>Los participantes deber\u00e1n:<\/p>\n<ul>\n<li>Ser seguidores del perfil de Baviera en Facebook y dejar un comentario en la imagen publicada con motivo del concurso, mencionando a la persona con la que les gustar\u00eda acudir a la Copa del Rey de Tenis y respondiendo a la pregunta que se indica.<\/li>\n<li>El ganador ser\u00e1 escogido libremente por CL\u00cdNICA BAVIERA atendiendo a los siguientes criterios:<\/li>\n<li>Cumplimiento de requisitos indicados en estas bases legales.<\/li>\n<li>Originalidad del comentario.<\/li>\n<\/ul>\n<p>La decisi\u00f3n ser\u00e1 p\u00fablica, inapelable y a total discrecionalidad de CL\u00cdNICA BAVIERA, que podr\u00e1 declarar total o parcialmente desierto el concurso.<\/p>\n<p>Adem\u00e1s, se escoger\u00e1 de la misma forma a tres (3) suplentes.<\/p>\n<p>El ganador ser\u00e1 anunciado el d\u00eda indicado a trav\u00e9s de un comentario en la imagen publicada con motivo del concurso en el perfil de Facebook de CLINICA BAVIERA. Posteriormente, y mediante un mensaje privado en Facebook,\u00a0el ganador deber\u00e1 contactar y facilitar a Baviera los datos necesarios para la entrega del premio.<\/p>\n<p>Si transcurridas 24 horas desde la comunicaci\u00f3n de su condici\u00f3n de ganador, el premiado no contacta en la forma antes dicha con CLINICA BAVIERA o rechaza el premio, \u00e9ste ser\u00e1 entregado a uno de los suplentes aplic\u00e1ndose el mismo procedimiento antes descrito para la entrega del premio.<\/p>\n<p>Quedar\u00e1 desierto el concurso si el premiado y los suplentes no contactaran con Baviera o rechazaran el premio.<\/p>\n<h2>Informaci\u00f3n sobre el tratamiento de datos personales<\/h2>\n<p>Los datos personales que suministren los participantes al participar en el concurso ser\u00e1n tratados de forma confidencial por parte de Baviera S.A. con la finalidad de dar cumplimiento y gestionar de forma adecuada su participaci\u00f3n y entrega del premio al concursante ganador.<\/p>\n<p>El nombre de usuario del premiado ser\u00e1 publicado en el perfil de Facebook de Baviera S.A. Facebook es una empresa estadounidense, puede consultar la pol\u00edtica de privacidad de Facebook a trav\u00e9s del siguiente enlace\u00a0 <a href=\"https:\/\/privacycenter.instagram.com\/policy\/?entry_point=ig_help_center_data_policy_redirect\">https:\/\/privacycenter.instagram.com\/policy\/?entry_point=ig_help_center_data_policy_redirect<\/a>.<\/p>\n<p>La base que legitima el tratamiento de los datos de los participantes, con la \u00fanica finalidad de gestionar su participaci\u00f3n en el concurso, es la ejecuci\u00f3n de un contrato en el que el participante es parte. Una vez hayan sido realizados todos los tr\u00e1mites necesarios para la finalizaci\u00f3n del concurso los datos dejar\u00e1n de ser tratados para la gesti\u00f3n del mismo, si bien los nombres de usuario de los premiados permanecer\u00e1n publicados en el perfil de Instagram de Baviera S.A. mientras que los premiados no comuniquen su oposici\u00f3n a este tratamiento.<\/p>\n<p>Ud., como participante, puede ejercer sus derechos de acceso, rectificaci\u00f3n, supresi\u00f3n, oposici\u00f3n y decisiones individuales automatizadas, portabilidad, limitaci\u00f3n del tratamiento de sus datos dirigi\u00e9ndose al Departamento de Asesor\u00eda Jur\u00eddica de Baviera, S.A., sito en Paseo de la Castellana 20, 28046, Madrid o a <a href=\"mailto:datospersonales@grupobaviera.com\">datospersonales@grupobaviera.com<\/a>, acreditando debidamente su identidad. En todo caso, Ud. tiene derecho a presentar una reclamaci\u00f3n ante el Delegado de Protecci\u00f3n de Datos (DPD) de Baviera o ante la Agencia Espa\u00f1ola de Protecci\u00f3n de Datos (AEPD) si considera infringidos sus derechos.<\/p>\n<h2>Limitaci\u00f3n de la participaci\u00f3n<\/h2>\n<p>No podr\u00e1n participar en el concurso los empleados de CLINICA BAVIERA o sus familiares de primer grado, ni cualquier empleado de las sociedades del Grupo Baviera o sus familiares de primer grado, ni tampoco cualquier otra empresa que preste servicios directos a estas compa\u00f1\u00edas o lo haya hecho en alg\u00fan momento de los tres meses anteriores a la fecha de inicio de la promoci\u00f3n.<\/p>\n<p>Asimismo tampoco podr\u00e1n participar en la promoci\u00f3n, las personas que como aut\u00f3nomos est\u00e9n trabajando para CLINICA BAVIERA, ni en cualquiera de las sociedades del Grupo Baviera.<\/p>\n<h2>Aceptaci\u00f3n<\/h2>\n<p>La participaci\u00f3n en esta promoci\u00f3n implica la aceptaci\u00f3n de las presentes bases en su integridad.<\/p>\n<p>CLINICA BAVIERA se reserva el derecho a determinar y modificar a su conveniencia la fecha, el per\u00edodo promocional, a cancelar la promoci\u00f3n y a excluir del premio a aquella persona que estime que no re\u00fane los requisitos exigidos o que haya actuado de mala fe. Asimismo, se reserva el derecho a modificar las bases de esta promoci\u00f3n durante el desarrollo de la misma o de cambiar los premios por otros de valor equivalente. Independientemente de su exclusi\u00f3n, el organizador se reserva el derecho de emprender cualquier acci\u00f3n legal que considere adecuada contra los infractores de las bases legales.<\/p>\n<h2>Ley aplicable<\/h2>\n<p>Las presentes bases se regir\u00e1n por las leyes vigentes espa\u00f1olas.<\/p>\n<p>La cl\u00ednica y los participantes en la promoci\u00f3n se someten al fuero de los Juzgados y Tribunales de Madrid, con renuncia expresa a cualquier otro foro.<\/p>\n","protected":false},"excerpt":{"rendered":"<p>Promotor CLINICA BAVIERA, S.A. (en adelante \u201cCLINICA BAVIERA\u201d), con CIF A-80240427, y con domicilio en Paseo de la Castellana 20, 28046 (Madrid), ha decidido poner en marcha la promoci\u00f3n del Concurso \u201cCopa del Rey de Tenis 2023\u201d en el perfil de Facebook de Baviera (https:\/\/www.facebook.com\/CLINICABAVIERA\/). Objeto de la promoci\u00f3n CLINICA BAVIERA realiza una promoci\u00f3n dirigida [&hellip;]<\/p>\n","protected":false},"author":30,"featured_media":0,"parent":0,"menu_order":0,"comment_status":"closed","ping_status":"closed","template":"","meta":{"jetpack_post_was_ever_published":false,"footnotes":""},"ppma_author":[2247],"class_list":["post-34070","page","type-page","status-publish","hentry"],"yoast_head":"<!-- This site is optimized with the Yoast SEO plugin v27.5 - https:\/\/yoast.com\/product\/yoast-seo-wordpress\/ -->\n<title>Bases de la promoci\u00f3n &quot;Copa del Rey de Tenis 2023&quot; - Blog de Baviera antes Cl\u00ednica Baviera<\/title>\n<meta name=\"robots\" content=\"index, follow, max-snippet:-1, max-image-preview:large, max-video-preview:-1\" \/>\n<link rel=\"canonical\" href=\"https:\/\/www.clinicabaviera.com\/blog\/bases-de-la-promocion-copa-del-rey-de-tenis-2023\/\" \/>\n<meta property=\"og:locale\" content=\"es_ES\" \/>\n<meta property=\"og:type\" content=\"article\" \/>\n<meta property=\"og:title\" content=\"Bases de la promoci\u00f3n &quot;Copa del Rey de Tenis 2023&quot; - Blog de Baviera antes Cl\u00ednica Baviera\" \/>\n<meta property=\"og:description\" content=\"Promotor CLINICA BAVIERA, S.A. (en adelante \u201cCLINICA BAVIERA\u201d), con CIF A-80240427, y con domicilio en Paseo de la Castellana 20, 28046 (Madrid), ha decidido poner en marcha la promoci\u00f3n del Concurso \u201cCopa del Rey de Tenis 2023\u201d en el perfil de Facebook de Baviera (https:\/\/www.facebook.com\/CLINICABAVIERA\/). Objeto de la promoci\u00f3n CLINICA BAVIERA realiza una promoci\u00f3n dirigida [&hellip;]\" \/>\n<meta property=\"og:url\" content=\"https:\/\/www.clinicabaviera.com\/blog\/bases-de-la-promocion-copa-del-rey-de-tenis-2023\/\" \/>\n<meta property=\"og:site_name\" content=\"Blog de Baviera antes Cl\u00ednica Baviera\" \/>\n<meta property=\"article:publisher\" content=\"https:\/\/www.facebook.com\/CLINICABAVIERA\" \/>\n<meta property=\"article:modified_time\" content=\"2023-07-05T08:20:39+00:00\" \/>\n<meta property=\"og:image\" content=\"https:\/\/cdn.clinicabaviera.com\/blog\/wp-content\/uploads\/logo_baviera-e1360326751756.jpg\" \/>\n\t<meta property=\"og:image:width\" content=\"300\" \/>\n\t<meta property=\"og:image:height\" content=\"55\" \/>\n\t<meta property=\"og:image:type\" content=\"image\/jpeg\" \/>\n<meta name=\"twitter:card\" content=\"summary_large_image\" \/>\n<meta name=\"twitter:label1\" content=\"Tiempo de lectura\" \/>\n\t<meta name=\"twitter:data1\" content=\"6 minutos\" \/>\n<!-- \/ Yoast SEO plugin. -->","yoast_head_json":{"title":"Bases de la promoci\u00f3n \"Copa del Rey de Tenis 2023\" - Blog de Baviera antes Cl\u00ednica Baviera","robots":{"index":"index","follow":"follow","max-snippet":"max-snippet:-1","max-image-preview":"max-image-preview:large","max-video-preview":"max-video-preview:-1"},"canonical":"https:\/\/www.clinicabaviera.com\/blog\/bases-de-la-promocion-copa-del-rey-de-tenis-2023\/","og_locale":"es_ES","og_type":"article","og_title":"Bases de la promoci\u00f3n \"Copa del Rey de Tenis 2023\" - Blog de Baviera antes Cl\u00ednica Baviera","og_description":"Promotor CLINICA BAVIERA, S.A. (en adelante \u201cCLINICA BAVIERA\u201d), con CIF A-80240427, y con domicilio en Paseo de la Castellana 20, 28046 (Madrid), ha decidido poner en marcha la promoci\u00f3n del Concurso \u201cCopa del Rey de Tenis 2023\u201d en el perfil de Facebook de Baviera (https:\/\/www.facebook.com\/CLINICABAVIERA\/). Objeto de la promoci\u00f3n CLINICA BAVIERA realiza una promoci\u00f3n dirigida [&hellip;]","og_url":"https:\/\/www.clinicabaviera.com\/blog\/bases-de-la-promocion-copa-del-rey-de-tenis-2023\/","og_site_name":"Blog de Baviera antes Cl\u00ednica Baviera","article_publisher":"https:\/\/www.facebook.com\/CLINICABAVIERA","article_modified_time":"2023-07-05T08:20:39+00:00","og_image":[{"width":300,"height":55,"url":"https:\/\/cdn.clinicabaviera.com\/blog\/wp-content\/uploads\/logo_baviera-e1360326751756.jpg","type":"image\/jpeg"}],"twitter_card":"summary_large_image","twitter_misc":{"Tiempo de lectura":"6 minutos"},"schema":{"@context":"https:\/\/schema.org","@graph":[{"@type":"WebPage","@id":"https:\/\/www.clinicabaviera.com\/blog\/bases-de-la-promocion-copa-del-rey-de-tenis-2023\/","url":"https:\/\/www.clinicabaviera.com\/blog\/bases-de-la-promocion-copa-del-rey-de-tenis-2023\/","name":"Bases de la promoci\u00f3n \"Copa del Rey de Tenis 2023\" - Blog de Baviera antes Cl\u00ednica Baviera","isPartOf":{"@id":"https:\/\/www.clinicabaviera.com\/blog\/#website"},"datePublished":"2023-07-03T10:54:40+00:00","dateModified":"2023-07-05T08:20:39+00:00","breadcrumb":{"@id":"https:\/\/www.clinicabaviera.com\/blog\/bases-de-la-promocion-copa-del-rey-de-tenis-2023\/#breadcrumb"},"inLanguage":"es","potentialAction":[{"@type":"ReadAction","target":["https:\/\/www.clinicabaviera.com\/blog\/bases-de-la-promocion-copa-del-rey-de-tenis-2023\/"]}]},{"@type":"BreadcrumbList","@id":"https:\/\/www.clinicabaviera.com\/blog\/bases-de-la-promocion-copa-del-rey-de-tenis-2023\/#breadcrumb","itemListElement":[{"@type":"ListItem","position":1,"name":"Inicio","item":"https:\/\/www.clinicabaviera.com\/blog\/"},{"@type":"ListItem","position":2,"name":"Bases de la promoci\u00f3n &#8220;Copa del Rey de Tenis 2023&#8221;"}]},{"@type":"WebSite","@id":"https:\/\/www.clinicabaviera.com\/blog\/#website","url":"https:\/\/www.clinicabaviera.com\/blog\/","name":"Blog de Baviera antes Cl\u00ednica Baviera","description":"Informaci\u00f3n sobre la salud visual","publisher":{"@id":"https:\/\/www.clinicabaviera.com\/blog\/#organization"},"potentialAction":[{"@type":"SearchAction","target":{"@type":"EntryPoint","urlTemplate":"https:\/\/www.clinicabaviera.com\/blog\/?s={search_term_string}"},"query-input":{"@type":"PropertyValueSpecification","valueRequired":true,"valueName":"search_term_string"}}],"inLanguage":"es"},{"@type":"Organization","@id":"https:\/\/www.clinicabaviera.com\/blog\/#organization","name":"Blog de Baviera antes Cl\u00ednica Baviera","url":"https:\/\/www.clinicabaviera.com\/blog\/","logo":{"@type":"ImageObject","inLanguage":"es","@id":"https:\/\/www.clinicabaviera.com\/blog\/#\/schema\/logo\/image\/","url":"https:\/\/cdn.clinicabaviera.com\/blog\/wp-content\/uploads\/2021\/02\/logo.png","contentUrl":"https:\/\/cdn.clinicabaviera.com\/blog\/wp-content\/uploads\/2021\/02\/logo.png","width":526,"height":164,"caption":"Blog de Baviera antes Cl\u00ednica Baviera"},"image":{"@id":"https:\/\/www.clinicabaviera.com\/blog\/#\/schema\/logo\/image\/"},"sameAs":["https:\/\/www.facebook.com\/CLINICABAVIERA"]}]}},"jetpack_shortlink":"https:\/\/wp.me\/P3aNmD-8Rw","jetpack_sharing_enabled":true,"_links":{"self":[{"href":"https:\/\/www.clinicabaviera.com\/blog\/wp-json\/wp\/v2\/pages\/34070","targetHints":{"allow":["GET"]}}],"collection":[{"href":"https:\/\/www.clinicabaviera.com\/blog\/wp-json\/wp\/v2\/pages"}],"about":[{"href":"https:\/\/www.clinicabaviera.com\/blog\/wp-json\/wp\/v2\/types\/page"}],"author":[{"embeddable":true,"href":"https:\/\/www.clinicabaviera.com\/blog\/wp-json\/wp\/v2\/users\/30"}],"replies":[{"embeddable":true,"href":"https:\/\/www.clinicabaviera.com\/blog\/wp-json\/wp\/v2\/comments?post=34070"}],"version-history":[{"count":3,"href":"https:\/\/www.clinicabaviera.com\/blog\/wp-json\/wp\/v2\/pages\/34070\/revisions"}],"predecessor-version":[{"id":34092,"href":"https:\/\/www.clinicabaviera.com\/blog\/wp-json\/wp\/v2\/pages\/34070\/revisions\/34092"}],"wp:attachment":[{"href":"https:\/\/www.clinicabaviera.com\/blog\/wp-json\/wp\/v2\/media?parent=34070"}],"wp:term":[{"taxonomy":"author","embeddable":true,"href":"https:\/\/www.clinicabaviera.com\/blog\/wp-json\/wp\/v2\/ppma_author?post=34070"}],"curies":[{"name":"wp","href":"https:\/\/api.w.org\/{rel}","templated":true}]}}