{"id":34890,"date":"2024-02-22T11:44:32","date_gmt":"2024-02-22T10:44:32","guid":{"rendered":"https:\/\/www.clinicabaviera.com\/blog\/?page_id=34890"},"modified":"2026-04-06T14:03:42","modified_gmt":"2026-04-06T13:03:42","slug":"concurso-dorsales-maraton-de-castellon-2024-2025","status":"publish","type":"page","link":"https:\/\/www.clinicabaviera.com\/blog\/concurso-dorsales-maraton-de-castellon-2024-2025\/","title":{"rendered":"Concurso dorsales \u201cMarat\u00f3n de Castell\u00f3n 2024-2025\u201d"},"content":{"rendered":"<h2>Promotor<\/h2>\n<p>CLINICA BAVIERA, S.A. (en adelante \u201cCLINICA BAVIERA\u201d), con CIF A-80240427, y con domicilio en Paseo de la Castellana 20, 28046 (Madrid), ha decidido poner en marcha la promoci\u00f3n del Concurso dorsales \u201cExpoMarat\u00f3n 2025\u201d en el perfil de Facebook de Baviera (https:\/\/www.facebook.com\/CLINICABAVIERA\/).<\/p>\n<h2>Objeto de la promoci\u00f3n<\/h2>\n<p>CLINICA BAVIERA realiza una promoci\u00f3n dirigida a todas aquellas personas que participen en el concurso dirigido a los corredores de la Marat\u00f3n de Castell\u00f3n que se pasen por el stand que CLINICA BAVIERA tendr\u00e1 en la Expomarat\u00f3n el s\u00e1bado 24 de febrero de 2024 con el fin de conseguir la fidelizaci\u00f3n de aquellos.<\/p>\n<p>La promoci\u00f3n consiste en un concurso para ganar un (1) pack de dos (2) dorsales para participar en la \u201cMarat\u00f3n de Castell\u00f3n 2025\u201d, que tendr\u00e1 lugar el 23 de febrero del a\u00f1o \u00a02025. Podr\u00e1 elegirse la participaci\u00f3n entre la Marat\u00f3n (42km) y la 10k.<\/p>\n<p>En este concurso se premiar\u00e1 a UNA (1) persona.<\/p>\n<p>Podr\u00e1n ser participantes todas aquellas personas que concursen en la din\u00e1mica que Baviera llevar\u00e1 a cabo en el stand que tendr\u00e1 en la Expomarat\u00f3n el d\u00eda 24 de febrero de 2024.<\/p>\n<h2>Duraci\u00f3n<\/h2>\n<p>El per\u00edodo promocional est\u00e1 fijado para el periodo de tiempo comprendido entre las 10:00 horas y 14:00 horas, y entre las 16:00 horas y las 20:00 horas del s\u00e1bado 24 de febrero del 2024. Transcurridas las 20h de ese mismo d\u00eda, el ganador se anunciar\u00e1 , \u00a0en el perfil de Facebook de Baviera, en un comentario de la publicaci\u00f3n realizada comunicando el concurso.<\/p>\n<h2>\u00c1mbito territorial<\/h2>\n<p>La participaci\u00f3n en la promoci\u00f3n ser\u00e1 de \u00e1mbito nacional, y podr\u00e1n participar en ella todas las personas mayores de 18 a\u00f1os residentes en el territorio espa\u00f1ol que se pasen por el stand de CLINICA BAVIERA.<\/p>\n<h2>Premio<\/h2>\n<p>El (1) ganador del concurso recibir\u00e1 un email con los datos para conseguir los dos (2) dorsales para participar en la \u201cMarat\u00f3n de Castell\u00f3n 2025\u201d, que tendr\u00e1 lugar el pr\u00f3ximo domingo 23 de febrero de 2025.<\/p>\n<p>El precio de cada uno de los dorsales es de:<\/p>\n<ol>\n<li>En el caso de escoger dorsal para la Marat\u00f3 bp Castell\u00f3: 40\u20ac*<\/li>\n<li>En el caso de escoger dorsal para la 10k FACSA Castell\u00f3: 12 \u20ac*<\/li>\n<\/ol>\n<p>(*) Estos precios no incluyen la Licencia de D\u00eda (5 \u20ac obligatoria) para los corredores que no dispongan de la licencia nacional (RFEA), licencia auton\u00f3mica valenciana de car\u00e1cter nacional (FCVA) o Carnet del Corredor Plus, en vigor.<\/p>\n<p>Los ganadores tienen derecho a renunciar al premio ganado, pero no podr\u00e1n, en ning\u00fan caso, canjearlo por otro distinto ni cambiarlo por su importe en met\u00e1lico.<\/p>\n<p>Los gastos en que pudieran incurrir el ganador y sus acompa\u00f1antes para el disfrute del premio correr\u00e1n en exclusiva de su cuenta.<\/p>\n<h2>Funcionamiento y entrega del premio<\/h2>\n<p>Los participantes deber\u00e1n:<\/p>\n<ul>\n<li>Pasar por el stand de CL\u00cdNICA BAVIERA que estar\u00e1 ubicado en [la Expomarat\u00f3n (feria del corredor), celebrada en la sala El Grau (Junto al Casino de Puerto Azahar en el Grau)] y participar en la din\u00e1mica de agudeza visual: consistir\u00e1 en descubrir 5 peligros de carrera y 5 elementos de carrera que aparecer\u00e1n en una imagen en una televisi\u00f3n dispuesta en el stand, teniendo 20 segundos para identificarlos. Adem\u00e1s, para su participaci\u00f3n deber\u00e1n facilitar sus datos identificativos y de contacto, rellenando un documento que se guardar\u00e1 en una urna hasta la comunicaci\u00f3n del ganador.<\/li>\n<li>El ganador ser\u00e1 escogido por UNA PERSONA DEL EQUIPO DE ORGANIZACI\u00d3N (CLUB D\u2019ATLETISME RUNNING CASTELL\u00d3) haciendo de \u201cmano amiga\u201d cogiendo de la urna una de las papeletas al azar, atendiendo a los siguientes criterios:<\/li>\n<li>Cumplimiento de requisitos indicados en estas bases legales.<\/li>\n<li>Habiendo dejado sus datos identificativos y de contacto.<\/li>\n<\/ul>\n<p>La decisi\u00f3n ser\u00e1 p\u00fablica, inapelable y a total discrecionalidad de CL\u00cdNICA BAVIERA, que podr\u00e1 declarar total o parcialmente desierto el concurso.<\/p>\n<p>Adem\u00e1s, se escoger\u00e1 de la misma forma a un (1) suplente.<\/p>\n<p>El ganador ser\u00e1 anunciado el d\u00eda indicado a trav\u00e9s de un comentario en la publicaci\u00f3n realizada por CLINICA BAVIERA en el perfil de Facebook comunicando el concurso en. Posteriormente, y mediante un email,\u00a0el ganador ser\u00e1 contactado por CLINICA BAVIERA para gestionar los datos necesarios para la entrega del premio.<\/p>\n<p>Si transcurridas 24 horas desde la comunicaci\u00f3n de su condici\u00f3n de ganador, el premiado no contesta a email enviado por CLINICA BAVIERA o rechazara el premio, \u00e9ste ser\u00e1 entregado al suplente aplic\u00e1ndose el mismo procedimiento antes descrito para la entrega del premio.<\/p>\n<p>Quedar\u00e1 desierto el concurso si el premiado y el suplente no contactaran con Baviera o rechazaran el premio.<\/p>\n<p>Facebook no patrocina, ni avala, ni administra en modo alguno esta promoci\u00f3n, ni est\u00e1 asociado a ella. Cualquier pregunta, comentario o queja en relaci\u00f3n con la promoci\u00f3n deber\u00e1 remitirse a CLINICA BAVIERA no a Facebook.<\/p>\n<h2>Informaci\u00f3n sobre el tratamiento de datos personales<\/h2>\n<p>Los datos personales que suministren los participantes al participar en el concurso ser\u00e1n tratados de forma confidencial por parte de Baviera S.A. con la finalidad de dar cumplimiento y gestionar de forma adecuada su participaci\u00f3n y entrega del premio al concursante ganador.<\/p>\n<p>El nombre y apellido del participante premiado ser\u00e1 publicado en el perfil de Facebook de CL\u00cdNICA BAVIERA S.A. Facebook es una empresa estadounidense, puede consultar la pol\u00edtica de privacidad de Facebook a trav\u00e9s del siguiente enlace\u00a0 <a href=\"https:\/\/www.facebook.com\/privacy\/policy\/\">https:\/\/www.facebook.com\/privacy\/policy\/<\/a><\/p>\n<p>La base que legitima el tratamiento de los datos de los participantes, con la \u00fanica finalidad de gestionar su participaci\u00f3n en el concurso, es la ejecuci\u00f3n de un contrato en el que el participante es parte. Una vez hayan sido realizados todos los tr\u00e1mites necesarios para la finalizaci\u00f3n del concurso los datos dejar\u00e1n de ser tratados para la gesti\u00f3n del mismo, si bien los nombres de usuario de los premiados permanecer\u00e1n publicados en el perfil de Facebook de Baviera S.A. mientras que los premiados no comuniquen su oposici\u00f3n a este tratamiento.<\/p>\n<p>Ud., como participante, puede ejercer sus derechos de acceso, rectificaci\u00f3n, supresi\u00f3n, oposici\u00f3n y decisiones individuales automatizadas, portabilidad, limitaci\u00f3n del tratamiento de sus datos dirigi\u00e9ndose al Departamento de Asesor\u00eda Jur\u00eddica de Baviera, S.A., sito en Paseo de la Castellana 20, 28046, Madrid o a <a href=\"mailto:datospersonales@grupobaviera.com\">datospersonales@grupobaviera.com<\/a>, acreditando debidamente su identidad. En todo caso, Ud. tiene derecho a presentar una reclamaci\u00f3n ante el Delegado de Protecci\u00f3n de Datos (DPD) de Baviera o ante la Agencia Espa\u00f1ola de Protecci\u00f3n de Datos (AEPD) si considera infringidos sus derechos.<\/p>\n<h2>Limitaci\u00f3n de la participaci\u00f3n<\/h2>\n<p>No podr\u00e1n participar en el concurso los empleados de CLINICA BAVIERA o sus familiares de primer grado, ni cualquier empleado de las sociedades del Grupo Baviera o sus familiares de primer grado, ni tampoco cualquier otra empresa que preste servicios directos a estas compa\u00f1\u00edas o lo haya hecho en alg\u00fan momento de los tres meses anteriores a la fecha de inicio de la promoci\u00f3n.<\/p>\n<p>Asimismo, tampoco podr\u00e1n participar en la promoci\u00f3n, las personas que como aut\u00f3nomos est\u00e9n trabajando para CLINICA BAVIERA, ni en cualquiera de las sociedades del Grupo Baviera.<\/p>\n<h2>Aceptaci\u00f3n<\/h2>\n<p>La participaci\u00f3n en esta promoci\u00f3n implica la aceptaci\u00f3n de las presentes bases legales en su integridad.<\/p>\n<p>CLINICA BAVIERA se reserva el derecho a determinar y modificar a su conveniencia la fecha, el per\u00edodo promocional, a cancelar la promoci\u00f3n y a excluir del premio a aquella persona que estime que no re\u00fane los requisitos exigidos o que haya actuado de mala fe. Asimismo, se reserva el derecho a modificar las bases de esta promoci\u00f3n durante el desarrollo de la misma o de cambiar los premios por otros de valor equivalente. Independientemente de su exclusi\u00f3n, el organizador se reserva el derecho de emprender cualquier acci\u00f3n legal que considere adecuada contra los infractores de las bases legales.<\/p>\n<h2>Ley aplicable<\/h2>\n<p>Las presentes bases se regir\u00e1n por las leyes vigentes espa\u00f1olas.<\/p>\n<p>La cl\u00ednica y los participantes en la promoci\u00f3n se someten al fuero de los Juzgados y Tribunales de Madrid, con renuncia expresa a cualquier otro foro.<\/p>\n","protected":false},"excerpt":{"rendered":"<p>Promotor CLINICA BAVIERA, S.A. (en adelante \u201cCLINICA BAVIERA\u201d), con CIF A-80240427, y con domicilio en Paseo de la Castellana 20, 28046 (Madrid), ha decidido poner en marcha la promoci\u00f3n del Concurso dorsales \u201cExpoMarat\u00f3n 2025\u201d en el perfil de Facebook de Baviera (https:\/\/www.facebook.com\/CLINICABAVIERA\/). Objeto de la promoci\u00f3n CLINICA BAVIERA realiza una promoci\u00f3n dirigida a todas aquellas [&hellip;]<\/p>\n","protected":false},"author":30,"featured_media":0,"parent":0,"menu_order":0,"comment_status":"closed","ping_status":"closed","template":"","meta":{"jetpack_post_was_ever_published":false,"footnotes":""},"ppma_author":[2247],"class_list":["post-34890","page","type-page","status-publish","hentry"],"yoast_head":"<!-- This site is optimized with the Yoast SEO plugin v27.2 - https:\/\/yoast.com\/product\/yoast-seo-wordpress\/ -->\n<title>Concurso dorsales \u201cMarat\u00f3n de Castell\u00f3n 2024-2025\u201d - Blog de Baviera antes Cl\u00ednica Baviera<\/title>\n<meta name=\"robots\" content=\"index, follow, max-snippet:-1, max-image-preview:large, max-video-preview:-1\" \/>\n<link rel=\"canonical\" href=\"https:\/\/www.clinicabaviera.com\/blog\/concurso-dorsales-maraton-de-castellon-2024-2025\/\" \/>\n<meta property=\"og:locale\" content=\"es_ES\" \/>\n<meta property=\"og:type\" content=\"article\" \/>\n<meta property=\"og:title\" content=\"Concurso dorsales \u201cMarat\u00f3n de Castell\u00f3n 2024-2025\u201d - Blog de Baviera antes Cl\u00ednica Baviera\" \/>\n<meta property=\"og:description\" content=\"Promotor CLINICA BAVIERA, S.A. (en adelante \u201cCLINICA BAVIERA\u201d), con CIF A-80240427, y con domicilio en Paseo de la Castellana 20, 28046 (Madrid), ha decidido poner en marcha la promoci\u00f3n del Concurso dorsales \u201cExpoMarat\u00f3n 2025\u201d en el perfil de Facebook de Baviera (https:\/\/www.facebook.com\/CLINICABAVIERA\/). Objeto de la promoci\u00f3n CLINICA BAVIERA realiza una promoci\u00f3n dirigida a todas aquellas [&hellip;]\" \/>\n<meta property=\"og:url\" content=\"https:\/\/www.clinicabaviera.com\/blog\/concurso-dorsales-maraton-de-castellon-2024-2025\/\" \/>\n<meta property=\"og:site_name\" content=\"Blog de Baviera antes Cl\u00ednica Baviera\" \/>\n<meta property=\"article:publisher\" content=\"https:\/\/www.facebook.com\/CLINICABAVIERA\" \/>\n<meta property=\"article:modified_time\" content=\"2026-04-06T13:03:42+00:00\" \/>\n<meta property=\"og:image\" content=\"https:\/\/cdn.clinicabaviera.com\/blog\/wp-content\/uploads\/logo_baviera-e1360326751756.jpg\" \/>\n\t<meta property=\"og:image:width\" content=\"300\" \/>\n\t<meta property=\"og:image:height\" content=\"55\" \/>\n\t<meta property=\"og:image:type\" content=\"image\/jpeg\" \/>\n<meta name=\"twitter:card\" content=\"summary_large_image\" \/>\n<meta name=\"twitter:label1\" content=\"Tiempo de lectura\" \/>\n\t<meta name=\"twitter:data1\" content=\"6 minutos\" \/>\n<!-- \/ Yoast SEO plugin. -->","yoast_head_json":{"title":"Concurso dorsales \u201cMarat\u00f3n de Castell\u00f3n 2024-2025\u201d - Blog de Baviera antes Cl\u00ednica Baviera","robots":{"index":"index","follow":"follow","max-snippet":"max-snippet:-1","max-image-preview":"max-image-preview:large","max-video-preview":"max-video-preview:-1"},"canonical":"https:\/\/www.clinicabaviera.com\/blog\/concurso-dorsales-maraton-de-castellon-2024-2025\/","og_locale":"es_ES","og_type":"article","og_title":"Concurso dorsales \u201cMarat\u00f3n de Castell\u00f3n 2024-2025\u201d - Blog de Baviera antes Cl\u00ednica Baviera","og_description":"Promotor CLINICA BAVIERA, S.A. (en adelante \u201cCLINICA BAVIERA\u201d), con CIF A-80240427, y con domicilio en Paseo de la Castellana 20, 28046 (Madrid), ha decidido poner en marcha la promoci\u00f3n del Concurso dorsales \u201cExpoMarat\u00f3n 2025\u201d en el perfil de Facebook de Baviera (https:\/\/www.facebook.com\/CLINICABAVIERA\/). Objeto de la promoci\u00f3n CLINICA BAVIERA realiza una promoci\u00f3n dirigida a todas aquellas [&hellip;]","og_url":"https:\/\/www.clinicabaviera.com\/blog\/concurso-dorsales-maraton-de-castellon-2024-2025\/","og_site_name":"Blog de Baviera antes Cl\u00ednica Baviera","article_publisher":"https:\/\/www.facebook.com\/CLINICABAVIERA","article_modified_time":"2026-04-06T13:03:42+00:00","og_image":[{"width":300,"height":55,"url":"https:\/\/cdn.clinicabaviera.com\/blog\/wp-content\/uploads\/logo_baviera-e1360326751756.jpg","type":"image\/jpeg"}],"twitter_card":"summary_large_image","twitter_misc":{"Tiempo de lectura":"6 minutos"},"schema":{"@context":"https:\/\/schema.org","@graph":[{"@type":"WebPage","@id":"https:\/\/www.clinicabaviera.com\/blog\/concurso-dorsales-maraton-de-castellon-2024-2025\/","url":"https:\/\/www.clinicabaviera.com\/blog\/concurso-dorsales-maraton-de-castellon-2024-2025\/","name":"Concurso dorsales \u201cMarat\u00f3n de Castell\u00f3n 2024-2025\u201d - Blog de Baviera antes Cl\u00ednica Baviera","isPartOf":{"@id":"https:\/\/www.clinicabaviera.com\/blog\/#website"},"datePublished":"2024-02-22T10:44:32+00:00","dateModified":"2026-04-06T13:03:42+00:00","breadcrumb":{"@id":"https:\/\/www.clinicabaviera.com\/blog\/concurso-dorsales-maraton-de-castellon-2024-2025\/#breadcrumb"},"inLanguage":"es","potentialAction":[{"@type":"ReadAction","target":["https:\/\/www.clinicabaviera.com\/blog\/concurso-dorsales-maraton-de-castellon-2024-2025\/"]}]},{"@type":"BreadcrumbList","@id":"https:\/\/www.clinicabaviera.com\/blog\/concurso-dorsales-maraton-de-castellon-2024-2025\/#breadcrumb","itemListElement":[{"@type":"ListItem","position":1,"name":"Inicio","item":"https:\/\/www.clinicabaviera.com\/blog\/"},{"@type":"ListItem","position":2,"name":"Concurso dorsales \u201cMarat\u00f3n de Castell\u00f3n 2024-2025\u201d"}]},{"@type":"WebSite","@id":"https:\/\/www.clinicabaviera.com\/blog\/#website","url":"https:\/\/www.clinicabaviera.com\/blog\/","name":"Blog de Baviera antes Cl\u00ednica Baviera","description":"Informaci\u00f3n sobre la salud visual","publisher":{"@id":"https:\/\/www.clinicabaviera.com\/blog\/#organization"},"potentialAction":[{"@type":"SearchAction","target":{"@type":"EntryPoint","urlTemplate":"https:\/\/www.clinicabaviera.com\/blog\/?s={search_term_string}"},"query-input":{"@type":"PropertyValueSpecification","valueRequired":true,"valueName":"search_term_string"}}],"inLanguage":"es"},{"@type":"Organization","@id":"https:\/\/www.clinicabaviera.com\/blog\/#organization","name":"Blog de Baviera antes Cl\u00ednica Baviera","url":"https:\/\/www.clinicabaviera.com\/blog\/","logo":{"@type":"ImageObject","inLanguage":"es","@id":"https:\/\/www.clinicabaviera.com\/blog\/#\/schema\/logo\/image\/","url":"https:\/\/cdn.clinicabaviera.com\/blog\/wp-content\/uploads\/2021\/02\/logo.png","contentUrl":"https:\/\/cdn.clinicabaviera.com\/blog\/wp-content\/uploads\/2021\/02\/logo.png","width":526,"height":164,"caption":"Blog de Baviera antes Cl\u00ednica Baviera"},"image":{"@id":"https:\/\/www.clinicabaviera.com\/blog\/#\/schema\/logo\/image\/"},"sameAs":["https:\/\/www.facebook.com\/CLINICABAVIERA"]}]}},"jetpack_shortlink":"https:\/\/wp.me\/P3aNmD-94K","jetpack_sharing_enabled":true,"_links":{"self":[{"href":"https:\/\/www.clinicabaviera.com\/blog\/wp-json\/wp\/v2\/pages\/34890","targetHints":{"allow":["GET"]}}],"collection":[{"href":"https:\/\/www.clinicabaviera.com\/blog\/wp-json\/wp\/v2\/pages"}],"about":[{"href":"https:\/\/www.clinicabaviera.com\/blog\/wp-json\/wp\/v2\/types\/page"}],"author":[{"embeddable":true,"href":"https:\/\/www.clinicabaviera.com\/blog\/wp-json\/wp\/v2\/users\/30"}],"replies":[{"embeddable":true,"href":"https:\/\/www.clinicabaviera.com\/blog\/wp-json\/wp\/v2\/comments?post=34890"}],"version-history":[{"count":1,"href":"https:\/\/www.clinicabaviera.com\/blog\/wp-json\/wp\/v2\/pages\/34890\/revisions"}],"predecessor-version":[{"id":34891,"href":"https:\/\/www.clinicabaviera.com\/blog\/wp-json\/wp\/v2\/pages\/34890\/revisions\/34891"}],"wp:attachment":[{"href":"https:\/\/www.clinicabaviera.com\/blog\/wp-json\/wp\/v2\/media?parent=34890"}],"wp:term":[{"taxonomy":"author","embeddable":true,"href":"https:\/\/www.clinicabaviera.com\/blog\/wp-json\/wp\/v2\/ppma_author?post=34890"}],"curies":[{"name":"wp","href":"https:\/\/api.w.org\/{rel}","templated":true}]}}