{"id":35399,"date":"2024-06-06T08:15:04","date_gmt":"2024-06-06T07:15:04","guid":{"rendered":"https:\/\/www.clinicabaviera.com\/blog\/?page_id=35399"},"modified":"2026-04-06T14:00:02","modified_gmt":"2026-04-06T13:00:02","slug":"clinica-baviera-promociona-sorteo-concierto-la-la-love-you-sevilla","status":"publish","type":"page","link":"https:\/\/www.clinicabaviera.com\/blog\/clinica-baviera-promociona-sorteo-concierto-la-la-love-you-sevilla\/","title":{"rendered":"CL\u00cdNICA BAVIERA PROMOCIONA:  Sorteo \u201cConcierto La La Love You Sevilla\u201d"},"content":{"rendered":"<p><strong>BASES LEGALES<\/strong><\/p>\n<h2>1. Promotor<\/h2>\n<p>CLINICA BAVIERA, S.A. (en adelante \u201cCLINICA BAVIERA\u201d), con CIF A-80240427, y con domicilio en Paseo de la Castellana 20, 28046 (Madrid), ha decidido poner en marcha la promoci\u00f3n del Sorteo \u201cConcierto La La Love You Sevilla\u201d en el perfil oficial de Instagram de Baviera (@clinica_baviera).<\/p>\n<h2>2. Objeto de la promoci\u00f3n<\/h2>\n<p>CLINICA BAVIERA realiza una promoci\u00f3n dirigida a los fans de su perfil en la red social Instagram con el fin de conseguir la fidelizaci\u00f3n de aquellos y premiar a tres (3) de ellos.<\/p>\n<p>La promoci\u00f3n consiste en la entrega de dos (2) entradas para asistir al concierto del grupo musical LA LA LOVE YOU, en el que se premiar\u00e1 a tres (3) participantes. \u00a0Podr\u00e1n ser participantes todas aquellas personas que sigan el perfil oficial de CL\u00cdNICA BAVIERA en Instagram y que dejen un comentario en el post que se va a publicar en el perfil oficial de Instagram de CL\u00cdNICA BAVIERA con motivo del sorteo en los t\u00e9rminos m\u00e1s adelante indicados.<\/p>\n<h2>3. Duraci\u00f3n<\/h2>\n<p>El per\u00edodo promocional est\u00e1 fijado para el periodo de tiempo comprendido entre las 10:00 horas del d\u00eda 6 de junio de 2024 y las 10:00 horas del d\u00eda 12 de junio de 2024. Los ganadores se anunciar\u00e1n el d\u00eda 12 de junio de 2024 a partir de las 12:00 horas en el perfil de Instagram de CL\u00cdNICA BAVIERA.<\/p>\n<h2>4. \u00c1mbito territorial y personal<\/h2>\n<p>La participaci\u00f3n en la promoci\u00f3n ser\u00e1 de \u00e1mbito nacional, y podr\u00e1n participar en ella todas las personas mayores de 18 a\u00f1os residentes en el territorio espa\u00f1ol que sean seguidores de CL\u00cdNICA BAVIERA en Instagram.<\/p>\n<h2>5. Premio<\/h2>\n<p>Cada uno de los tres (3) ganadores del sorteo recibir\u00e1 un pack de dos (2) entradas para asistir al concierto del grupo musical LA LA LOVE YOU que tendr\u00e1 lugar el pr\u00f3ximo s\u00e1bado 15 de junio de 2024 en la Sala Custom de Sevilla, sita en \u00a0<a href=\"https:\/\/www.google.com\/maps\/place\/data=!4m2!3m1!1s0xd12693400b90dc3:0x8ffaa6904f9a0e76?sa=X&amp;ved=2ahUKEwiZtqHyhemDAxUu1QIHHUl4CSMQ4kB6BAgOEAA\">Pol\u00edgono Industrial. Calonge, C. Metalurgia, 25, Norte, 41007 Sevilla<\/a>.<\/p>\n<p>El precio de cada entrada es de 24.44\u20ac.<\/p>\n<p>Instagram no patrocina, ni avala, ni administra en modo alguno esta promoci\u00f3n, ni est\u00e1 asociado a ella. Cualquier pregunta, comentario o queja en relaci\u00f3n con la promoci\u00f3n deber\u00e1 remitirse a CLINICA BAVIERA no a Instagram.<\/p>\n<h2>6. Funcionamiento y entrega del premio<\/h2>\n<p>Para participar en el sorteo los participantes deber\u00e1n:<\/p>\n<p><strong>PRIMERO. &#8211;<\/strong> Ser seguidores del perfil oficial de Baviera en Instagram.<\/p>\n<p><strong>SEGUNDO. &#8211;<\/strong>Contestar correctamente a la pregunta propuesta por CLINICA BAVIERA: <em>\u201c\u00bfQU\u00c9 CANCI\u00d3N DE LA LA LOVE YOU HABLA SOBRE LOS OJOS?\u201d <\/em>a trav\u00e9s de un comentario incluido en el post de CL\u00cdNICA BAVIERA.<\/p>\n<p><strong>TERCERO.<\/strong>&#8211; Mencionar a un amigo.<\/p>\n<p>Los ganadores ser\u00e1n escogidos libremente por CL\u00cdNICA BAVIERA atendiendo a los siguientes criterios:<\/p>\n<ul>\n<li>Cumplimiento de requisitos indicados en estas bases legales.<\/li>\n<\/ul>\n<p>Adem\u00e1s, se escoger\u00e1 de la misma forma a tres (30) suplentes.<\/p>\n<p>CLINICA BAVIERA har\u00e1 p\u00fablico a los tres (3) ganadores del sorteo en su perfil oficial de Instagram en la fecha 12 de junio de 2024 a partir de las 12:00h, etiquetando, en la misma publicaci\u00f3n en la cual CLINICA BAVIERA comunic\u00f3 el sorteo, los perfiles de Instagram de los tres (3) ganadores. Posteriormente, y mediante mensaje privado en Instagram,\u00a0los ganadores deber\u00e1n contactar y facilitar a CL\u00cdNICA BAVIERA los datos necesarios para la entrega del premio.<\/p>\n<p>Si transcurridas 24 horas desde la comunicaci\u00f3n de su condici\u00f3n de ganadores, alguno de los premiados no contactara en la forma antes dicha con CLINICA BAVIERA o rechazaran el premio, \u00e9ste ser\u00e1 entregado a uno de los suplentes aplic\u00e1ndose el mismo procedimiento antes descrito para la entrega del premio.<\/p>\n<p>Los ganadores tienen derecho a renunciar al premio ganado, pero no podr\u00e1n, en ning\u00fan caso, canjearlo por otro distinto ni cambiarlo por su importe en met\u00e1lico.<\/p>\n<p>Los gastos en que pudieran incurrir los ganadores y sus acompa\u00f1antes para el disfrute del premio correr\u00e1n en exclusiva de su cuenta.<\/p>\n<p>La decisi\u00f3n ser\u00e1 p\u00fablica, inapelable y a total discrecionalidad de CL\u00cdNICA BAVIERA, que podr\u00e1 declarar total o parcialmente desierto el sorteo.<\/p>\n<p>Quedar\u00e1 desierto el sorteo si los premiados y los suplentes no contactaran con CL\u00cdNICA BAVIERA o rechazaran el premio.<\/p>\n<p>Existir\u00e1 obligaci\u00f3n de practicar ingreso a cuenta del IRPF o del Impuesto sobre Sociedades, seg\u00fan proceda, por parte de CL\u00cdNICA BAVIERA, al tipo legal vigente en el momento de realizarlo, siempre que la base de retenci\u00f3n del premio sea superior a 300\u20ac. Dicha base de retenci\u00f3n es el resultado de incrementar en un 20% el coste de adquisici\u00f3n de los Premios para CL\u00cdNICA BAVIERA.<\/p>\n<h2>7. Informaci\u00f3n sobre el tratamiento de datos personales<\/h2>\n<p>Los datos personales que suministren los participantes al participar en el sorteo ser\u00e1n tratados de forma confidencial por parte de Baviera S.A. con la finalidad de dar cumplimiento y gestionar de forma adecuada su participaci\u00f3n y entrega del premio al concursante ganador.<\/p>\n<p>El nombre de usuario del premiado ser\u00e1 publicado en el perfil de Instagram de Baviera S.A. Instagram es una empresa estadounidense. Puede consultar la pol\u00edtica de privacidad de Instagram a trav\u00e9s del siguiente enlace:\u00a0 <a href=\"https:\/\/privacycenter.instagram.com\/policy\/\">https:\/\/privacycenter.instagram.com\/policy\/<\/a><\/p>\n<p>La base que legitima el tratamiento de los datos de los participantes, con la \u00fanica finalidad de gestionar su participaci\u00f3n en el sorteo, es el consentimiento del participante, manifestado con la participaci\u00f3n en\u00a0 el sorteo y, por tanto, la aceptaci\u00f3n de estas bases legales. Una vez hayan sido realizados todos los tr\u00e1mites necesarios para la finalizaci\u00f3n del sorteo, todos los datos recabados se eliminar\u00e1n, si bien los nombres de usuario de los premiados permanecer\u00e1n publicados en el perfil de Instagram de Baviera S.A. mientras que los premiados no comuniquen su oposici\u00f3n a este tratamiento.<\/p>\n<p>Ud., como participante, puede ejercer sus derechos de acceso, rectificaci\u00f3n, supresi\u00f3n, oposici\u00f3n, portabilidad, limitaci\u00f3n del tratamiento y retirada del consentimiento de sus datos dirigi\u00e9ndose al Departamento de Asesor\u00eda Jur\u00eddica de Baviera, S.A., sito en Paseo de la Castellana 20, 28046, Madrid o a <a href=\"mailto:datospersonales@grupobaviera.com\">datospersonales@grupobaviera.com<\/a>, acreditando debidamente su identidad. En todo caso, Ud. Tiene derecho tambi\u00e9n a presentar una reclamaci\u00f3n ante la Agencia Espa\u00f1ola de Protecci\u00f3n de Datos (AEPD) si considera infringidos sus derechos.<\/p>\n<h2>8. Limitaci\u00f3n de la participaci\u00f3n<\/h2>\n<p>No podr\u00e1n participar en el sorteo los empleados de CLINICA BAVIERA o sus familiares de primer grado, ni cualquier empleado de las sociedades del Grupo Baviera o sus familiares de primer grado, ni tampoco cualquier otra empresa que preste servicios directos a estas compa\u00f1\u00edas o lo haya hecho en alg\u00fan momento de los tres meses anteriores a la fecha de inicio de la promoci\u00f3n.<\/p>\n<p>Asimismo tampoco podr\u00e1n participar en la promoci\u00f3n, las personas que como aut\u00f3nomos est\u00e9n trabajando para CLINICA BAVIERA, ni en cualquiera de las sociedades del Grupo Baviera.<\/p>\n<h2>9. Aceptaci\u00f3n<\/h2>\n<p>La participaci\u00f3n en esta promoci\u00f3n implica la aceptaci\u00f3n de las presentes bases legales en su integridad.<\/p>\n<p>CLINICA BAVIERA se reserva el derecho a determinar y modificar a su conveniencia la fecha, el per\u00edodo promocional, a cancelar la promoci\u00f3n y a excluir del premio a aquella persona que estime que no re\u00fane los requisitos exigidos o que haya actuado de mala fe. Asimismo, se reserva el derecho a modificar las bases de esta promoci\u00f3n durante el desarrollo de la misma o de cambiar los premios por otros de valor equivalente. Independientemente de su exclusi\u00f3n, el organizador se reserva el derecho de emprender cualquier acci\u00f3n legal que considere adecuada contra los infractores de las bases legales.<\/p>\n<h2>10. Ley aplicable<\/h2>\n<p>Las presentes bases se regir\u00e1n por las leyes vigentes espa\u00f1olas.<\/p>\n<p>La cl\u00ednica y los participantes en la promoci\u00f3n se someten al fuero de los Juzgados y Tribunales de Madrid, con renuncia expresa a cualquier otro foro.<\/p>\n","protected":false},"excerpt":{"rendered":"<p>BASES LEGALES 1. Promotor CLINICA BAVIERA, S.A. (en adelante \u201cCLINICA BAVIERA\u201d), con CIF A-80240427, y con domicilio en Paseo de la Castellana 20, 28046 (Madrid), ha decidido poner en marcha la promoci\u00f3n del Sorteo \u201cConcierto La La Love You Sevilla\u201d en el perfil oficial de Instagram de Baviera (@clinica_baviera). 2. Objeto de la promoci\u00f3n CLINICA [&hellip;]<\/p>\n","protected":false},"author":30,"featured_media":0,"parent":0,"menu_order":0,"comment_status":"closed","ping_status":"closed","template":"","meta":{"jetpack_post_was_ever_published":false,"footnotes":""},"ppma_author":[2247],"class_list":["post-35399","page","type-page","status-publish","hentry"],"yoast_head":"<!-- This site is optimized with the Yoast SEO plugin v27.2 - https:\/\/yoast.com\/product\/yoast-seo-wordpress\/ -->\n<title>CL\u00cdNICA BAVIERA PROMOCIONA: Sorteo \u201cConcierto La La Love You Sevilla\u201d - Blog de Baviera antes Cl\u00ednica Baviera<\/title>\n<meta name=\"robots\" content=\"index, follow, max-snippet:-1, max-image-preview:large, max-video-preview:-1\" \/>\n<link rel=\"canonical\" href=\"https:\/\/www.clinicabaviera.com\/blog\/clinica-baviera-promociona-sorteo-concierto-la-la-love-you-sevilla\/\" \/>\n<meta property=\"og:locale\" content=\"es_ES\" \/>\n<meta property=\"og:type\" content=\"article\" \/>\n<meta property=\"og:title\" content=\"CL\u00cdNICA BAVIERA PROMOCIONA: Sorteo \u201cConcierto La La Love You Sevilla\u201d - Blog de Baviera antes Cl\u00ednica Baviera\" \/>\n<meta property=\"og:description\" content=\"BASES LEGALES 1. Promotor CLINICA BAVIERA, S.A. (en adelante \u201cCLINICA BAVIERA\u201d), con CIF A-80240427, y con domicilio en Paseo de la Castellana 20, 28046 (Madrid), ha decidido poner en marcha la promoci\u00f3n del Sorteo \u201cConcierto La La Love You Sevilla\u201d en el perfil oficial de Instagram de Baviera (@clinica_baviera). 2. Objeto de la promoci\u00f3n CLINICA [&hellip;]\" \/>\n<meta property=\"og:url\" content=\"https:\/\/www.clinicabaviera.com\/blog\/clinica-baviera-promociona-sorteo-concierto-la-la-love-you-sevilla\/\" \/>\n<meta property=\"og:site_name\" content=\"Blog de Baviera antes Cl\u00ednica Baviera\" \/>\n<meta property=\"article:publisher\" content=\"https:\/\/www.facebook.com\/CLINICABAVIERA\" \/>\n<meta property=\"article:modified_time\" content=\"2026-04-06T13:00:02+00:00\" \/>\n<meta property=\"og:image\" content=\"https:\/\/cdn.clinicabaviera.com\/blog\/wp-content\/uploads\/logo_baviera-e1360326751756.jpg\" \/>\n\t<meta property=\"og:image:width\" content=\"300\" \/>\n\t<meta property=\"og:image:height\" content=\"55\" \/>\n\t<meta property=\"og:image:type\" content=\"image\/jpeg\" \/>\n<meta name=\"twitter:card\" content=\"summary_large_image\" \/>\n<meta name=\"twitter:label1\" content=\"Tiempo de lectura\" \/>\n\t<meta name=\"twitter:data1\" content=\"6 minutos\" \/>\n<!-- \/ Yoast SEO plugin. -->","yoast_head_json":{"title":"CL\u00cdNICA BAVIERA PROMOCIONA: Sorteo \u201cConcierto La La Love You Sevilla\u201d - Blog de Baviera antes Cl\u00ednica Baviera","robots":{"index":"index","follow":"follow","max-snippet":"max-snippet:-1","max-image-preview":"max-image-preview:large","max-video-preview":"max-video-preview:-1"},"canonical":"https:\/\/www.clinicabaviera.com\/blog\/clinica-baviera-promociona-sorteo-concierto-la-la-love-you-sevilla\/","og_locale":"es_ES","og_type":"article","og_title":"CL\u00cdNICA BAVIERA PROMOCIONA: Sorteo \u201cConcierto La La Love You Sevilla\u201d - Blog de Baviera antes Cl\u00ednica Baviera","og_description":"BASES LEGALES 1. Promotor CLINICA BAVIERA, S.A. (en adelante \u201cCLINICA BAVIERA\u201d), con CIF A-80240427, y con domicilio en Paseo de la Castellana 20, 28046 (Madrid), ha decidido poner en marcha la promoci\u00f3n del Sorteo \u201cConcierto La La Love You Sevilla\u201d en el perfil oficial de Instagram de Baviera (@clinica_baviera). 2. Objeto de la promoci\u00f3n CLINICA [&hellip;]","og_url":"https:\/\/www.clinicabaviera.com\/blog\/clinica-baviera-promociona-sorteo-concierto-la-la-love-you-sevilla\/","og_site_name":"Blog de Baviera antes Cl\u00ednica Baviera","article_publisher":"https:\/\/www.facebook.com\/CLINICABAVIERA","article_modified_time":"2026-04-06T13:00:02+00:00","og_image":[{"width":300,"height":55,"url":"https:\/\/cdn.clinicabaviera.com\/blog\/wp-content\/uploads\/logo_baviera-e1360326751756.jpg","type":"image\/jpeg"}],"twitter_card":"summary_large_image","twitter_misc":{"Tiempo de lectura":"6 minutos"},"schema":{"@context":"https:\/\/schema.org","@graph":[{"@type":"WebPage","@id":"https:\/\/www.clinicabaviera.com\/blog\/clinica-baviera-promociona-sorteo-concierto-la-la-love-you-sevilla\/","url":"https:\/\/www.clinicabaviera.com\/blog\/clinica-baviera-promociona-sorteo-concierto-la-la-love-you-sevilla\/","name":"CL\u00cdNICA BAVIERA PROMOCIONA: Sorteo \u201cConcierto La La Love You Sevilla\u201d - Blog de Baviera antes Cl\u00ednica Baviera","isPartOf":{"@id":"https:\/\/www.clinicabaviera.com\/blog\/#website"},"datePublished":"2024-06-06T07:15:04+00:00","dateModified":"2026-04-06T13:00:02+00:00","breadcrumb":{"@id":"https:\/\/www.clinicabaviera.com\/blog\/clinica-baviera-promociona-sorteo-concierto-la-la-love-you-sevilla\/#breadcrumb"},"inLanguage":"es","potentialAction":[{"@type":"ReadAction","target":["https:\/\/www.clinicabaviera.com\/blog\/clinica-baviera-promociona-sorteo-concierto-la-la-love-you-sevilla\/"]}]},{"@type":"BreadcrumbList","@id":"https:\/\/www.clinicabaviera.com\/blog\/clinica-baviera-promociona-sorteo-concierto-la-la-love-you-sevilla\/#breadcrumb","itemListElement":[{"@type":"ListItem","position":1,"name":"Inicio","item":"https:\/\/www.clinicabaviera.com\/blog\/"},{"@type":"ListItem","position":2,"name":"CL\u00cdNICA BAVIERA PROMOCIONA: Sorteo \u201cConcierto La La Love You Sevilla\u201d"}]},{"@type":"WebSite","@id":"https:\/\/www.clinicabaviera.com\/blog\/#website","url":"https:\/\/www.clinicabaviera.com\/blog\/","name":"Blog de Baviera antes Cl\u00ednica Baviera","description":"Informaci\u00f3n sobre la salud visual","publisher":{"@id":"https:\/\/www.clinicabaviera.com\/blog\/#organization"},"potentialAction":[{"@type":"SearchAction","target":{"@type":"EntryPoint","urlTemplate":"https:\/\/www.clinicabaviera.com\/blog\/?s={search_term_string}"},"query-input":{"@type":"PropertyValueSpecification","valueRequired":true,"valueName":"search_term_string"}}],"inLanguage":"es"},{"@type":"Organization","@id":"https:\/\/www.clinicabaviera.com\/blog\/#organization","name":"Blog de Baviera antes Cl\u00ednica Baviera","url":"https:\/\/www.clinicabaviera.com\/blog\/","logo":{"@type":"ImageObject","inLanguage":"es","@id":"https:\/\/www.clinicabaviera.com\/blog\/#\/schema\/logo\/image\/","url":"https:\/\/cdn.clinicabaviera.com\/blog\/wp-content\/uploads\/2021\/02\/logo.png","contentUrl":"https:\/\/cdn.clinicabaviera.com\/blog\/wp-content\/uploads\/2021\/02\/logo.png","width":526,"height":164,"caption":"Blog de Baviera antes Cl\u00ednica Baviera"},"image":{"@id":"https:\/\/www.clinicabaviera.com\/blog\/#\/schema\/logo\/image\/"},"sameAs":["https:\/\/www.facebook.com\/CLINICABAVIERA"]}]}},"jetpack_shortlink":"https:\/\/wp.me\/P3aNmD-9cX","jetpack_sharing_enabled":true,"_links":{"self":[{"href":"https:\/\/www.clinicabaviera.com\/blog\/wp-json\/wp\/v2\/pages\/35399","targetHints":{"allow":["GET"]}}],"collection":[{"href":"https:\/\/www.clinicabaviera.com\/blog\/wp-json\/wp\/v2\/pages"}],"about":[{"href":"https:\/\/www.clinicabaviera.com\/blog\/wp-json\/wp\/v2\/types\/page"}],"author":[{"embeddable":true,"href":"https:\/\/www.clinicabaviera.com\/blog\/wp-json\/wp\/v2\/users\/30"}],"replies":[{"embeddable":true,"href":"https:\/\/www.clinicabaviera.com\/blog\/wp-json\/wp\/v2\/comments?post=35399"}],"version-history":[{"count":4,"href":"https:\/\/www.clinicabaviera.com\/blog\/wp-json\/wp\/v2\/pages\/35399\/revisions"}],"predecessor-version":[{"id":35403,"href":"https:\/\/www.clinicabaviera.com\/blog\/wp-json\/wp\/v2\/pages\/35399\/revisions\/35403"}],"wp:attachment":[{"href":"https:\/\/www.clinicabaviera.com\/blog\/wp-json\/wp\/v2\/media?parent=35399"}],"wp:term":[{"taxonomy":"author","embeddable":true,"href":"https:\/\/www.clinicabaviera.com\/blog\/wp-json\/wp\/v2\/ppma_author?post=35399"}],"curies":[{"name":"wp","href":"https:\/\/api.w.org\/{rel}","templated":true}]}}