{"id":36223,"date":"2025-04-01T13:37:33","date_gmt":"2025-04-01T12:37:33","guid":{"rendered":"https:\/\/www.clinicabaviera.com\/blog\/?page_id=36223"},"modified":"2026-04-01T10:21:38","modified_gmt":"2026-04-01T09:21:38","slug":"clinica-baviera-promociona-sorteo-forfaits-formigal-aramon","status":"publish","type":"page","link":"https:\/\/www.clinicabaviera.com\/blog\/clinica-baviera-promociona-sorteo-forfaits-formigal-aramon\/","title":{"rendered":"CL\u00cdNICA BAVIERA PROMOCIONA: Sorteo \u201cForfaits Formigal &#8211; Aram\u00f3n\u201d"},"content":{"rendered":"<h2>Promotor<\/h2>\n<p>CLINICA BAVIERA, S.A. (en adelante \u201cCLINICA BAVIERA\u201d), con CIF A-80240427, y con domicilio en Paseo de la Castellana 20, 28046 (Madrid), ha decidido poner en marcha la promoci\u00f3n del Sorteo \u201cForfaits Formigal &#8211; Aram\u00f3n\u201d en el perfil oficial de Instagram de Baviera (@clinica_baviera).<\/p>\n<h2>Objeto de la promoci\u00f3n<\/h2>\n<p>CLINICA BAVIERA realiza una promoci\u00f3n dirigida a los fans de su perfil en la red social Instagram con el fin de conseguir la fidelizaci\u00f3n de aquellos y premiar a tres (3) de ellos.<\/p>\n<p>La promoci\u00f3n consiste en la entrega de <strong>dos (2) forfaits de d\u00eda para disfrutar de la estaci\u00f3n de esqu\u00ed de FORMIGAL PANTICOSA ARAM\u00d3N<\/strong>, situada en el Valle de Tena, en el que se premiar\u00e1 a tres (3) participantes. \u00a0Podr\u00e1n ser participantes todas aquellas personas que sigan el <strong>perfil oficial de CL\u00cdNICA BAVIERA en Instagram (@clinica_baviera<\/strong>) y el <strong>perfil oficial de FORMIGAL (@formigalpanticosaaramon)<\/strong> y que dejen un comentario en el post que se va a publicar en el perfil oficial de Instagram de CL\u00cdNICA BAVIERA con motivo del sorteo en los t\u00e9rminos m\u00e1s adelante indicados.<\/p>\n<h2>Duraci\u00f3n<\/h2>\n<p>El per\u00edodo promocional est\u00e1 fijado para el periodo de tiempo comprendido entre las 20:00 <strong>horas del d\u00eda 1 de abril de 2025 y las 15:00 horas del d\u00eda 3 de abril de 2025<\/strong>. <strong>Los ganadores se anunciar\u00e1n el d\u00eda 3 de abril de 2025 a partir de las 17:00 horas<\/strong> en el perfil de Instagram de CL\u00cdNICA BAVIERA.<\/p>\n<h2>\u00c1mbito territorial y personal<\/h2>\n<p>La participaci\u00f3n en la promoci\u00f3n ser\u00e1 de \u00e1mbito nacional, y podr\u00e1n participar en ella todas las personas mayores de 18 a\u00f1os residentes en el territorio espa\u00f1ol que sean seguidores de CL\u00cdNICA BAVIERA y FORMIGAL PANTICOSA ARAM\u00d3N en Instagram.<\/p>\n<h2>Premio<\/h2>\n<p>Cada uno de los <strong>tres (3) ganadores del sorteo recibir\u00e1 un pack de dos (2) forfaits<\/strong> de d\u00eda para disfrutar de un d\u00eda de esqu\u00ed en la estaci\u00f3n de FORMIGAL del Grupo Aram\u00f3n, v\u00e1lido para la temporada 24\/25 que finaliza el pr\u00f3ximo 20 de abril de 2025.<\/p>\n<p>El precio de cada forfait es de 57,20\u20ac.<\/p>\n<p>Instagram no patrocina, ni avala, ni administra en modo alguno esta promoci\u00f3n, ni est\u00e1 asociado a ella. Cualquier pregunta, comentario o queja en relaci\u00f3n con la promoci\u00f3n deber\u00e1 remitirse a CLINICA BAVIERA no a Instagram.<\/p>\n<h2>Funcionamiento y entrega del premio<\/h2>\n<p>Para participar en el sorteo los participantes deber\u00e1n:<\/p>\n<p><strong>PRIMERO. \u2013<\/strong>\u00a0Ser seguidores del perfil oficial de Baviera en Instagram, @clinica_baviera .<\/p>\n<p><strong>SEGUNDO. \u2013<\/strong> Ser seguidores del perfil oficial de Formigal Panticosa Aramon en Instagram, @formigalpanticosaaramon .<\/p>\n<p><strong>TERCERO.<\/strong>\u2013 \u00a0Mencionar al amigo con el que compartir\u00edas el premio en el post del sorteo publicado en el perfil de Baviera en Instagram, @clinica_baviera . Se puede participar las veces deseadas, siempre y cuando se mencionen a perfiles diferentes en comentarios distintos.<\/p>\n<p>Los ganadores ser\u00e1n escogidos mediante sorteo por CL\u00cdNICA BAVIERA atendiendo a los siguientes criterios:<\/p>\n<ul>\n<li>Cumplimiento de requisitos indicados en estas bases legales.<\/li>\n<\/ul>\n<p>Adem\u00e1s, se escoger\u00e1 de la misma forma a tres (3) suplentes.<\/p>\n<p>CLINICA BAVIERA har\u00e1 p\u00fablico a los tres (3) ganadores del sorteo en su perfil oficial de Instagram en la <strong>fecha 3 de abrilde 2025 a partir de las 12:00h<\/strong>, etiquetando, en la misma publicaci\u00f3n en la cual CLINICA BAVIERA comunic\u00f3 el sorteo, los perfiles de Instagram de los tres (3) ganadores. Posteriormente, y mediante mensaje privado en Instagram,\u00a0los ganadores deber\u00e1n contactar y facilitar a CL\u00cdNICA BAVIERA los datos necesarios para la entrega del premio.<\/p>\n<p>Si transcurridas 24 horas desde la comunicaci\u00f3n de su condici\u00f3n de ganadores, alguno de los premiados no contactara en la forma antes dicha con CLINICA BAVIERA o rechazaran el premio, \u00e9ste ser\u00e1 entregado a uno de los suplentes aplic\u00e1ndose el mismo procedimiento antes descrito para la entrega del premio.<\/p>\n<p>Los ganadores tienen derecho a renunciar al premio ganado, pero no podr\u00e1n, en ning\u00fan caso, canjearlo por otro distinto ni cambiarlo por su importe en met\u00e1lico.<\/p>\n<p>Los gastos en que pudieran incurrir los ganadores y sus acompa\u00f1antes para el disfrute del premio correr\u00e1n en exclusiva de su cuenta.<\/p>\n<p>La decisi\u00f3n ser\u00e1 p\u00fablica, inapelable y a total discrecionalidad de CL\u00cdNICA BAVIERA, que podr\u00e1 declarar total o parcialmente desierto el sorteo.<\/p>\n<p>Quedar\u00e1 desierto el sorteo si los premiados y los suplentes no contactaran con CL\u00cdNICA BAVIERA o rechazaran el premio.<\/p>\n<p>Existir\u00e1 obligaci\u00f3n de practicar ingreso a cuenta del IRPF o del Impuesto sobre Sociedades, seg\u00fan proceda, por parte de CL\u00cdNICA BAVIERA, al tipo legal vigente en el momento de realizarlo, siempre que la base de retenci\u00f3n del premio sea superior a 300\u20ac. Dicha base de retenci\u00f3n es el resultado de incrementar en un 20% el coste de adquisici\u00f3n de los Premios para CL\u00cdNICA BAVIERA.<\/p>\n<h2>Informaci\u00f3n sobre el tratamiento de datos personales<\/h2>\n<p>Los datos personales que suministren los participantes al participar en el sorteo ser\u00e1n tratados de forma confidencial por parte de Baviera S.A. con la finalidad de dar cumplimiento y gestionar de forma adecuada su participaci\u00f3n y entrega del premio a los concursantes ganadores.<\/p>\n<p>El nombre de usuario del premiado ser\u00e1 publicado en el perfil de Instagram de Baviera S.A. conforme a las condiciones de uso y pol\u00edtica de privacidad de esta red social. Instagram es una empresa estadounidense. Puede consultar la pol\u00edtica de privacidad de Instagram a trav\u00e9s del siguiente enlace:\u00a0\u00a0<a href=\"https:\/\/privacycenter.instagram.com\/policy\/\">https:\/\/privacycenter.instagram.com\/policy\/<\/a><\/p>\n<p>Tambi\u00e9n permanecer\u00e1n en el perfil de Instagram de Baviera, S.A. las publicaciones que los usuarios hayan realizado para participar en el concurso, conforme a las condiciones de uso de Instagram.<\/p>\n<p>La base que legitima el tratamiento de los datos de los participantes, con la \u00fanica finalidad de gestionar su participaci\u00f3n en el sorteo, es el consentimiento del participante, manifestado con la participaci\u00f3n en\u00a0el sorteo y, por tanto, la aceptaci\u00f3n de estas bases legales. Una vez hayan sido realizados todos los tr\u00e1mites necesarios para la finalizaci\u00f3n del sorteo, todos los datos recabados se eliminar\u00e1n, si bien los nombres de usuario de los premiados \u00a0y las publicaciones realizadas para participar permanecer\u00e1n publicados en el perfil de Instagram de Baviera S.A. mientras que los participantes no comuniquen su oposici\u00f3n a este tratamiento.<\/p>\n<p>Ud., como participante, puede ejercer sus derechos de acceso, rectificaci\u00f3n, supresi\u00f3n, oposici\u00f3n, portabilidad, limitaci\u00f3n del tratamiento y retirada del consentimiento de sus datos dirigi\u00e9ndose al Departamento de Asesor\u00eda Jur\u00eddica de Baviera, S.A., sito en Paseo de la Castellana 20, 28046, Madrid o a\u00a0<a href=\"mailto:datospersonales@grupobaviera.com\">datospersonales@grupobaviera.com<\/a>, En todo caso, Ud. Tiene derecho tambi\u00e9n a presentar una reclamaci\u00f3n ante la Agencia Espa\u00f1ola de Protecci\u00f3n de Datos (AEPD) si considera infringidos sus derechos.<\/p>\n<h2>Limitaci\u00f3n de la participaci\u00f3n<\/h2>\n<p>No podr\u00e1n participar en el sorteo los empleados de CLINICA BAVIERA o sus familiares de primer grado, ni cualquier empleado de las sociedades del Grupo Baviera o sus familiares de primer grado, ni tampoco cualquier otra empresa que preste servicios directos a estas compa\u00f1\u00edas o lo haya hecho en alg\u00fan momento de los tres meses anteriores a la fecha de inicio de la promoci\u00f3n.<\/p>\n<p>Asimismo tampoco podr\u00e1n participar en la promoci\u00f3n, las personas que como aut\u00f3nomos est\u00e9n trabajando para CLINICA BAVIERA, ni en cualquiera de las sociedades del Grupo Baviera.<\/p>\n<h2>Aceptaci\u00f3n<\/h2>\n<p>La participaci\u00f3n en esta promoci\u00f3n implica la aceptaci\u00f3n de las presentes bases legales en su integridad.<\/p>\n<p>CLINICA BAVIERA se reserva el derecho a determinar y modificar a su conveniencia la fecha, el per\u00edodo promocional, a cancelar la promoci\u00f3n y a excluir del premio a aquella persona que estime que no re\u00fane los requisitos exigidos o que haya actuado de mala fe. Asimismo, se reserva el derecho a modificar las bases de esta promoci\u00f3n durante el desarrollo de la misma o de cambiar los premios por otros de valor equivalente. Independientemente dela exclusi\u00f3n de un participante, CLINICA BAVIERA \u00a0se reserva el derecho de emprender cualquier acci\u00f3n legal o extrajudicial en cualquier jurisdicci\u00f3n que considere adecuada contra aquellos infractores de las presentes bases legales.CLINICA BAVIERA no ser\u00e1 responsable de las incidencias que puedan ocurrir en el desarrollo del sorteo debido a causas de fuerza mayor o ajenas a su control.<\/p>\n<h2>Ley aplicable<\/h2>\n<p>Las presentes bases se regir\u00e1n por las leyes vigentes espa\u00f1olas.<\/p>\n<p>La cl\u00ednica y los participantes en la promoci\u00f3n se someten al fuero de los Juzgados y Tribunales de Madrid, con renuncia expresa a cualquier otro foro.<\/p>\n","protected":false},"excerpt":{"rendered":"<p>Promotor CLINICA BAVIERA, S.A. (en adelante \u201cCLINICA BAVIERA\u201d), con CIF A-80240427, y con domicilio en Paseo de la Castellana 20, 28046 (Madrid), ha decidido poner en marcha la promoci\u00f3n del Sorteo \u201cForfaits Formigal &#8211; Aram\u00f3n\u201d en el perfil oficial de Instagram de Baviera (@clinica_baviera). Objeto de la promoci\u00f3n CLINICA BAVIERA realiza una promoci\u00f3n dirigida a [&hellip;]<\/p>\n","protected":false},"author":1,"featured_media":0,"parent":0,"menu_order":0,"comment_status":"closed","ping_status":"closed","template":"","meta":{"jetpack_post_was_ever_published":false,"footnotes":""},"ppma_author":[2297],"class_list":["post-36223","page","type-page","status-publish","hentry"],"yoast_head":"<!-- This site is optimized with the Yoast SEO plugin v27.5 - https:\/\/yoast.com\/product\/yoast-seo-wordpress\/ -->\n<title>CL\u00cdNICA BAVIERA PROMOCIONA: Sorteo \u201cForfaits Formigal - Aram\u00f3n\u201d - Blog de Baviera antes Cl\u00ednica Baviera<\/title>\n<meta name=\"robots\" content=\"index, follow, max-snippet:-1, max-image-preview:large, max-video-preview:-1\" \/>\n<link rel=\"canonical\" href=\"https:\/\/www.clinicabaviera.com\/blog\/clinica-baviera-promociona-sorteo-forfaits-formigal-aramon\/\" \/>\n<meta property=\"og:locale\" content=\"es_ES\" \/>\n<meta property=\"og:type\" content=\"article\" \/>\n<meta property=\"og:title\" content=\"CL\u00cdNICA BAVIERA PROMOCIONA: Sorteo \u201cForfaits Formigal - Aram\u00f3n\u201d - Blog de Baviera antes Cl\u00ednica Baviera\" \/>\n<meta property=\"og:description\" content=\"Promotor CLINICA BAVIERA, S.A. (en adelante \u201cCLINICA BAVIERA\u201d), con CIF A-80240427, y con domicilio en Paseo de la Castellana 20, 28046 (Madrid), ha decidido poner en marcha la promoci\u00f3n del Sorteo \u201cForfaits Formigal &#8211; Aram\u00f3n\u201d en el perfil oficial de Instagram de Baviera (@clinica_baviera). Objeto de la promoci\u00f3n CLINICA BAVIERA realiza una promoci\u00f3n dirigida a [&hellip;]\" \/>\n<meta property=\"og:url\" content=\"https:\/\/www.clinicabaviera.com\/blog\/clinica-baviera-promociona-sorteo-forfaits-formigal-aramon\/\" \/>\n<meta property=\"og:site_name\" content=\"Blog de Baviera antes Cl\u00ednica Baviera\" \/>\n<meta property=\"article:publisher\" content=\"https:\/\/www.facebook.com\/CLINICABAVIERA\" \/>\n<meta property=\"article:modified_time\" content=\"2026-04-01T09:21:38+00:00\" \/>\n<meta property=\"og:image\" content=\"https:\/\/cdn.clinicabaviera.com\/blog\/wp-content\/uploads\/logo_baviera-e1360326751756.jpg\" \/>\n\t<meta property=\"og:image:width\" content=\"300\" \/>\n\t<meta property=\"og:image:height\" content=\"55\" \/>\n\t<meta property=\"og:image:type\" content=\"image\/jpeg\" \/>\n<meta name=\"twitter:card\" content=\"summary_large_image\" \/>\n<meta name=\"twitter:label1\" content=\"Tiempo de lectura\" \/>\n\t<meta name=\"twitter:data1\" content=\"7 minutos\" \/>\n<!-- \/ Yoast SEO plugin. -->","yoast_head_json":{"title":"CL\u00cdNICA BAVIERA PROMOCIONA: Sorteo \u201cForfaits Formigal - Aram\u00f3n\u201d - Blog de Baviera antes Cl\u00ednica Baviera","robots":{"index":"index","follow":"follow","max-snippet":"max-snippet:-1","max-image-preview":"max-image-preview:large","max-video-preview":"max-video-preview:-1"},"canonical":"https:\/\/www.clinicabaviera.com\/blog\/clinica-baviera-promociona-sorteo-forfaits-formigal-aramon\/","og_locale":"es_ES","og_type":"article","og_title":"CL\u00cdNICA BAVIERA PROMOCIONA: Sorteo \u201cForfaits Formigal - Aram\u00f3n\u201d - Blog de Baviera antes Cl\u00ednica Baviera","og_description":"Promotor CLINICA BAVIERA, S.A. (en adelante \u201cCLINICA BAVIERA\u201d), con CIF A-80240427, y con domicilio en Paseo de la Castellana 20, 28046 (Madrid), ha decidido poner en marcha la promoci\u00f3n del Sorteo \u201cForfaits Formigal &#8211; Aram\u00f3n\u201d en el perfil oficial de Instagram de Baviera (@clinica_baviera). Objeto de la promoci\u00f3n CLINICA BAVIERA realiza una promoci\u00f3n dirigida a [&hellip;]","og_url":"https:\/\/www.clinicabaviera.com\/blog\/clinica-baviera-promociona-sorteo-forfaits-formigal-aramon\/","og_site_name":"Blog de Baviera antes Cl\u00ednica Baviera","article_publisher":"https:\/\/www.facebook.com\/CLINICABAVIERA","article_modified_time":"2026-04-01T09:21:38+00:00","og_image":[{"width":300,"height":55,"url":"https:\/\/cdn.clinicabaviera.com\/blog\/wp-content\/uploads\/logo_baviera-e1360326751756.jpg","type":"image\/jpeg"}],"twitter_card":"summary_large_image","twitter_misc":{"Tiempo de lectura":"7 minutos"},"schema":{"@context":"https:\/\/schema.org","@graph":[{"@type":"WebPage","@id":"https:\/\/www.clinicabaviera.com\/blog\/clinica-baviera-promociona-sorteo-forfaits-formigal-aramon\/","url":"https:\/\/www.clinicabaviera.com\/blog\/clinica-baviera-promociona-sorteo-forfaits-formigal-aramon\/","name":"CL\u00cdNICA BAVIERA PROMOCIONA: Sorteo \u201cForfaits Formigal - Aram\u00f3n\u201d - Blog de Baviera antes Cl\u00ednica Baviera","isPartOf":{"@id":"https:\/\/www.clinicabaviera.com\/blog\/#website"},"datePublished":"2025-04-01T12:37:33+00:00","dateModified":"2026-04-01T09:21:38+00:00","breadcrumb":{"@id":"https:\/\/www.clinicabaviera.com\/blog\/clinica-baviera-promociona-sorteo-forfaits-formigal-aramon\/#breadcrumb"},"inLanguage":"es","potentialAction":[{"@type":"ReadAction","target":["https:\/\/www.clinicabaviera.com\/blog\/clinica-baviera-promociona-sorteo-forfaits-formigal-aramon\/"]}]},{"@type":"BreadcrumbList","@id":"https:\/\/www.clinicabaviera.com\/blog\/clinica-baviera-promociona-sorteo-forfaits-formigal-aramon\/#breadcrumb","itemListElement":[{"@type":"ListItem","position":1,"name":"Inicio","item":"https:\/\/www.clinicabaviera.com\/blog\/"},{"@type":"ListItem","position":2,"name":"CL\u00cdNICA BAVIERA PROMOCIONA: Sorteo \u201cForfaits Formigal &#8211; Aram\u00f3n\u201d"}]},{"@type":"WebSite","@id":"https:\/\/www.clinicabaviera.com\/blog\/#website","url":"https:\/\/www.clinicabaviera.com\/blog\/","name":"Blog de Baviera antes Cl\u00ednica Baviera","description":"Informaci\u00f3n sobre la salud visual","publisher":{"@id":"https:\/\/www.clinicabaviera.com\/blog\/#organization"},"potentialAction":[{"@type":"SearchAction","target":{"@type":"EntryPoint","urlTemplate":"https:\/\/www.clinicabaviera.com\/blog\/?s={search_term_string}"},"query-input":{"@type":"PropertyValueSpecification","valueRequired":true,"valueName":"search_term_string"}}],"inLanguage":"es"},{"@type":"Organization","@id":"https:\/\/www.clinicabaviera.com\/blog\/#organization","name":"Blog de Baviera antes Cl\u00ednica Baviera","url":"https:\/\/www.clinicabaviera.com\/blog\/","logo":{"@type":"ImageObject","inLanguage":"es","@id":"https:\/\/www.clinicabaviera.com\/blog\/#\/schema\/logo\/image\/","url":"https:\/\/cdn.clinicabaviera.com\/blog\/wp-content\/uploads\/2021\/02\/logo.png","contentUrl":"https:\/\/cdn.clinicabaviera.com\/blog\/wp-content\/uploads\/2021\/02\/logo.png","width":526,"height":164,"caption":"Blog de Baviera antes Cl\u00ednica Baviera"},"image":{"@id":"https:\/\/www.clinicabaviera.com\/blog\/#\/schema\/logo\/image\/"},"sameAs":["https:\/\/www.facebook.com\/CLINICABAVIERA"]}]}},"jetpack_shortlink":"https:\/\/wp.me\/P3aNmD-9qf","jetpack_sharing_enabled":true,"_links":{"self":[{"href":"https:\/\/www.clinicabaviera.com\/blog\/wp-json\/wp\/v2\/pages\/36223","targetHints":{"allow":["GET"]}}],"collection":[{"href":"https:\/\/www.clinicabaviera.com\/blog\/wp-json\/wp\/v2\/pages"}],"about":[{"href":"https:\/\/www.clinicabaviera.com\/blog\/wp-json\/wp\/v2\/types\/page"}],"author":[{"embeddable":true,"href":"https:\/\/www.clinicabaviera.com\/blog\/wp-json\/wp\/v2\/users\/1"}],"replies":[{"embeddable":true,"href":"https:\/\/www.clinicabaviera.com\/blog\/wp-json\/wp\/v2\/comments?post=36223"}],"version-history":[{"count":2,"href":"https:\/\/www.clinicabaviera.com\/blog\/wp-json\/wp\/v2\/pages\/36223\/revisions"}],"predecessor-version":[{"id":36225,"href":"https:\/\/www.clinicabaviera.com\/blog\/wp-json\/wp\/v2\/pages\/36223\/revisions\/36225"}],"wp:attachment":[{"href":"https:\/\/www.clinicabaviera.com\/blog\/wp-json\/wp\/v2\/media?parent=36223"}],"wp:term":[{"taxonomy":"author","embeddable":true,"href":"https:\/\/www.clinicabaviera.com\/blog\/wp-json\/wp\/v2\/ppma_author?post=36223"}],"curies":[{"name":"wp","href":"https:\/\/api.w.org\/{rel}","templated":true}]}}