{"id":3669,"date":"2016-04-25T16:17:12","date_gmt":"2016-04-25T15:17:12","guid":{"rendered":"https:\/\/www.clinicabaviera.com\/blog\/?page_id=3669"},"modified":"2026-04-01T10:20:22","modified_gmt":"2026-04-01T09:20:22","slug":"politica-de-cookies","status":"publish","type":"page","link":"https:\/\/www.clinicabaviera.com\/blog\/politica-de-cookies\/","title":{"rendered":"Pol\u00edtica de cookies"},"content":{"rendered":"<p><strong>1. \u00bfQu\u00e9 son las Cookies?<\/strong><\/p>\n<p>La p\u00e1gina web https:\/\/<a href=\"https:\/\/www.clinicabaviera.com\">www.clinicabaviera.com<\/a>, utiliza cookies y otros archivos de funcionalidad similar (en adelante, las \u201cCookies\u201d).<\/p>\n<p>Las Cookies son peque\u00f1os archivos de datos que se env\u00edan al ordenador del Usuario, tel\u00e9fono m\u00f3vil u otro dispositivo de acceso cuando visita una p\u00e1gina web y que permiten obtener informaci\u00f3n relativa a su navegaci\u00f3n o un c\u00f3digo que permite identificar un\u00edvocamente al usuario.<\/p>\n<p><strong>2. Tipolog\u00eda de Cookies y finalidades de uso.<\/strong><\/p>\n<p>Al navegar por este sitio web se utilizan Cookies de sesi\u00f3n y Cookies persistentes que, a su vez, pueden ser Cookies propias o de terceros.<\/p>\n<p>Las Cookies de sesi\u00f3n son cookies dise\u00f1adas para recabar y almacenar datos mientras el usuario accede a una p\u00e1gina web. Se suelen emplear para almacenar informaci\u00f3n que solo interesa conservar para la prestaci\u00f3n del servicio solicitado por el usuario en una sola ocasi\u00f3n.<\/p>\n<p>Las Cookies persistentes son un tipo de cookies en el que los datos siguen almacenados en el terminal y a los que se puede acceder y tratar durante un periodo definido por el responsable de la cookie, y que puede ir de unos minutos a varios a\u00f1os.<\/p>\n<p>A continuaci\u00f3n, se detalla en el siguiente listado las finalidades de las Cookies propias y de los terceros, utilizadas en https:\/\/<a href=\"https:\/\/www.clinicabaviera.com\">www.clinicabaviera.com<\/a> indicando cada tercero y las finalidades con las que es utilizada la informaci\u00f3n que almacenan:<\/p>\n<p>Cookies Propias: Las creadas por el responsable de la p\u00e1gina web, Baviera, S.A (en adelante, CB), con la finalidad de habilitar el aviso informativo y gestionar el consentimiento sobre la instalaci\u00f3n de cookies.<\/p>\n<p>Cookies de Terceros: Las administradas por prestadores de servicios publicitarios, de personalizaci\u00f3n y de an\u00e1lisis ajenos a CB.<\/p>\n<ul>\n<li>Criteo: El objetivo de los servicios de Criteo es encontrar a los usuarios que visitan los medios de los socios anunciantes de Criteo para enviarles correos o anuncios personalizados. Criteo usa cookies para diferenciar a los usuarios y personalizar la publicidad en funci\u00f3n de su experiencia de navegaci\u00f3n. Para obtener m\u00e1s detalles o cancelar la suscripci\u00f3n a Criteo Email, <a href=\"https:\/\/www.criteo.com\/es\/privacy\/\">consulte aqu\u00ed <\/a><\/li>\n<li>Doubleclick: Fines publicitarios. Si desea m\u00e1s informaci\u00f3n al respecto, puede visitar la siguiente URL <a href=\"https:\/\/policies.google.com\/technologies\/cookies?hl=es#types-of-cookies\">https:\/\/policies.google.com\/technologies\/types?hl=es<\/a><\/li>\n<li>Exactag: Para realizar publicidad comportamental. Si desea m\u00e1s informaci\u00f3n al respecto, puede visitar la siguiente URL <a href=\"https:\/\/www.exactag.com\/datenschutz\/\">https:\/\/www.exactag.com\/datenschutz\/<\/a><\/li>\n<li>Facebook: Personalizaci\u00f3n de la navegaci\u00f3n y seguimiento de las persona que utilizan contenidos sociales. Si desea m\u00e1s informaci\u00f3n al respecto, puede visitar la siguiente URL <a href=\"https:\/\/www.facebook.com\/policies\/cookies\/\">https:\/\/www.facebook.com\/policies\/cookies\/<\/a><\/li>\n<li>Google: Finalidades t\u00e9cnicas, de personalizaci\u00f3n, publicitarias y de an\u00e1lisis. Si desea m\u00e1s informaci\u00f3n al respecto, puede visitar la siguiente URL <a href=\"https:\/\/developers.google.com\/analytics\/devguides\/collection\/analyticsjs\/cookie-usage\">https:\/\/developers.google.com\/analytics\/devguides\/collection\/analyticsjs\/cookie-usage<\/a><\/li>\n<li>Linkedin: Fines t\u00e9cnicos de funcionalidad del servicio. Si desea m\u00e1s informaci\u00f3n al respecto, puede visitar la siguiente URL <a href=\"https:\/\/www.linkedin.com\/legal\/cookie-policy\">https:\/\/www.linkedin.com\/legal\/cookie-policy<\/a><\/li>\n<li>Mathtag: Mostrar publicidad comportamental. Si desea m\u00e1s informaci\u00f3n al respecto, puede visitar la siguiente URL https:\/\/www.mediamath.com\/privacy-policy\/<\/li>\n<li>Quantcast: An\u00e1lisis, publicidad comportamental y seguimiento de las persona que utilizan contenidos sociales. Si desea m\u00e1s informaci\u00f3n al respecto, puede visitar la siguiente URL <a href=\"https:\/\/www.quantcast.com\/privacy\/\">https:\/\/www.quantcast.com\/privacy\/<\/a><\/li>\n<li>Twitter: Fines t\u00e9cnicos, de an\u00e1lisis y seguimiento de las persona que utilizan contenidos <strong>sociales.<\/strong> Si desea m\u00e1s informaci\u00f3n al respecto, puede visitar la siguiente URL <a href=\"https:\/\/twitter.com\/es\/privacy\">https:\/\/twitter.com\/es\/privacy<\/a><\/li>\n<li>Youtube: An\u00e1lisis y personalizaci\u00f3n de los contenidos que se reproducen (volumen, sonido, idioma, etc..) Si desea m\u00e1s informaci\u00f3n al respecto, puede visitar la siguiente URL <a href=\"https:\/\/www.google.com\/policies\/privacy\/\">https:\/\/www.google.com\/policies\/privacy\/<\/a><\/li>\n<li>HubSpot: Mejorar la experiencia de navegaci\u00f3n y recoger informaci\u00f3n estad\u00edstica (https:\/\/legal.hubspot.com\/es\/privacy-policy)<\/li>\n<\/ul>\n<p><strong>3. \u00bfQu\u00e9 Cookies utilizamos?<\/strong><\/p>\n<p>Utilizamos las siguientes cookies en nuestro portal<em>:<\/em><\/p>\n<p><img loading=\"lazy\" decoding=\"async\" data-attachment-id=\"13261\" data-permalink=\"https:\/\/www.clinicabaviera.com\/blog\/politica-de-cookies\/dominio-2\/\" data-orig-file=\"https:\/\/cdn.clinicabaviera.com\/blog\/wp-content\/uploads\/2018\/05\/Dominio-2.jpg\" data-orig-size=\"2098,807\" data-comments-opened=\"1\" data-image-meta=\"{&quot;aperture&quot;:&quot;0&quot;,&quot;credit&quot;:&quot;Laura Carballedo&quot;,&quot;camera&quot;:&quot;&quot;,&quot;caption&quot;:&quot;&quot;,&quot;created_timestamp&quot;:&quot;0&quot;,&quot;copyright&quot;:&quot;&quot;,&quot;focal_length&quot;:&quot;0&quot;,&quot;iso&quot;:&quot;0&quot;,&quot;shutter_speed&quot;:&quot;0&quot;,&quot;title&quot;:&quot;&quot;,&quot;orientation&quot;:&quot;1&quot;}\" data-image-title=\"Dominio 2\" data-image-description=\"\" data-image-caption=\"\" data-medium-file=\"https:\/\/cdn.clinicabaviera.com\/blog\/wp-content\/uploads\/2018\/05\/Dominio-2-300x115.jpg\" data-large-file=\"https:\/\/cdn.clinicabaviera.com\/blog\/wp-content\/uploads\/2018\/05\/Dominio-2-840x323.jpg\" class=\"alignnone wp-image-13261\" src=\"https:\/\/cdn.clinicabaviera.com\/blog\/wp-content\/uploads\/2018\/05\/Dominio-2.jpg\" alt=\"Tabla cookies que utilizamos\" width=\"898\" height=\"345\" srcset=\"https:\/\/cdn.clinicabaviera.com\/blog\/wp-content\/uploads\/2018\/05\/Dominio-2.jpg 2098w, https:\/\/cdn.clinicabaviera.com\/blog\/wp-content\/uploads\/2018\/05\/Dominio-2-200x77.jpg 200w, https:\/\/cdn.clinicabaviera.com\/blog\/wp-content\/uploads\/2018\/05\/Dominio-2-300x115.jpg 300w, https:\/\/cdn.clinicabaviera.com\/blog\/wp-content\/uploads\/2018\/05\/Dominio-2-768x295.jpg 768w, https:\/\/cdn.clinicabaviera.com\/blog\/wp-content\/uploads\/2018\/05\/Dominio-2-840x323.jpg 840w\" sizes=\"auto, (max-width: 898px) 100vw, 898px\" \/><\/p>\n<p><strong>4. Desactivaci\u00f3n, eliminaci\u00f3n de las Cookies y revocaci\u00f3n del consentimiento \u201copt out\u201d.<\/strong><\/p>\n<p>La mayor\u00eda de navegadores web permite gestionar, en cualquier momento, las preferencias del Usuario sobre el uso de las Cookies. El Usuario puede ajustar su navegador para que rechace Cookies o elimine determinadas Cookies seg\u00fan su criterio.<\/p>\n<p>Para obtener m\u00e1s informaci\u00f3n sobre las Cookies y permitir, bloquear o eliminar las Cookies instaladas en su equipo, el Usuario puede hacerlo mediante la configuraci\u00f3n de las opciones del navegador instalado en su ordenador, siendo el funcionamiento de la siguiente manera:<\/p>\n<ul>\n<li><strong>Internet Explorer<\/strong>: Herramientas -&gt; Opciones de Internet -&gt; Privacidad -&gt; Configuraci\u00f3n.<\/li>\n<li><strong>Firefox<\/strong>: Herramientas -&gt; Opciones -&gt; Privacidad -&gt; Historial -&gt; Configuraci\u00f3n Personalizada.<\/li>\n<li><strong>Chrome<\/strong>: Configuraci\u00f3n -&gt; Mostrar opciones avanzadas -&gt; Privacidad -&gt; Configuraci\u00f3n de contenido.<\/li>\n<li><strong>Safari<\/strong>: Preferencias -&gt; Seguridad.<\/li>\n<li><strong>Opera<\/strong>: Configuraci\u00f3n -&gt; Privacidad y seguridad<\/li>\n<\/ul>\n<p>Para m\u00e1s informaci\u00f3n, puede consultar el soporte o la ayuda de su navegador o a trav\u00e9s de los siguientes enlaces: <a href=\"https:\/\/support.apple.com\/es-es\/guide\/safari\/sfri11471\/mac\">Safari<\/a>, <a href=\"https:\/\/support.google.com\/chrome\/answer\/95647?hl=es\">Chrome<\/a>, <a href=\"https:\/\/support.mozilla.org\/es\/kb\/habilitar-y-deshabilitar-cookies-sitios-web-rastrear-preferencias\">Firefox<\/a>, <a href=\"https:\/\/support.microsoft.com\/es-es\/windows\/eliminar-y-administrar-cookies-168dab11-0753-043d-7c16-ede5947fc64d\">Explorer<\/a>, <a href=\"https:\/\/help.opera.com\/en\/latest\/web-preferences\/#cookies\">Opera<\/a>.<\/p>\n<p>El usuario puede revocar su consentimiento para el uso de cookies en su navegador a trav\u00e9s de los siguientes enlaces:<\/p>\n<ul>\n<li><a href=\"https:\/\/www.mediamath.com\/privacy-policy\/\">MathTag<\/a><\/li>\n<li><a href=\"https:\/\/www.quantcast.com\/opt-out\/\">Quancast<\/a><\/li>\n<li><a href=\"https:\/\/tools.google.com\/dlpage\/gaoptout?hl=None\">Google Analytics<\/a><\/li>\n<li><a href=\"https:\/\/support.google.com\/ads\/answer\/7395996\">Doubleclick<\/a><\/li>\n<li><a href=\"https:\/\/www.exactag.com\/datenschutz\/\">Exactag<\/a><\/li>\n<li><a href=\"https:\/\/support.google.com\/ads\/answer\/7395996\">Youtube<\/a><\/li>\n<li><a href=\"https:\/\/www.linkedin.com\/signup\/cold-join?session_redirect=https%3A%2F%2Fwww%2Elinkedin%2Ecom%2Fsettings%2F&amp;trk=login_reg_redirect\">Linkedin<\/a><\/li>\n<li>Twitter: A trav\u00e9s de los ajustes de cada navegador m\u00e1s arriba indicados para la desactivaci\u00f3n o eliminaci\u00f3n de cookies (empresa adherida a Do Not Track).<\/li>\n<\/ul>\n<p>El Usuario debe tener en cuenta que algunas caracter\u00edsticas de los contenidos de la p\u00e1gina web https:\/\/<a href=\"https:\/\/www.clinicabaviera.com\/\">www.clinicabaviera.com<\/a> solo est\u00e1n disponibles si se permite la instalaci\u00f3n de Cookies en su navegador. Si decide no aceptar o bloquear determinadas Cookies (en funci\u00f3n de su finalidad), puede que esto afecte, total o parcialmente, al funcionamiento normal de la p\u00e1gina web o que impida el acceso a algunos servicios de la misma.<\/p>\n<p><strong>5. Actualizaciones y cambios en la Pol\u00edtica de Cookies.<\/strong><\/p>\n<p>CB puede modificar esta Pol\u00edtica de Cookies en funci\u00f3n de nuevas exigencias legislativas, reglamentarias, o con la finalidad de adaptar dicha pol\u00edtica a las instrucciones dictadas por la Agencia Espa\u00f1ola de Protecci\u00f3n de Datos.<\/p>\n<p>Cuando se produzcan cambios significativos en esta Pol\u00edtica de Cookies se comunicar\u00e1 al usuario mediante un aviso informativo en la p\u00e1gina web de CB.<\/p>\n<p>Si desea m\u00e1s informaci\u00f3n sobre qu\u00e9 uso hacemos de las Cookies, puede enviarnos un e-mail a <a href=\"mailto:info@clinicabaviera.com\">info@clinicabaviera.com<\/a>.<\/p>\n","protected":false},"excerpt":{"rendered":"<p>1. \u00bfQu\u00e9 son las Cookies? La p\u00e1gina web https:\/\/www.clinicabaviera.com, utiliza cookies y otros archivos de funcionalidad similar (en adelante, las \u201cCookies\u201d). Las Cookies son peque\u00f1os archivos de datos que se env\u00edan al ordenador del Usuario, tel\u00e9fono m\u00f3vil u otro dispositivo de acceso cuando visita una p\u00e1gina web y que permiten obtener informaci\u00f3n relativa a su [&hellip;]<\/p>\n","protected":false},"author":1,"featured_media":0,"parent":0,"menu_order":0,"comment_status":"closed","ping_status":"closed","template":"","meta":{"jetpack_post_was_ever_published":false,"footnotes":""},"ppma_author":[2297],"class_list":["post-3669","page","type-page","status-publish","hentry"],"yoast_head":"<!-- This site is optimized with the Yoast SEO plugin v27.2 - https:\/\/yoast.com\/product\/yoast-seo-wordpress\/ -->\n<title>Pol\u00edtica de cookies - Blog de Baviera antes Cl\u00ednica Baviera<\/title>\n<meta name=\"robots\" content=\"index, follow, max-snippet:-1, max-image-preview:large, max-video-preview:-1\" \/>\n<link rel=\"canonical\" href=\"https:\/\/www.clinicabaviera.com\/blog\/politica-de-cookies\/\" \/>\n<meta property=\"og:locale\" content=\"es_ES\" \/>\n<meta property=\"og:type\" content=\"article\" \/>\n<meta property=\"og:title\" content=\"Pol\u00edtica de cookies - Blog de Baviera antes Cl\u00ednica Baviera\" \/>\n<meta property=\"og:description\" content=\"1. \u00bfQu\u00e9 son las Cookies? La p\u00e1gina web https:\/\/www.clinicabaviera.com, utiliza cookies y otros archivos de funcionalidad similar (en adelante, las \u201cCookies\u201d). Las Cookies son peque\u00f1os archivos de datos que se env\u00edan al ordenador del Usuario, tel\u00e9fono m\u00f3vil u otro dispositivo de acceso cuando visita una p\u00e1gina web y que permiten obtener informaci\u00f3n relativa a su [&hellip;]\" \/>\n<meta property=\"og:url\" content=\"https:\/\/www.clinicabaviera.com\/blog\/politica-de-cookies\/\" \/>\n<meta property=\"og:site_name\" content=\"Blog de Baviera antes Cl\u00ednica Baviera\" \/>\n<meta property=\"article:publisher\" content=\"https:\/\/www.facebook.com\/CLINICABAVIERA\" \/>\n<meta property=\"article:modified_time\" content=\"2026-04-01T09:20:22+00:00\" \/>\n<meta property=\"og:image\" content=\"https:\/\/cdn.clinicabaviera.com\/blog\/wp-content\/uploads\/2018\/05\/Dominio-2.jpg\" \/>\n\t<meta property=\"og:image:width\" content=\"2098\" \/>\n\t<meta property=\"og:image:height\" content=\"807\" \/>\n\t<meta property=\"og:image:type\" content=\"image\/jpeg\" \/>\n<meta name=\"twitter:card\" content=\"summary_large_image\" \/>\n<meta name=\"twitter:label1\" content=\"Tiempo de lectura\" \/>\n\t<meta name=\"twitter:data1\" content=\"5 minutos\" \/>\n<!-- \/ Yoast SEO plugin. -->","yoast_head_json":{"title":"Pol\u00edtica de cookies - Blog de Baviera antes Cl\u00ednica Baviera","robots":{"index":"index","follow":"follow","max-snippet":"max-snippet:-1","max-image-preview":"max-image-preview:large","max-video-preview":"max-video-preview:-1"},"canonical":"https:\/\/www.clinicabaviera.com\/blog\/politica-de-cookies\/","og_locale":"es_ES","og_type":"article","og_title":"Pol\u00edtica de cookies - Blog de Baviera antes Cl\u00ednica Baviera","og_description":"1. \u00bfQu\u00e9 son las Cookies? La p\u00e1gina web https:\/\/www.clinicabaviera.com, utiliza cookies y otros archivos de funcionalidad similar (en adelante, las \u201cCookies\u201d). Las Cookies son peque\u00f1os archivos de datos que se env\u00edan al ordenador del Usuario, tel\u00e9fono m\u00f3vil u otro dispositivo de acceso cuando visita una p\u00e1gina web y que permiten obtener informaci\u00f3n relativa a su [&hellip;]","og_url":"https:\/\/www.clinicabaviera.com\/blog\/politica-de-cookies\/","og_site_name":"Blog de Baviera antes Cl\u00ednica Baviera","article_publisher":"https:\/\/www.facebook.com\/CLINICABAVIERA","article_modified_time":"2026-04-01T09:20:22+00:00","og_image":[{"width":2098,"height":807,"url":"https:\/\/cdn.clinicabaviera.com\/blog\/wp-content\/uploads\/2018\/05\/Dominio-2.jpg","type":"image\/jpeg"}],"twitter_card":"summary_large_image","twitter_misc":{"Tiempo de lectura":"5 minutos"},"schema":{"@context":"https:\/\/schema.org","@graph":[{"@type":"WebPage","@id":"https:\/\/www.clinicabaviera.com\/blog\/politica-de-cookies\/","url":"https:\/\/www.clinicabaviera.com\/blog\/politica-de-cookies\/","name":"Pol\u00edtica de cookies - Blog de Baviera antes Cl\u00ednica Baviera","isPartOf":{"@id":"https:\/\/www.clinicabaviera.com\/blog\/#website"},"primaryImageOfPage":{"@id":"https:\/\/www.clinicabaviera.com\/blog\/politica-de-cookies\/#primaryimage"},"image":{"@id":"https:\/\/www.clinicabaviera.com\/blog\/politica-de-cookies\/#primaryimage"},"thumbnailUrl":"https:\/\/cdn.clinicabaviera.com\/blog\/wp-content\/uploads\/2018\/05\/Dominio-2.jpg","datePublished":"2016-04-25T15:17:12+00:00","dateModified":"2026-04-01T09:20:22+00:00","breadcrumb":{"@id":"https:\/\/www.clinicabaviera.com\/blog\/politica-de-cookies\/#breadcrumb"},"inLanguage":"es","potentialAction":[{"@type":"ReadAction","target":["https:\/\/www.clinicabaviera.com\/blog\/politica-de-cookies\/"]}]},{"@type":"ImageObject","inLanguage":"es","@id":"https:\/\/www.clinicabaviera.com\/blog\/politica-de-cookies\/#primaryimage","url":"https:\/\/cdn.clinicabaviera.com\/blog\/wp-content\/uploads\/2018\/05\/Dominio-2.jpg","contentUrl":"https:\/\/cdn.clinicabaviera.com\/blog\/wp-content\/uploads\/2018\/05\/Dominio-2.jpg","width":2098,"height":807,"caption":"Tabla pol\u00edtica cookies"},{"@type":"BreadcrumbList","@id":"https:\/\/www.clinicabaviera.com\/blog\/politica-de-cookies\/#breadcrumb","itemListElement":[{"@type":"ListItem","position":1,"name":"Inicio","item":"https:\/\/www.clinicabaviera.com\/blog\/"},{"@type":"ListItem","position":2,"name":"Pol\u00edtica de cookies"}]},{"@type":"WebSite","@id":"https:\/\/www.clinicabaviera.com\/blog\/#website","url":"https:\/\/www.clinicabaviera.com\/blog\/","name":"Blog de Baviera antes Cl\u00ednica Baviera","description":"Informaci\u00f3n sobre la salud visual","publisher":{"@id":"https:\/\/www.clinicabaviera.com\/blog\/#organization"},"potentialAction":[{"@type":"SearchAction","target":{"@type":"EntryPoint","urlTemplate":"https:\/\/www.clinicabaviera.com\/blog\/?s={search_term_string}"},"query-input":{"@type":"PropertyValueSpecification","valueRequired":true,"valueName":"search_term_string"}}],"inLanguage":"es"},{"@type":"Organization","@id":"https:\/\/www.clinicabaviera.com\/blog\/#organization","name":"Blog de Baviera antes Cl\u00ednica Baviera","url":"https:\/\/www.clinicabaviera.com\/blog\/","logo":{"@type":"ImageObject","inLanguage":"es","@id":"https:\/\/www.clinicabaviera.com\/blog\/#\/schema\/logo\/image\/","url":"https:\/\/cdn.clinicabaviera.com\/blog\/wp-content\/uploads\/2021\/02\/logo.png","contentUrl":"https:\/\/cdn.clinicabaviera.com\/blog\/wp-content\/uploads\/2021\/02\/logo.png","width":526,"height":164,"caption":"Blog de Baviera antes Cl\u00ednica Baviera"},"image":{"@id":"https:\/\/www.clinicabaviera.com\/blog\/#\/schema\/logo\/image\/"},"sameAs":["https:\/\/www.facebook.com\/CLINICABAVIERA"]}]}},"jetpack_shortlink":"https:\/\/wp.me\/P3aNmD-Xb","jetpack_sharing_enabled":true,"_links":{"self":[{"href":"https:\/\/www.clinicabaviera.com\/blog\/wp-json\/wp\/v2\/pages\/3669","targetHints":{"allow":["GET"]}}],"collection":[{"href":"https:\/\/www.clinicabaviera.com\/blog\/wp-json\/wp\/v2\/pages"}],"about":[{"href":"https:\/\/www.clinicabaviera.com\/blog\/wp-json\/wp\/v2\/types\/page"}],"author":[{"embeddable":true,"href":"https:\/\/www.clinicabaviera.com\/blog\/wp-json\/wp\/v2\/users\/1"}],"replies":[{"embeddable":true,"href":"https:\/\/www.clinicabaviera.com\/blog\/wp-json\/wp\/v2\/comments?post=3669"}],"version-history":[{"count":18,"href":"https:\/\/www.clinicabaviera.com\/blog\/wp-json\/wp\/v2\/pages\/3669\/revisions"}],"predecessor-version":[{"id":34526,"href":"https:\/\/www.clinicabaviera.com\/blog\/wp-json\/wp\/v2\/pages\/3669\/revisions\/34526"}],"wp:attachment":[{"href":"https:\/\/www.clinicabaviera.com\/blog\/wp-json\/wp\/v2\/media?parent=3669"}],"wp:term":[{"taxonomy":"author","embeddable":true,"href":"https:\/\/www.clinicabaviera.com\/blog\/wp-json\/wp\/v2\/ppma_author?post=3669"}],"curies":[{"name":"wp","href":"https:\/\/api.w.org\/{rel}","templated":true}]}}